{"id":236,"date":"2023-10-24T18:07:13","date_gmt":"2023-10-24T16:07:13","guid":{"rendered":"http:\/\/aatv-renovation.fr\/?page_id=236"},"modified":"2023-11-03T16:35:17","modified_gmt":"2023-11-03T15:35:17","slug":"peinture-decoration","status":"publish","type":"page","link":"http:\/\/aatv-renovation.fr\/index.php\/travaux-interieurs\/peinture-decoration\/","title":{"rendered":"Peinture et D\u00e9coration"},"content":{"rendered":"\n<hr class=\"wp-block-separator has-text-color has-custom-color-1-color has-alpha-channel-opacity has-custom-color-1-background-color has-background\"\/>\n\n\n\n<h2 class=\"wp-block-heading\">Une \u00e9quipe d\u00e9di\u00e9e \u00e0 vos peintures et d\u00e9corations \u00e0 Lyon<\/h2>\n\n\n\n<div class=\"wp-block-buttons is-layout-flex wp-block-buttons-is-layout-flex\">\n<div class=\"wp-block-button has-custom-transform\" style=\"text-transform:uppercase\"><a class=\"wp-block-button__link has-custom-color-3-color has-custom-color-1-background-color has-text-color has-background wp-element-button\" href=\"http:\/\/aatv-renovation.fr\/index.php\/travaux-interieurs\/demolition-debarrassage\/\">prestation de d\u00e9molission \/ d\u00e9barassage<\/a><\/div>\n<\/div>\n\n\n\n<figure class=\"wp-block-image aligncenter size-full\"><img loading=\"lazy\" decoding=\"async\" width=\"153\" height=\"50\" src=\"http:\/\/aatv-renovation.fr\/wp-content\/uploads\/2023\/10\/icon-group.png\" alt=\"\" class=\"wp-image-220\" srcset=\"http:\/\/aatv-renovation.fr\/wp-content\/uploads\/2023\/10\/icon-group.png 153w, http:\/\/aatv-renovation.fr\/wp-content\/uploads\/2023\/10\/icon-group-150x50.png 150w\" sizes=\"auto, (max-width: 153px) 100vw, 153px\" \/><\/figure>\n\n\n\n<p><a href=\"http:\/\/aatv-renovation.fr\/index.php\/l-entreprise\/\">Notre \u00e9quipe d\u2019experts<\/a>\u00a0est form\u00e9e aux arts de\u00a0<strong>la peinture et de la d\u00e9coration.<\/strong>\u00a0Effectivement, nous avons d\u00e9but\u00e9 notre activit\u00e9 par la prestation de services pour repeindre les int\u00e9rieurs de nos clients. <br>Au fil des ans, nous avons constat\u00e9 que de nombreux clients n\u00e9cessitaient \u00e9galement d\u2019autres am\u00e9nagements compl\u00e9mentaires, et nous nous sommes ainsi peu \u00e0 peu form\u00e9s et sp\u00e9cialis\u00e9s dans d\u2019autres domaines de comp\u00e9tences. <br>La peinture et la d\u00e9coration sont des sujets que nous ma\u00eetrisons bien, aussi, nous vous invitons \u00e0 d\u00e9couvrir ces prestations plus en d\u00e9tail. Si vous avez la moindre question sur ce qu\u2019il est possible de faire chez vous, prenez rapidement contact avec notre service client. Vous pourrez ainsi mieux \u00e9changer sur votre projet, et profiter de notre\u00a0<strong>devis gratuit<\/strong>, pour toute tapisserie murale, pose de papier peint, peinture mur\/plafond, ou autre d\u00e9coration murale.<\/p>\n\n\n\n<div class=\"wp-block-media-text is-stacked-on-mobile is-vertically-aligned-center is-style-default\"><figure class=\"wp-block-media-text__media\"><img loading=\"lazy\" decoding=\"async\" width=\"768\" height=\"1024\" src=\"http:\/\/aatv-renovation.fr\/wp-content\/uploads\/2023\/10\/IMG_25140b8f-768x1024.jpg\" alt=\"\" class=\"wp-image-237 size-full\" srcset=\"http:\/\/aatv-renovation.fr\/wp-content\/uploads\/2023\/10\/IMG_25140b8f-768x1024.jpg 768w, http:\/\/aatv-renovation.fr\/wp-content\/uploads\/2023\/10\/IMG_25140b8f-225x300.jpg 225w, http:\/\/aatv-renovation.fr\/wp-content\/uploads\/2023\/10\/IMG_25140b8f-1152x1536.jpg 1152w, http:\/\/aatv-renovation.fr\/wp-content\/uploads\/2023\/10\/IMG_25140b8f-1536x2048.jpg 1536w, http:\/\/aatv-renovation.fr\/wp-content\/uploads\/2023\/10\/IMG_25140b8f-574x765.jpg 574w, http:\/\/aatv-renovation.fr\/wp-content\/uploads\/2023\/10\/IMG_25140b8f-scaled.jpg 1920w\" sizes=\"auto, (max-width: 768px) 100vw, 768px\" \/><\/figure><div class=\"wp-block-media-text__content\">\n<h4 class=\"wp-block-heading\">Rafra\u00eechissez votre int\u00e9rieur, en lui offrant une nouvelle peinture<\/h4>\n\n\n\n<p>La peinture vous permet d\u2019ajouter la touche finale \u00e0 votre r\u00e9novation. Permettant \u00e9galement de rafra\u00eechir vos int\u00e9rieurs, en blanc, afin d\u2019agrandir l\u2019espace, ou sur d\u2019autres tons, pour votre\u00a0<a href=\"http:\/\/aatv-renovation.fr\/index.php\/projets-de-renovation\/cuisine\/\">cuisine<\/a>, salle de bains, salle \u00e0 manger ou chambre. Il existe de nombreuses sortes de peinture adapt\u00e9 par exemple, \u00e0 l\u2019humidit\u00e9 de votre salle de bain, ou \u00e0 diff\u00e9rentes surfaces comme\u00a0<strong>le carrelage ou la fa\u00efence.<\/strong>\u00a0Contactez notre service client afin de nous poser toutes vos questions et \u00e9tablir un devis gratuit et rapide.<\/p>\n\n\n\n<figure class=\"wp-block-image alignright size-full\"><img loading=\"lazy\" decoding=\"async\" width=\"50\" height=\"50\" src=\"http:\/\/aatv-renovation.fr\/wp-content\/uploads\/2023\/10\/icon-1-50x50-2.png\" alt=\"\" class=\"wp-image-165\"\/><\/figure>\n<\/div><\/div>\n\n\n\n<div style=\"height:39px\" aria-hidden=\"true\" class=\"wp-block-spacer\"><\/div>\n\n\n\n<div class=\"wp-block-media-text has-media-on-the-right is-stacked-on-mobile is-vertically-aligned-center is-style-default\"><div class=\"wp-block-media-text__content\">\n<h4 class=\"wp-block-heading\">Am\u00e9nagez vos espaces avec de nouvelles d\u00e9corations<\/h4>\n\n\n\n<p>Am\u00e9nager une pi\u00e8ce \u00e0 vivre n\u2019est pas chose ais\u00e9e. Contraintes d\u2019espace ou de technicit\u00e9. La d\u00e9coration permet cependant de personnaliser vos int\u00e9rieurs en les transformant en des espaces \u00e0 votre image : chaleureux, confortables et pratiques. Les d\u00e9corations et effets muraux, agencements de meubles, ou autre r\u00e9novation de plafond avec de nouveaux luminaires, permettent de changer totalement la perspective que vous pouvez avoir dans votre espace. Nous savons qu\u2019il est parfois difficile d\u2019imaginer et concevoir ces d\u00e9corations et modifications, c\u2019est pourquoi nous vous proposons l\u2019aide de nos artisans qualifi\u00e9s afin de raviver votre appartement&nbsp;!<\/p>\n\n\n\n<figure class=\"wp-block-image alignright size-full\"><img loading=\"lazy\" decoding=\"async\" width=\"50\" height=\"50\" src=\"http:\/\/aatv-renovation.fr\/wp-content\/uploads\/2023\/09\/icon-3-50x50-1.png\" alt=\"\" class=\"wp-image-114\"\/><\/figure>\n<\/div><figure class=\"wp-block-media-text__media\"><img loading=\"lazy\" decoding=\"async\" width=\"768\" height=\"1024\" src=\"http:\/\/aatv-renovation.fr\/wp-content\/uploads\/2023\/10\/IMG_251684b4-768x1024.jpg\" alt=\"\" class=\"wp-image-238 size-full\" srcset=\"http:\/\/aatv-renovation.fr\/wp-content\/uploads\/2023\/10\/IMG_251684b4-768x1024.jpg 768w, http:\/\/aatv-renovation.fr\/wp-content\/uploads\/2023\/10\/IMG_251684b4-225x300.jpg 225w, http:\/\/aatv-renovation.fr\/wp-content\/uploads\/2023\/10\/IMG_251684b4-1152x1536.jpg 1152w, http:\/\/aatv-renovation.fr\/wp-content\/uploads\/2023\/10\/IMG_251684b4-1536x2048.jpg 1536w, http:\/\/aatv-renovation.fr\/wp-content\/uploads\/2023\/10\/IMG_251684b4-574x765.jpg 574w, http:\/\/aatv-renovation.fr\/wp-content\/uploads\/2023\/10\/IMG_251684b4-scaled.jpg 1920w\" sizes=\"auto, (max-width: 768px) 100vw, 768px\" \/><\/figure><\/div>\n\n\n\n<div style=\"height:39px\" aria-hidden=\"true\" class=\"wp-block-spacer\"><\/div>\n\n\n\n<div class=\"wp-block-group has-background is-layout-constrained wp-block-group-is-layout-constrained\" style=\"background-color:#e8f5f9\">\n<figure class=\"wp-block-image aligncenter size-full\"><img loading=\"lazy\" decoding=\"async\" width=\"168\" height=\"80\" src=\"http:\/\/aatv-renovation.fr\/wp-content\/uploads\/2023\/09\/contact-icon.png\" alt=\"\" class=\"wp-image-115\"\/><\/figure>\n\n\n\n<p class=\"has-text-align-center\">Contactez vite notre \u00e9quipe pour la pose de vos peintures et d\u00e9corations int\u00e9rieures.<\/p>\n\n\n\n<div class=\"wp-block-buttons is-content-justification-center is-layout-flex wp-container-core-buttons-is-layout-a89b3969 wp-block-buttons-is-layout-flex\">\n<div class=\"wp-block-button has-custom-transform\" style=\"text-transform:uppercase\"><a class=\"wp-block-button__link has-custom-color-3-color has-custom-color-1-background-color has-text-color has-background wp-element-button\" href=\"https:\/\/www.pagesjaunes.fr\/pros\/52085801\">contactez-nous<\/a><\/div>\n<\/div>\n<\/div>\n","protected":false},"excerpt":{"rendered":"<p>Une \u00e9quipe d\u00e9di\u00e9e \u00e0 vos peintures et d\u00e9corations \u00e0 Lyon Notre \u00e9quipe d\u2019experts\u00a0est form\u00e9e aux arts de\u00a0la peinture et de la d\u00e9coration.\u00a0Effectivement, nous avons d\u00e9but\u00e9 notre activit\u00e9 par la prestation de services pour repeindre les int\u00e9rieurs de nos clients. Au fil des ans, nous avons constat\u00e9 que de nombreux clients n\u00e9cessitaient \u00e9galement d\u2019autres am\u00e9nagements compl\u00e9mentaires, &hellip;<\/p>\n<p class=\"read-more\"> <a class=\"\" href=\"http:\/\/aatv-renovation.fr\/index.php\/travaux-interieurs\/peinture-decoration\/\"> <span class=\"screen-reader-text\">Peinture et D\u00e9coration<\/span> Read More &raquo;<\/a><\/p>\n","protected":false},"author":1,"featured_media":0,"parent":78,"menu_order":2,"comment_status":"closed","ping_status":"closed","template":"","meta":{"_coblocks_attr":"","_coblocks_dimensions":"","_coblocks_responsive_height":"","_coblocks_accordion_ie_support":"","site-sidebar-layout":"default","site-content-layout":"","ast-site-content-layout":"","site-content-style":"default","site-sidebar-style":"default","ast-global-header-display":"","ast-banner-title-visibility":"","ast-main-header-display":"","ast-hfb-above-header-display":"","ast-hfb-below-header-display":"","ast-hfb-mobile-header-display":"","site-post-title":"disabled","ast-breadcrumbs-content":"","ast-featured-img":"","footer-sml-layout":"","theme-transparent-header-meta":"","adv-header-id-meta":"","stick-header-meta":"","header-above-stick-meta":"","header-main-stick-meta":"","header-below-stick-meta":"","astra-migrate-meta-layouts":"","ast-page-background-enabled":"default","ast-page-background-meta":{"desktop":{"background-color":"var(--ast-global-color-4)","background-image":"","background-repeat":"repeat","background-position":"center center","background-size":"auto","background-attachment":"scroll","background-type":"","background-media":"","overlay-type":"","overlay-color":"","overlay-gradient":""},"tablet":{"background-color":"","background-image":"","background-repeat":"repeat","background-position":"center center","background-size":"auto","background-attachment":"scroll","background-type":"","background-media":"","overlay-type":"","overlay-color":"","overlay-gradient":""},"mobile":{"background-color":"","background-image":"","background-repeat":"repeat","background-position":"center center","background-size":"auto","background-attachment":"scroll","background-type":"","background-media":"","overlay-type":"","overlay-color":"","overlay-gradient":""}},"ast-content-background-meta":{"desktop":{"background-color":"var(--ast-global-color-5)","background-image":"","background-repeat":"repeat","background-position":"center center","background-size":"auto","background-attachment":"scroll","background-type":"","background-media":"","overlay-type":"","overlay-color":"","overlay-gradient":""},"tablet":{"background-color":"var(--ast-global-color-5)","background-image":"","background-repeat":"repeat","background-position":"center center","background-size":"auto","background-attachment":"scroll","background-type":"","background-media":"","overlay-type":"","overlay-color":"","overlay-gradient":""},"mobile":{"background-color":"var(--ast-global-color-5)","background-image":"","background-repeat":"repeat","background-position":"center center","background-size":"auto","background-attachment":"scroll","background-type":"","background-media":"","overlay-type":"","overlay-color":"","overlay-gradient":""}},"footnotes":""},"class_list":["post-236","page","type-page","status-publish","hentry"],"yoast_head":"<!-- This site is optimized with the Yoast SEO plugin v21.5 - https:\/\/yoast.com\/wordpress\/plugins\/seo\/ -->\n<title>Peinture et D\u00e9coration - AATV R\u00e9novation<\/title>\n<meta name=\"description\" content=\"Une \u00e9quipe d\u00e9di\u00e9e \u00e0 vos peintures et d\u00e9corations \u00e0 Lyon\" \/>\n<meta name=\"robots\" content=\"index, follow, max-snippet:-1, max-image-preview:large, max-video-preview:-1\" \/>\n<link rel=\"canonical\" href=\"http:\/\/aatv-renovation.fr\/index.php\/travaux-interieurs\/peinture-decoration\/\" \/>\n<meta property=\"og:locale\" content=\"en_US\" \/>\n<meta property=\"og:type\" content=\"article\" \/>\n<meta property=\"og:title\" content=\"Peinture et D\u00e9coration - AATV R\u00e9novation\" \/>\n<meta property=\"og:description\" content=\"Une \u00e9quipe d\u00e9di\u00e9e \u00e0 vos peintures et d\u00e9corations \u00e0 Lyon\" \/>\n<meta property=\"og:url\" content=\"http:\/\/aatv-renovation.fr\/index.php\/travaux-interieurs\/peinture-decoration\/\" \/>\n<meta property=\"og:site_name\" content=\"AATV R\u00e9novation\" \/>\n<meta property=\"article:modified_time\" content=\"2023-11-03T15:35:17+00:00\" \/>\n<meta property=\"og:image\" content=\"http:\/\/aatv-renovation.fr\/wp-content\/uploads\/2023\/10\/icon-group.png\" \/>\n<meta name=\"twitter:card\" content=\"summary_large_image\" \/>\n<meta name=\"twitter:label1\" content=\"Est. reading time\" \/>\n\t<meta name=\"twitter:data1\" content=\"3 minutes\" \/>\n<script type=\"application\/ld+json\" class=\"yoast-schema-graph\">{\"@context\":\"https:\/\/schema.org\",\"@graph\":[{\"@type\":\"WebPage\",\"@id\":\"http:\/\/aatv-renovation.fr\/index.php\/travaux-interieurs\/peinture-decoration\/\",\"url\":\"http:\/\/aatv-renovation.fr\/index.php\/travaux-interieurs\/peinture-decoration\/\",\"name\":\"Peinture et D\u00e9coration - AATV R\u00e9novation\",\"isPartOf\":{\"@id\":\"http:\/\/aatv-renovation.fr\/#website\"},\"datePublished\":\"2023-10-24T16:07:13+00:00\",\"dateModified\":\"2023-11-03T15:35:17+00:00\",\"description\":\"Une \u00e9quipe d\u00e9di\u00e9e \u00e0 vos peintures et d\u00e9corations \u00e0 Lyon\",\"breadcrumb\":{\"@id\":\"http:\/\/aatv-renovation.fr\/index.php\/travaux-interieurs\/peinture-decoration\/#breadcrumb\"},\"inLanguage\":\"en-US\",\"potentialAction\":[{\"@type\":\"ReadAction\",\"target\":[\"http:\/\/aatv-renovation.fr\/index.php\/travaux-interieurs\/peinture-decoration\/\"]}]},{\"@type\":\"BreadcrumbList\",\"@id\":\"http:\/\/aatv-renovation.fr\/index.php\/travaux-interieurs\/peinture-decoration\/#breadcrumb\",\"itemListElement\":[{\"@type\":\"ListItem\",\"position\":1,\"name\":\"Accueil\",\"item\":\"http:\/\/aatv-renovation.fr\/\"},{\"@type\":\"ListItem\",\"position\":2,\"name\":\"Travaux int\u00e9rieurs\",\"item\":\"http:\/\/aatv-renovation.fr\/index.php\/travaux-interieurs\/\"},{\"@type\":\"ListItem\",\"position\":3,\"name\":\"Peinture et D\u00e9coration\"}]},{\"@type\":\"WebSite\",\"@id\":\"http:\/\/aatv-renovation.fr\/#website\",\"url\":\"http:\/\/aatv-renovation.fr\/\",\"name\":\"AATV RENOVATION\",\"description\":\"Une entreprise de r\u00e9novation, \u00e0 Lyon\",\"publisher\":{\"@id\":\"http:\/\/aatv-renovation.fr\/#organization\"},\"potentialAction\":[{\"@type\":\"SearchAction\",\"target\":{\"@type\":\"EntryPoint\",\"urlTemplate\":\"http:\/\/aatv-renovation.fr\/?s={search_term_string}\"},\"query-input\":\"required name=search_term_string\"}],\"inLanguage\":\"en-US\"},{\"@type\":\"Organization\",\"@id\":\"http:\/\/aatv-renovation.fr\/#organization\",\"name\":\"AATV RENOVATION\",\"url\":\"http:\/\/aatv-renovation.fr\/\",\"logo\":{\"@type\":\"ImageObject\",\"inLanguage\":\"en-US\",\"@id\":\"http:\/\/aatv-renovation.fr\/#\/schema\/logo\/image\/\",\"url\":\"http:\/\/aatv-renovation.fr\/wp-content\/uploads\/2023\/06\/LOGO_AATV_Vectorised-grand-format.png\",\"contentUrl\":\"http:\/\/aatv-renovation.fr\/wp-content\/uploads\/2023\/06\/LOGO_AATV_Vectorised-grand-format.png\",\"width\":1024,\"height\":868,\"caption\":\"AATV RENOVATION\"},\"image\":{\"@id\":\"http:\/\/aatv-renovation.fr\/#\/schema\/logo\/image\/\"}}]}<\/script>\n<!-- \/ Yoast SEO plugin. -->","yoast_head_json":{"title":"Peinture et D\u00e9coration - AATV R\u00e9novation","description":"Une \u00e9quipe d\u00e9di\u00e9e \u00e0 vos peintures et d\u00e9corations \u00e0 Lyon","robots":{"index":"index","follow":"follow","max-snippet":"max-snippet:-1","max-image-preview":"max-image-preview:large","max-video-preview":"max-video-preview:-1"},"canonical":"http:\/\/aatv-renovation.fr\/index.php\/travaux-interieurs\/peinture-decoration\/","og_locale":"en_US","og_type":"article","og_title":"Peinture et D\u00e9coration - AATV R\u00e9novation","og_description":"Une \u00e9quipe d\u00e9di\u00e9e \u00e0 vos peintures et d\u00e9corations \u00e0 Lyon","og_url":"http:\/\/aatv-renovation.fr\/index.php\/travaux-interieurs\/peinture-decoration\/","og_site_name":"AATV R\u00e9novation","article_modified_time":"2023-11-03T15:35:17+00:00","og_image":[{"url":"http:\/\/aatv-renovation.fr\/wp-content\/uploads\/2023\/10\/icon-group.png"}],"twitter_card":"summary_large_image","twitter_misc":{"Est. reading time":"3 minutes"},"schema":{"@context":"https:\/\/schema.org","@graph":[{"@type":"WebPage","@id":"http:\/\/aatv-renovation.fr\/index.php\/travaux-interieurs\/peinture-decoration\/","url":"http:\/\/aatv-renovation.fr\/index.php\/travaux-interieurs\/peinture-decoration\/","name":"Peinture et D\u00e9coration - AATV R\u00e9novation","isPartOf":{"@id":"http:\/\/aatv-renovation.fr\/#website"},"datePublished":"2023-10-24T16:07:13+00:00","dateModified":"2023-11-03T15:35:17+00:00","description":"Une \u00e9quipe d\u00e9di\u00e9e \u00e0 vos peintures et d\u00e9corations \u00e0 Lyon","breadcrumb":{"@id":"http:\/\/aatv-renovation.fr\/index.php\/travaux-interieurs\/peinture-decoration\/#breadcrumb"},"inLanguage":"en-US","potentialAction":[{"@type":"ReadAction","target":["http:\/\/aatv-renovation.fr\/index.php\/travaux-interieurs\/peinture-decoration\/"]}]},{"@type":"BreadcrumbList","@id":"http:\/\/aatv-renovation.fr\/index.php\/travaux-interieurs\/peinture-decoration\/#breadcrumb","itemListElement":[{"@type":"ListItem","position":1,"name":"Accueil","item":"http:\/\/aatv-renovation.fr\/"},{"@type":"ListItem","position":2,"name":"Travaux int\u00e9rieurs","item":"http:\/\/aatv-renovation.fr\/index.php\/travaux-interieurs\/"},{"@type":"ListItem","position":3,"name":"Peinture et D\u00e9coration"}]},{"@type":"WebSite","@id":"http:\/\/aatv-renovation.fr\/#website","url":"http:\/\/aatv-renovation.fr\/","name":"AATV RENOVATION","description":"Une entreprise de r\u00e9novation, \u00e0 Lyon","publisher":{"@id":"http:\/\/aatv-renovation.fr\/#organization"},"potentialAction":[{"@type":"SearchAction","target":{"@type":"EntryPoint","urlTemplate":"http:\/\/aatv-renovation.fr\/?s={search_term_string}"},"query-input":"required name=search_term_string"}],"inLanguage":"en-US"},{"@type":"Organization","@id":"http:\/\/aatv-renovation.fr\/#organization","name":"AATV RENOVATION","url":"http:\/\/aatv-renovation.fr\/","logo":{"@type":"ImageObject","inLanguage":"en-US","@id":"http:\/\/aatv-renovation.fr\/#\/schema\/logo\/image\/","url":"http:\/\/aatv-renovation.fr\/wp-content\/uploads\/2023\/06\/LOGO_AATV_Vectorised-grand-format.png","contentUrl":"http:\/\/aatv-renovation.fr\/wp-content\/uploads\/2023\/06\/LOGO_AATV_Vectorised-grand-format.png","width":1024,"height":868,"caption":"AATV RENOVATION"},"image":{"@id":"http:\/\/aatv-renovation.fr\/#\/schema\/logo\/image\/"}}]}},"jetpack_sharing_enabled":true,"_links":{"self":[{"href":"http:\/\/aatv-renovation.fr\/index.php\/wp-json\/wp\/v2\/pages\/236","targetHints":{"allow":["GET"]}}],"collection":[{"href":"http:\/\/aatv-renovation.fr\/index.php\/wp-json\/wp\/v2\/pages"}],"about":[{"href":"http:\/\/aatv-renovation.fr\/index.php\/wp-json\/wp\/v2\/types\/page"}],"author":[{"embeddable":true,"href":"http:\/\/aatv-renovation.fr\/index.php\/wp-json\/wp\/v2\/users\/1"}],"replies":[{"embeddable":true,"href":"http:\/\/aatv-renovation.fr\/index.php\/wp-json\/wp\/v2\/comments?post=236"}],"version-history":[{"count":6,"href":"http:\/\/aatv-renovation.fr\/index.php\/wp-json\/wp\/v2\/pages\/236\/revisions"}],"predecessor-version":[{"id":365,"href":"http:\/\/aatv-renovation.fr\/index.php\/wp-json\/wp\/v2\/pages\/236\/revisions\/365"}],"up":[{"embeddable":true,"href":"http:\/\/aatv-renovation.fr\/index.php\/wp-json\/wp\/v2\/pages\/78"}],"wp:attachment":[{"href":"http:\/\/aatv-renovation.fr\/index.php\/wp-json\/wp\/v2\/media?parent=236"}],"curies":[{"name":"wp","href":"https:\/\/api.w.org\/{rel}","templated":true}]}}