{"id":241,"date":"2023-10-24T18:22:02","date_gmt":"2023-10-24T16:22:02","guid":{"rendered":"http:\/\/aatv-renovation.fr\/?page_id=241"},"modified":"2023-11-03T16:36:09","modified_gmt":"2023-11-03T15:36:09","slug":"revetements-de-sol","status":"publish","type":"page","link":"http:\/\/aatv-renovation.fr\/index.php\/travaux-interieurs\/revetements-de-sol\/","title":{"rendered":"Rev\u00eatements de Sol"},"content":{"rendered":"\n<hr class=\"wp-block-separator has-text-color has-custom-color-1-color has-alpha-channel-opacity has-custom-color-1-background-color has-background is-style-wide\"\/>\n\n\n\n<h2 class=\"wp-block-heading\">Un accompagnement personnalis\u00e9 pour la pose de votre rev\u00eatement de sol \u00e0 Lyon<\/h2>\n\n\n\n<div class=\"wp-block-buttons is-layout-flex wp-block-buttons-is-layout-flex\">\n<div class=\"wp-block-button has-custom-transform\" style=\"text-transform:uppercase\"><a class=\"wp-block-button__link has-custom-color-3-color has-custom-color-1-background-color has-text-color has-background wp-element-button\" href=\"http:\/\/aatv-renovation.fr\/index.php\/travaux-interieurs\/\">d\u00e9couvrez nos travaux int\u00e9rieurs<\/a><\/div>\n<\/div>\n\n\n\n<div style=\"height:100px\" aria-hidden=\"true\" class=\"wp-block-spacer\"><\/div>\n\n\n\n<figure class=\"wp-block-image aligncenter size-full\"><img loading=\"lazy\" decoding=\"async\" width=\"153\" height=\"50\" src=\"http:\/\/aatv-renovation.fr\/wp-content\/uploads\/2023\/10\/icon-group.png\" alt=\"\" class=\"wp-image-220\" srcset=\"http:\/\/aatv-renovation.fr\/wp-content\/uploads\/2023\/10\/icon-group.png 153w, http:\/\/aatv-renovation.fr\/wp-content\/uploads\/2023\/10\/icon-group-150x50.png 150w\" sizes=\"auto, (max-width: 153px) 100vw, 153px\" \/><\/figure>\n\n\n\n<p class=\"has-text-align-left\">Changer le rev\u00eatement de son sol peut \u00eatre utile si vous souhaitez\u00a0<a href=\"http:\/\/aatv-renovation.fr\/index.php\/travaux-interieurs\/amenagements-sur-mesure\/\">changer la fonction d\u2019une pi\u00e8ce<\/a>,\u00a0<strong>uniformiser les sols<\/strong>\u00a0de votre maison ou tout simplement moderniser vos int\u00e9rieurs. Nos professionnels qualifi\u00e9s profitent d\u2019une exp\u00e9rience longue de\u00a0<strong>pr\u00e8s de 15 ans<\/strong>\u00a0dans le domaine de la r\u00e9novation d\u2019int\u00e9rieur. Que ce soit pour un nouveau rev\u00eatement en vinyle, la pose de carrelage, parquet, fa\u00efence ou autres travaux de carrelage. Vous pouvez \u00e9galement faire appel \u00e0 notre \u00e9quipe afin d\u2019en savoir plus sur l\u2019\u00e9tendue de nos services. Nos artisans qualifi\u00e9s sont \u00e0 votre \u00e9coute afin de vous conseiller sur le choix de votre rev\u00eatement, et vous proposeront un devis dans les plus brefs d\u00e9lais.<\/p>\n\n\n\n<div class=\"wp-block-media-text is-stacked-on-mobile\"><figure class=\"wp-block-media-text__media\"><img loading=\"lazy\" decoding=\"async\" width=\"750\" height=\"560\" src=\"http:\/\/aatv-renovation.fr\/wp-content\/uploads\/2023\/10\/17-apres-e1535043993950-1.jpg\" alt=\"\" class=\"wp-image-242 size-full\" srcset=\"http:\/\/aatv-renovation.fr\/wp-content\/uploads\/2023\/10\/17-apres-e1535043993950-1.jpg 750w, http:\/\/aatv-renovation.fr\/wp-content\/uploads\/2023\/10\/17-apres-e1535043993950-1-300x224.jpg 300w\" sizes=\"auto, (max-width: 750px) 100vw, 750px\" \/><\/figure><div class=\"wp-block-media-text__content\">\n<p><\/p>\n\n\n\n<h4 class=\"wp-block-heading\">La pose de parquet, sol PVC et vinyle pour votre appartement<\/h4>\n\n\n\n<p>Vous \u00eates lass\u00e9 de votre ancien carrelage\/autre rev\u00eatement de sol, et aimeriez apporter une touche plus chaleureuse \u00e0 vos int\u00e9rieurs ?\u00a0Le parquet est un mat\u00e9riau noble, chaleureux et confortable.\u00a0Selon vos go\u00fbts, vous pouvez choisir parmi un large choix de diff\u00e9rents\u00a0<strong>parquets massifs ou stratifi\u00e9s<\/strong>\u00a0pour vos chambres, salons ou salles \u00e0 vivre.\u00a0Vous pouvez \u00e9galement opter pour un sol en vinyle ou en\u00a0PVC.\u00a0Faites appel \u00e0 un\u00a0<a href=\"http:\/\/127.0.0.1:5500\/entreprise\/index.html\">professionnel de la <\/a><a href=\"http:\/\/aatv-renovation.fr\/index.php\/l-entreprise\/\">r\u00e9novation<\/a>\u00a0afin de vous lib\u00e9rer de cette t\u00e2che et garder l\u2019esprit tranquille.\u00a0Nos \u00e9quipes interviennent toujours rapidement, apr\u00e8s avoir d\u00e9fini avec vous toutes vos attentes, pour un r\u00e9sultat professionnel impeccable.<\/p>\n\n\n\n<figure class=\"wp-block-image alignright size-full\"><img loading=\"lazy\" decoding=\"async\" width=\"50\" height=\"50\" src=\"http:\/\/aatv-renovation.fr\/wp-content\/uploads\/2023\/10\/icon-1-50x50-2.png\" alt=\"\" class=\"wp-image-165\"\/><\/figure>\n<\/div><\/div>\n\n\n\n<div style=\"height:100px\" aria-hidden=\"true\" class=\"wp-block-spacer\"><\/div>\n\n\n\n<div class=\"wp-block-media-text has-media-on-the-right is-stacked-on-mobile\"><div class=\"wp-block-media-text__content\">\n<h4 class=\"wp-block-heading\">La pose de carrelage et fa\u00efence pour votre appartement<\/h4>\n\n\n\n<p>Le carrelage est un rev\u00eatement de sol solide qui sera facile d\u2019entretien. Nous vous proposons nos services pour la pose de tous types de carrelage pour votre int\u00e9rieur. Quel que soit votre rev\u00eatement actuel, nous op\u00e9rons dans les r\u00e8gles de l\u2019art afin d\u2019effectuer ces changements en ad\u00e9quation avec vos rev\u00eatements actuels.<br>Afin d\u2019en savoir plus sur les diff\u00e9rents types de carrelage disponibles ou afin d\u2019en savoir plus sur la pose de rev\u00eatement de sol (carrelage, parquet, vinyle, PVC), notre \u00e9quipe se tient disponible du lundi au vendredi pendant les heures d\u2019ouverture afin de vous conseiller. Demandez votre devis gratuit aupr\u00e8s de notre service client&nbsp;!<\/p>\n\n\n\n<figure class=\"wp-block-image alignright size-full\"><img loading=\"lazy\" decoding=\"async\" width=\"50\" height=\"50\" src=\"http:\/\/aatv-renovation.fr\/wp-content\/uploads\/2023\/09\/icon-3-50x50-1.png\" alt=\"\" class=\"wp-image-114\"\/><\/figure>\n<\/div><figure class=\"wp-block-media-text__media\"><img loading=\"lazy\" decoding=\"async\" width=\"960\" height=\"640\" src=\"http:\/\/aatv-renovation.fr\/wp-content\/uploads\/2023\/10\/3635946653887.jpg\" alt=\"\" class=\"wp-image-243 size-full\" srcset=\"http:\/\/aatv-renovation.fr\/wp-content\/uploads\/2023\/10\/3635946653887.jpg 960w, http:\/\/aatv-renovation.fr\/wp-content\/uploads\/2023\/10\/3635946653887-300x200.jpg 300w, http:\/\/aatv-renovation.fr\/wp-content\/uploads\/2023\/10\/3635946653887-768x512.jpg 768w\" sizes=\"auto, (max-width: 960px) 100vw, 960px\" \/><\/figure><\/div>\n\n\n\n<div style=\"height:100px\" aria-hidden=\"true\" class=\"wp-block-spacer\"><\/div>\n\n\n\n<div class=\"wp-block-group has-background is-layout-constrained wp-block-group-is-layout-constrained\" style=\"background-color:#e8f5f9\">\n<figure class=\"wp-block-image aligncenter size-full\"><img loading=\"lazy\" decoding=\"async\" width=\"168\" height=\"80\" src=\"http:\/\/aatv-renovation.fr\/wp-content\/uploads\/2023\/09\/contact-icon.png\" alt=\"\" class=\"wp-image-115\"\/><\/figure>\n\n\n\n<p class=\"has-text-align-center\">R\u00e9novez vos sols avec un partenaire de confiance&nbsp;!<\/p>\n\n\n\n<div class=\"wp-block-buttons is-content-justification-center is-layout-flex wp-container-core-buttons-is-layout-a89b3969 wp-block-buttons-is-layout-flex\">\n<div class=\"wp-block-button has-custom-transform\" style=\"text-transform:uppercase\"><a class=\"wp-block-button__link has-custom-color-3-color has-custom-color-1-background-color has-text-color has-background wp-element-button\" href=\"https:\/\/www.pagesjaunes.fr\/pros\/52085801\">sollicitez-nous<\/a><\/div>\n<\/div>\n<\/div>\n","protected":false},"excerpt":{"rendered":"<p>Un accompagnement personnalis\u00e9 pour la pose de votre rev\u00eatement de sol \u00e0 Lyon Changer le rev\u00eatement de son sol peut \u00eatre utile si vous souhaitez\u00a0changer la fonction d\u2019une pi\u00e8ce,\u00a0uniformiser les sols\u00a0de votre maison ou tout simplement moderniser vos int\u00e9rieurs. Nos professionnels qualifi\u00e9s profitent d\u2019une exp\u00e9rience longue de\u00a0pr\u00e8s de 15 ans\u00a0dans le domaine de la r\u00e9novation &hellip;<\/p>\n<p class=\"read-more\"> <a class=\"\" href=\"http:\/\/aatv-renovation.fr\/index.php\/travaux-interieurs\/revetements-de-sol\/\"> <span class=\"screen-reader-text\">Rev\u00eatements de Sol<\/span> Read More &raquo;<\/a><\/p>\n","protected":false},"author":1,"featured_media":0,"parent":78,"menu_order":3,"comment_status":"closed","ping_status":"closed","template":"","meta":{"_coblocks_attr":"","_coblocks_dimensions":"","_coblocks_responsive_height":"","_coblocks_accordion_ie_support":"","site-sidebar-layout":"default","site-content-layout":"","ast-site-content-layout":"","site-content-style":"default","site-sidebar-style":"default","ast-global-header-display":"","ast-banner-title-visibility":"","ast-main-header-display":"","ast-hfb-above-header-display":"","ast-hfb-below-header-display":"","ast-hfb-mobile-header-display":"","site-post-title":"disabled","ast-breadcrumbs-content":"","ast-featured-img":"","footer-sml-layout":"","theme-transparent-header-meta":"","adv-header-id-meta":"","stick-header-meta":"","header-above-stick-meta":"","header-main-stick-meta":"","header-below-stick-meta":"","astra-migrate-meta-layouts":"","ast-page-background-enabled":"default","ast-page-background-meta":{"desktop":{"background-color":"var(--ast-global-color-4)","background-image":"","background-repeat":"repeat","background-position":"center center","background-size":"auto","background-attachment":"scroll","background-type":"","background-media":"","overlay-type":"","overlay-color":"","overlay-gradient":""},"tablet":{"background-color":"","background-image":"","background-repeat":"repeat","background-position":"center center","background-size":"auto","background-attachment":"scroll","background-type":"","background-media":"","overlay-type":"","overlay-color":"","overlay-gradient":""},"mobile":{"background-color":"","background-image":"","background-repeat":"repeat","background-position":"center center","background-size":"auto","background-attachment":"scroll","background-type":"","background-media":"","overlay-type":"","overlay-color":"","overlay-gradient":""}},"ast-content-background-meta":{"desktop":{"background-color":"var(--ast-global-color-5)","background-image":"","background-repeat":"repeat","background-position":"center center","background-size":"auto","background-attachment":"scroll","background-type":"","background-media":"","overlay-type":"","overlay-color":"","overlay-gradient":""},"tablet":{"background-color":"var(--ast-global-color-5)","background-image":"","background-repeat":"repeat","background-position":"center center","background-size":"auto","background-attachment":"scroll","background-type":"","background-media":"","overlay-type":"","overlay-color":"","overlay-gradient":""},"mobile":{"background-color":"var(--ast-global-color-5)","background-image":"","background-repeat":"repeat","background-position":"center center","background-size":"auto","background-attachment":"scroll","background-type":"","background-media":"","overlay-type":"","overlay-color":"","overlay-gradient":""}},"footnotes":""},"class_list":["post-241","page","type-page","status-publish","hentry"],"yoast_head":"<!-- This site is optimized with the Yoast SEO plugin v21.5 - https:\/\/yoast.com\/wordpress\/plugins\/seo\/ -->\n<title>Rev\u00eatements de Sol - AATV R\u00e9novation<\/title>\n<meta name=\"description\" content=\"Un accompagnement personnalis\u00e9 pour la pose de votre rev\u00eatement de sol \u00e0 Lyone 6e et Grenoble !\" \/>\n<meta name=\"robots\" content=\"index, follow, max-snippet:-1, max-image-preview:large, max-video-preview:-1\" \/>\n<link rel=\"canonical\" href=\"http:\/\/aatv-renovation.fr\/index.php\/travaux-interieurs\/revetements-de-sol\/\" \/>\n<meta property=\"og:locale\" content=\"en_US\" \/>\n<meta property=\"og:type\" content=\"article\" \/>\n<meta property=\"og:title\" content=\"Rev\u00eatements de Sol - AATV R\u00e9novation\" \/>\n<meta property=\"og:description\" content=\"Un accompagnement personnalis\u00e9 pour la pose de votre rev\u00eatement de sol \u00e0 Lyone 6e et Grenoble !\" \/>\n<meta property=\"og:url\" content=\"http:\/\/aatv-renovation.fr\/index.php\/travaux-interieurs\/revetements-de-sol\/\" \/>\n<meta property=\"og:site_name\" content=\"AATV R\u00e9novation\" \/>\n<meta property=\"article:modified_time\" content=\"2023-11-03T15:36:09+00:00\" \/>\n<meta property=\"og:image\" content=\"http:\/\/aatv-renovation.fr\/wp-content\/uploads\/2023\/10\/icon-group.png\" \/>\n<meta name=\"twitter:card\" content=\"summary_large_image\" \/>\n<meta name=\"twitter:label1\" content=\"Est. reading time\" \/>\n\t<meta name=\"twitter:data1\" content=\"3 minutes\" \/>\n<script type=\"application\/ld+json\" class=\"yoast-schema-graph\">{\"@context\":\"https:\/\/schema.org\",\"@graph\":[{\"@type\":\"WebPage\",\"@id\":\"http:\/\/aatv-renovation.fr\/index.php\/travaux-interieurs\/revetements-de-sol\/\",\"url\":\"http:\/\/aatv-renovation.fr\/index.php\/travaux-interieurs\/revetements-de-sol\/\",\"name\":\"Rev\u00eatements de Sol - AATV R\u00e9novation\",\"isPartOf\":{\"@id\":\"http:\/\/aatv-renovation.fr\/#website\"},\"datePublished\":\"2023-10-24T16:22:02+00:00\",\"dateModified\":\"2023-11-03T15:36:09+00:00\",\"description\":\"Un accompagnement personnalis\u00e9 pour la pose de votre rev\u00eatement de sol \u00e0 Lyone 6e et Grenoble !\",\"breadcrumb\":{\"@id\":\"http:\/\/aatv-renovation.fr\/index.php\/travaux-interieurs\/revetements-de-sol\/#breadcrumb\"},\"inLanguage\":\"en-US\",\"potentialAction\":[{\"@type\":\"ReadAction\",\"target\":[\"http:\/\/aatv-renovation.fr\/index.php\/travaux-interieurs\/revetements-de-sol\/\"]}]},{\"@type\":\"BreadcrumbList\",\"@id\":\"http:\/\/aatv-renovation.fr\/index.php\/travaux-interieurs\/revetements-de-sol\/#breadcrumb\",\"itemListElement\":[{\"@type\":\"ListItem\",\"position\":1,\"name\":\"Accueil\",\"item\":\"http:\/\/aatv-renovation.fr\/\"},{\"@type\":\"ListItem\",\"position\":2,\"name\":\"Travaux int\u00e9rieurs\",\"item\":\"http:\/\/aatv-renovation.fr\/index.php\/travaux-interieurs\/\"},{\"@type\":\"ListItem\",\"position\":3,\"name\":\"Rev\u00eatements de Sol\"}]},{\"@type\":\"WebSite\",\"@id\":\"http:\/\/aatv-renovation.fr\/#website\",\"url\":\"http:\/\/aatv-renovation.fr\/\",\"name\":\"AATV RENOVATION\",\"description\":\"Une entreprise de r\u00e9novation, \u00e0 Lyon\",\"publisher\":{\"@id\":\"http:\/\/aatv-renovation.fr\/#organization\"},\"potentialAction\":[{\"@type\":\"SearchAction\",\"target\":{\"@type\":\"EntryPoint\",\"urlTemplate\":\"http:\/\/aatv-renovation.fr\/?s={search_term_string}\"},\"query-input\":\"required name=search_term_string\"}],\"inLanguage\":\"en-US\"},{\"@type\":\"Organization\",\"@id\":\"http:\/\/aatv-renovation.fr\/#organization\",\"name\":\"AATV RENOVATION\",\"url\":\"http:\/\/aatv-renovation.fr\/\",\"logo\":{\"@type\":\"ImageObject\",\"inLanguage\":\"en-US\",\"@id\":\"http:\/\/aatv-renovation.fr\/#\/schema\/logo\/image\/\",\"url\":\"http:\/\/aatv-renovation.fr\/wp-content\/uploads\/2023\/06\/LOGO_AATV_Vectorised-grand-format.png\",\"contentUrl\":\"http:\/\/aatv-renovation.fr\/wp-content\/uploads\/2023\/06\/LOGO_AATV_Vectorised-grand-format.png\",\"width\":1024,\"height\":868,\"caption\":\"AATV RENOVATION\"},\"image\":{\"@id\":\"http:\/\/aatv-renovation.fr\/#\/schema\/logo\/image\/\"}}]}<\/script>\n<!-- \/ Yoast SEO plugin. -->","yoast_head_json":{"title":"Rev\u00eatements de Sol - AATV R\u00e9novation","description":"Un accompagnement personnalis\u00e9 pour la pose de votre rev\u00eatement de sol \u00e0 Lyone 6e et Grenoble !","robots":{"index":"index","follow":"follow","max-snippet":"max-snippet:-1","max-image-preview":"max-image-preview:large","max-video-preview":"max-video-preview:-1"},"canonical":"http:\/\/aatv-renovation.fr\/index.php\/travaux-interieurs\/revetements-de-sol\/","og_locale":"en_US","og_type":"article","og_title":"Rev\u00eatements de Sol - AATV R\u00e9novation","og_description":"Un accompagnement personnalis\u00e9 pour la pose de votre rev\u00eatement de sol \u00e0 Lyone 6e et Grenoble !","og_url":"http:\/\/aatv-renovation.fr\/index.php\/travaux-interieurs\/revetements-de-sol\/","og_site_name":"AATV R\u00e9novation","article_modified_time":"2023-11-03T15:36:09+00:00","og_image":[{"url":"http:\/\/aatv-renovation.fr\/wp-content\/uploads\/2023\/10\/icon-group.png"}],"twitter_card":"summary_large_image","twitter_misc":{"Est. reading time":"3 minutes"},"schema":{"@context":"https:\/\/schema.org","@graph":[{"@type":"WebPage","@id":"http:\/\/aatv-renovation.fr\/index.php\/travaux-interieurs\/revetements-de-sol\/","url":"http:\/\/aatv-renovation.fr\/index.php\/travaux-interieurs\/revetements-de-sol\/","name":"Rev\u00eatements de Sol - AATV R\u00e9novation","isPartOf":{"@id":"http:\/\/aatv-renovation.fr\/#website"},"datePublished":"2023-10-24T16:22:02+00:00","dateModified":"2023-11-03T15:36:09+00:00","description":"Un accompagnement personnalis\u00e9 pour la pose de votre rev\u00eatement de sol \u00e0 Lyone 6e et Grenoble !","breadcrumb":{"@id":"http:\/\/aatv-renovation.fr\/index.php\/travaux-interieurs\/revetements-de-sol\/#breadcrumb"},"inLanguage":"en-US","potentialAction":[{"@type":"ReadAction","target":["http:\/\/aatv-renovation.fr\/index.php\/travaux-interieurs\/revetements-de-sol\/"]}]},{"@type":"BreadcrumbList","@id":"http:\/\/aatv-renovation.fr\/index.php\/travaux-interieurs\/revetements-de-sol\/#breadcrumb","itemListElement":[{"@type":"ListItem","position":1,"name":"Accueil","item":"http:\/\/aatv-renovation.fr\/"},{"@type":"ListItem","position":2,"name":"Travaux int\u00e9rieurs","item":"http:\/\/aatv-renovation.fr\/index.php\/travaux-interieurs\/"},{"@type":"ListItem","position":3,"name":"Rev\u00eatements de Sol"}]},{"@type":"WebSite","@id":"http:\/\/aatv-renovation.fr\/#website","url":"http:\/\/aatv-renovation.fr\/","name":"AATV RENOVATION","description":"Une entreprise de r\u00e9novation, \u00e0 Lyon","publisher":{"@id":"http:\/\/aatv-renovation.fr\/#organization"},"potentialAction":[{"@type":"SearchAction","target":{"@type":"EntryPoint","urlTemplate":"http:\/\/aatv-renovation.fr\/?s={search_term_string}"},"query-input":"required name=search_term_string"}],"inLanguage":"en-US"},{"@type":"Organization","@id":"http:\/\/aatv-renovation.fr\/#organization","name":"AATV RENOVATION","url":"http:\/\/aatv-renovation.fr\/","logo":{"@type":"ImageObject","inLanguage":"en-US","@id":"http:\/\/aatv-renovation.fr\/#\/schema\/logo\/image\/","url":"http:\/\/aatv-renovation.fr\/wp-content\/uploads\/2023\/06\/LOGO_AATV_Vectorised-grand-format.png","contentUrl":"http:\/\/aatv-renovation.fr\/wp-content\/uploads\/2023\/06\/LOGO_AATV_Vectorised-grand-format.png","width":1024,"height":868,"caption":"AATV RENOVATION"},"image":{"@id":"http:\/\/aatv-renovation.fr\/#\/schema\/logo\/image\/"}}]}},"jetpack_sharing_enabled":true,"_links":{"self":[{"href":"http:\/\/aatv-renovation.fr\/index.php\/wp-json\/wp\/v2\/pages\/241","targetHints":{"allow":["GET"]}}],"collection":[{"href":"http:\/\/aatv-renovation.fr\/index.php\/wp-json\/wp\/v2\/pages"}],"about":[{"href":"http:\/\/aatv-renovation.fr\/index.php\/wp-json\/wp\/v2\/types\/page"}],"author":[{"embeddable":true,"href":"http:\/\/aatv-renovation.fr\/index.php\/wp-json\/wp\/v2\/users\/1"}],"replies":[{"embeddable":true,"href":"http:\/\/aatv-renovation.fr\/index.php\/wp-json\/wp\/v2\/comments?post=241"}],"version-history":[{"count":4,"href":"http:\/\/aatv-renovation.fr\/index.php\/wp-json\/wp\/v2\/pages\/241\/revisions"}],"predecessor-version":[{"id":367,"href":"http:\/\/aatv-renovation.fr\/index.php\/wp-json\/wp\/v2\/pages\/241\/revisions\/367"}],"up":[{"embeddable":true,"href":"http:\/\/aatv-renovation.fr\/index.php\/wp-json\/wp\/v2\/pages\/78"}],"wp:attachment":[{"href":"http:\/\/aatv-renovation.fr\/index.php\/wp-json\/wp\/v2\/media?parent=241"}],"curies":[{"name":"wp","href":"https:\/\/api.w.org\/{rel}","templated":true}]}}