{"id":278,"date":"2023-11-03T12:48:20","date_gmt":"2023-11-03T11:48:20","guid":{"rendered":"http:\/\/aatv-renovation.fr\/?page_id=278"},"modified":"2023-11-03T16:38:12","modified_gmt":"2023-11-03T15:38:12","slug":"projets-de-renovation","status":"publish","type":"page","link":"http:\/\/aatv-renovation.fr\/index.php\/projets-de-renovation\/","title":{"rendered":"Projets de r\u00e9novation"},"content":{"rendered":"\n<div class=\"wp-block-group is-layout-constrained wp-block-group-is-layout-constrained\">\n<h2 class=\"wp-block-heading\">Une entreprise qui s\u2019occupe des projets de r\u00e9novation de votre int\u00e9rieur, \u00e0 Lyon<\/h2>\n\n\n\n<div class=\"wp-block-buttons is-layout-flex wp-block-buttons-is-layout-flex\">\n<div class=\"wp-block-button\"><a class=\"wp-block-button__link wp-element-button\" href=\"http:\/\/aatv-renovation.fr\/index.php\/projets-de-renovation\/cuisine\/\">R\u00c9NOVATION DE VOTRE CUISINE<\/a><\/div>\n<\/div>\n\n\n\n<div class=\"wp-block-columns is-layout-flex wp-container-core-columns-is-layout-28f84493 wp-block-columns-is-layout-flex\">\n<div class=\"wp-block-column is-vertically-aligned-center is-layout-flow wp-block-column-is-layout-flow\">\n<figure class=\"wp-block-image size-full\"><img loading=\"lazy\" decoding=\"async\" width=\"153\" height=\"50\" src=\"http:\/\/aatv-renovation.fr\/wp-content\/uploads\/2023\/10\/icon-group.png\" alt=\"\" class=\"wp-image-220\" srcset=\"http:\/\/aatv-renovation.fr\/wp-content\/uploads\/2023\/10\/icon-group.png 153w, http:\/\/aatv-renovation.fr\/wp-content\/uploads\/2023\/10\/icon-group-150x50.png 150w\" sizes=\"auto, (max-width: 153px) 100vw, 153px\" \/><\/figure>\n\n\n\n<h4 class=\"wp-block-heading\">Artisan qualifi\u00e9<\/h4>\n<\/div>\n\n\n\n<div class=\"wp-block-column is-vertically-aligned-center is-layout-flow wp-block-column-is-layout-flow\">\n<p>R\u00e9aliser un&nbsp;<strong>projet de r\u00e9novation<\/strong>&nbsp;n\u2019est pas chose ais\u00e9e. Lorsque nous d\u00e9sirons&nbsp;<a href=\"http:\/\/aatv-renovation.fr\/index.php\/travaux-interieurs\/\">effectuer plusieurs travaux<\/a>&nbsp;d\u2019un coup, plusieurs pi\u00e8ces \u00e0 r\u00e9nover ou l\u2019appartement dans son int\u00e9gralit\u00e9, mieux vaut faire appel \u00e0 un professionnel qui vous garantira un travail bien fait, rapidement.<\/p>\n\n\n\n<p>Lib\u00e9rez-vous de cette contrainte et transmettez vos id\u00e9es de projets \u00e0 nos oreilles attentives. Nous sommes sp\u00e9cialis\u00e9s dans la r\u00e9novation d\u2019int\u00e9rieur, et nous occupons entre autres de la pose de faux plafond, placo, carrelage, doublage mur, \u00e9lectricit\u00e9, peinture et autre d\u00e9coration.<\/p>\n<\/div>\n<\/div>\n\n\n\n<div class=\"wp-block-columns is-layout-flex wp-container-core-columns-is-layout-28f84493 wp-block-columns-is-layout-flex\">\n<div class=\"wp-block-column is-layout-flow wp-block-column-is-layout-flow\">\n<div class=\"wp-block-cover alignfull is-light has-custom-content-position is-position-bottom-center\"><span aria-hidden=\"true\" class=\"wp-block-cover__background has-background-dim\"><\/span><img loading=\"lazy\" decoding=\"async\" width=\"960\" height=\"720\" class=\"wp-block-cover__image-background wp-image-279\" alt=\"\" src=\"http:\/\/aatv-renovation.fr\/wp-content\/uploads\/2023\/11\/IMG_04000fc1.jpg\" data-object-fit=\"cover\" srcset=\"http:\/\/aatv-renovation.fr\/wp-content\/uploads\/2023\/11\/IMG_04000fc1.jpg 960w, http:\/\/aatv-renovation.fr\/wp-content\/uploads\/2023\/11\/IMG_04000fc1-300x225.jpg 300w, http:\/\/aatv-renovation.fr\/wp-content\/uploads\/2023\/11\/IMG_04000fc1-768x576.jpg 768w\" sizes=\"auto, (max-width: 960px) 100vw, 960px\" \/><div class=\"wp-block-cover__inner-container is-layout-constrained wp-block-cover-is-layout-constrained\">\n<div class=\"wp-block-buttons alignwide is-content-justification-center is-layout-flex wp-container-core-buttons-is-layout-a89b3969 wp-block-buttons-is-layout-flex\">\n<div class=\"wp-block-button has-custom-transform\" style=\"text-transform:capitalize\"><a class=\"wp-block-button__link has-text-align-center wp-element-button\" href=\"http:\/\/aatv-renovation.fr\/index.php\/projets-de-renovation\/cuisine\/\">r\u00e9nover votre cuisine<\/a><\/div>\n<\/div>\n<\/div><\/div>\n<\/div>\n\n\n\n<div class=\"wp-block-column is-layout-flow wp-block-column-is-layout-flow\">\n<div class=\"wp-block-cover is-light has-custom-content-position is-position-bottom-center\"><span aria-hidden=\"true\" class=\"wp-block-cover__background has-background-dim\"><\/span><img loading=\"lazy\" decoding=\"async\" width=\"960\" height=\"720\" class=\"wp-block-cover__image-background wp-image-282\" alt=\"\" src=\"http:\/\/aatv-renovation.fr\/wp-content\/uploads\/2023\/11\/IMG_00641b2f.jpg\" data-object-fit=\"cover\" srcset=\"http:\/\/aatv-renovation.fr\/wp-content\/uploads\/2023\/11\/IMG_00641b2f.jpg 960w, http:\/\/aatv-renovation.fr\/wp-content\/uploads\/2023\/11\/IMG_00641b2f-300x225.jpg 300w, http:\/\/aatv-renovation.fr\/wp-content\/uploads\/2023\/11\/IMG_00641b2f-768x576.jpg 768w\" sizes=\"auto, (max-width: 960px) 100vw, 960px\" \/><div class=\"wp-block-cover__inner-container is-layout-constrained wp-block-cover-is-layout-constrained\">\n<div class=\"wp-block-buttons is-layout-flex wp-block-buttons-is-layout-flex\">\n<div class=\"wp-block-button has-custom-transform\" style=\"text-transform:capitalize\"><a class=\"wp-block-button__link wp-element-button\" href=\"http:\/\/aatv-renovation.fr\/index.php\/projets-de-renovation\/isolation\/\">vous procurer une isolation efficiente, pour des \u00e9conomies d&#8217;\u00e9nergie significatives<\/a><\/div>\n<\/div>\n<\/div><\/div>\n<\/div>\n\n\n\n<div class=\"wp-block-column is-layout-flow wp-block-column-is-layout-flow\">\n<div class=\"wp-block-cover alignfull is-light has-custom-content-position is-position-bottom-center\"><span aria-hidden=\"true\" class=\"wp-block-cover__background has-background-dim\"><\/span><img loading=\"lazy\" decoding=\"async\" width=\"960\" height=\"641\" class=\"wp-block-cover__image-background wp-image-283\" alt=\"\" src=\"http:\/\/aatv-renovation.fr\/wp-content\/uploads\/2023\/11\/224418283-19b2c.jpg\" data-object-fit=\"cover\" srcset=\"http:\/\/aatv-renovation.fr\/wp-content\/uploads\/2023\/11\/224418283-19b2c.jpg 960w, http:\/\/aatv-renovation.fr\/wp-content\/uploads\/2023\/11\/224418283-19b2c-300x200.jpg 300w, http:\/\/aatv-renovation.fr\/wp-content\/uploads\/2023\/11\/224418283-19b2c-768x513.jpg 768w\" sizes=\"auto, (max-width: 960px) 100vw, 960px\" \/><div class=\"wp-block-cover__inner-container is-layout-constrained wp-block-cover-is-layout-constrained\">\n<div class=\"wp-block-buttons is-layout-flex wp-block-buttons-is-layout-flex\">\n<div class=\"wp-block-button\"><a class=\"wp-block-button__link wp-element-button\" href=\"http:\/\/aatv-renovation.fr\/index.php\/projets-de-renovation\/electricite-plomberie\/\">remplacement de votre installation \u00e9lectrique et de votre plomberie<\/a><\/div>\n<\/div>\n<\/div><\/div>\n<\/div>\n<\/div>\n\n\n\n<div style=\"height:100px\" aria-hidden=\"true\" class=\"wp-block-spacer\"><\/div>\n\n\n\n<div class=\"wp-block-media-text is-stacked-on-mobile\"><figure class=\"wp-block-media-text__media\"><img loading=\"lazy\" decoding=\"async\" width=\"1000\" height=\"750\" src=\"http:\/\/aatv-renovation.fr\/wp-content\/uploads\/2023\/11\/chantier_2_aprc3a8s9829.jpg\" alt=\"\" class=\"wp-image-285 size-full\" srcset=\"http:\/\/aatv-renovation.fr\/wp-content\/uploads\/2023\/11\/chantier_2_aprc3a8s9829.jpg 1000w, http:\/\/aatv-renovation.fr\/wp-content\/uploads\/2023\/11\/chantier_2_aprc3a8s9829-300x225.jpg 300w, http:\/\/aatv-renovation.fr\/wp-content\/uploads\/2023\/11\/chantier_2_aprc3a8s9829-768x576.jpg 768w\" sizes=\"auto, (max-width: 1000px) 100vw, 1000px\" \/><\/figure><div class=\"wp-block-media-text__content\">\n<h4 class=\"wp-block-heading\">Transformation de votre appartement pour un style contemporain<\/h4>\n\n\n\n<p>Vous d\u00e9sirez changer d\u2019atmosph\u00e8re&nbsp;?<br>Votre appartement est devenu vieux, il manque d\u2019\u00e9nergie, reste encr\u00e9 dans le pass\u00e9 sans pouvoir en sortir&nbsp;?<br>Imaginez une nouvelle d\u00e9coration et un&nbsp;<a href=\"http:\/\/aatv-renovation.fr\/index.php\/travaux-interieurs\/amenagements-sur-mesure\/\">r\u00e9am\u00e9nagement<\/a>&nbsp;de vos lieux de vie afin de faire revivre votre appartement en lui redonnant cachet et \u00e9l\u00e9gance. Salon, salle \u00e0 manger, cuisine, chambre ou entr\u00e9e\/escalier, nous nous chargeons de tout changer ou partiellement, selon vos envies. La d\u00e9coration peut \u00eatre inspir\u00e9e&nbsp;<strong>d\u2019origines scandinaves<\/strong>&nbsp;en vue d\u2019apporter des tonalit\u00e9s douces et chaleureuses. Toute la famille appr\u00e9ciera cette r\u00e9alisation.<\/p>\n\n\n\n<figure class=\"wp-block-image alignright size-full\"><img loading=\"lazy\" decoding=\"async\" width=\"50\" height=\"50\" src=\"http:\/\/aatv-renovation.fr\/wp-content\/uploads\/2023\/10\/icon-1-50x50-1.png\" alt=\"\" class=\"wp-image-120\"\/><\/figure>\n<\/div><\/div>\n\n\n\n<div class=\"wp-block-columns is-layout-flex wp-container-core-columns-is-layout-28f84493 wp-block-columns-is-layout-flex\">\n<div class=\"wp-block-column is-vertically-aligned-center is-layout-flow wp-block-column-is-layout-flow\">\n<h4 class=\"wp-block-heading\">G\u00e9rer son projet de r\u00e9novation int\u00e9rieure, de A \u00e0 Z<\/h4>\n<\/div>\n\n\n\n<div class=\"wp-block-column is-layout-flow wp-block-column-is-layout-flow\">\n<p class=\"has-medium-font-size\">Transformer son int\u00e9rieur demande un peu de pr\u00e9paration. Planifier est primordial afin d\u2019\u00e9viter les erreurs de parcours et de perdre du temps\/argent. Dans le cadre de nos services, nous vous proposons&nbsp;<strong>un accompagnement sur-mesure<\/strong>&nbsp;avec une prise en charge compl\u00e8te de votre projet. Nous \u00e9tudions avec vous l\u2019int\u00e9gralit\u00e9 de votre projet afin de red\u00e9finir ensemble les \u00e9tapes importantes \u00e0 r\u00e9aliser, ainsi que les types d\u2019am\u00e9nagements\/prestations que vous d\u00e9sirez. Nous pourrons naturellement vous orienter selon le budget que vous d\u00e9sirez allouer \u00e0 votre projet.<\/p>\n<\/div>\n<\/div>\n\n\n\n<div style=\"height:100px\" aria-hidden=\"true\" class=\"wp-block-spacer\"><\/div>\n\n\n\n<div class=\"wp-block-group has-background is-layout-constrained wp-block-group-is-layout-constrained\" style=\"background-color:#e8f5f9\">\n<figure class=\"wp-block-image aligncenter size-full\"><img loading=\"lazy\" decoding=\"async\" width=\"168\" height=\"80\" src=\"http:\/\/aatv-renovation.fr\/wp-content\/uploads\/2023\/09\/contact-icon.png\" alt=\"\" class=\"wp-image-115\"\/><\/figure>\n\n\n\n<p class=\"has-text-align-center\">Appelez-nous pour vos projets de r\u00e9novation.<\/p>\n\n\n\n<div class=\"wp-block-buttons is-content-justification-center is-layout-flex wp-container-core-buttons-is-layout-a89b3969 wp-block-buttons-is-layout-flex\">\n<div class=\"wp-block-button\"><a class=\"wp-block-button__link wp-element-button\" href=\"https:\/\/www.pagesjaunes.fr\/pros\/52085801\">contact<\/a><\/div>\n<\/div>\n<\/div>\n<\/div>\n","protected":false},"excerpt":{"rendered":"<p>Une entreprise qui s\u2019occupe des projets de r\u00e9novation de votre int\u00e9rieur, \u00e0 Lyon Artisan qualifi\u00e9 R\u00e9aliser un&nbsp;projet de r\u00e9novation&nbsp;n\u2019est pas chose ais\u00e9e. Lorsque nous d\u00e9sirons&nbsp;effectuer plusieurs travaux&nbsp;d\u2019un coup, plusieurs pi\u00e8ces \u00e0 r\u00e9nover ou l\u2019appartement dans son int\u00e9gralit\u00e9, mieux vaut faire appel \u00e0 un professionnel qui vous garantira un travail bien fait, rapidement. Lib\u00e9rez-vous de cette &hellip;<\/p>\n<p class=\"read-more\"> <a class=\"\" href=\"http:\/\/aatv-renovation.fr\/index.php\/projets-de-renovation\/\"> <span class=\"screen-reader-text\">Projets de r\u00e9novation<\/span> Read More &raquo;<\/a><\/p>\n","protected":false},"author":1,"featured_media":0,"parent":0,"menu_order":0,"comment_status":"closed","ping_status":"closed","template":"","meta":{"_coblocks_attr":"","_coblocks_dimensions":"","_coblocks_responsive_height":"","_coblocks_accordion_ie_support":"","site-sidebar-layout":"default","site-content-layout":"","ast-site-content-layout":"","site-content-style":"default","site-sidebar-style":"default","ast-global-header-display":"","ast-banner-title-visibility":"","ast-main-header-display":"","ast-hfb-above-header-display":"","ast-hfb-below-header-display":"","ast-hfb-mobile-header-display":"","site-post-title":"disabled","ast-breadcrumbs-content":"","ast-featured-img":"","footer-sml-layout":"","theme-transparent-header-meta":"","adv-header-id-meta":"","stick-header-meta":"","header-above-stick-meta":"","header-main-stick-meta":"","header-below-stick-meta":"","astra-migrate-meta-layouts":"","ast-page-background-enabled":"default","ast-page-background-meta":{"desktop":{"background-color":"var(--ast-global-color-4)","background-image":"","background-repeat":"repeat","background-position":"center center","background-size":"auto","background-attachment":"scroll","background-type":"","background-media":"","overlay-type":"","overlay-color":"","overlay-gradient":""},"tablet":{"background-color":"","background-image":"","background-repeat":"repeat","background-position":"center center","background-size":"auto","background-attachment":"scroll","background-type":"","background-media":"","overlay-type":"","overlay-color":"","overlay-gradient":""},"mobile":{"background-color":"","background-image":"","background-repeat":"repeat","background-position":"center center","background-size":"auto","background-attachment":"scroll","background-type":"","background-media":"","overlay-type":"","overlay-color":"","overlay-gradient":""}},"ast-content-background-meta":{"desktop":{"background-color":"var(--ast-global-color-5)","background-image":"","background-repeat":"repeat","background-position":"center center","background-size":"auto","background-attachment":"scroll","background-type":"","background-media":"","overlay-type":"","overlay-color":"","overlay-gradient":""},"tablet":{"background-color":"var(--ast-global-color-5)","background-image":"","background-repeat":"repeat","background-position":"center center","background-size":"auto","background-attachment":"scroll","background-type":"","background-media":"","overlay-type":"","overlay-color":"","overlay-gradient":""},"mobile":{"background-color":"var(--ast-global-color-5)","background-image":"","background-repeat":"repeat","background-position":"center center","background-size":"auto","background-attachment":"scroll","background-type":"","background-media":"","overlay-type":"","overlay-color":"","overlay-gradient":""}},"footnotes":""},"class_list":["post-278","page","type-page","status-publish","hentry"],"yoast_head":"<!-- This site is optimized with the Yoast SEO plugin v21.5 - https:\/\/yoast.com\/wordpress\/plugins\/seo\/ -->\n<title>Projets de r\u00e9novation - AATV R\u00e9novation<\/title>\n<meta name=\"description\" content=\"Une entreprise qui s\u2019occupe des projets de r\u00e9novation de votre int\u00e9rieur, \u00e0 Lyon 6e et Grenoble\" \/>\n<meta name=\"robots\" content=\"index, follow, max-snippet:-1, max-image-preview:large, max-video-preview:-1\" \/>\n<link rel=\"canonical\" href=\"http:\/\/aatv-renovation.fr\/index.php\/projets-de-renovation\/\" \/>\n<meta property=\"og:locale\" content=\"en_US\" \/>\n<meta property=\"og:type\" content=\"article\" \/>\n<meta property=\"og:title\" content=\"Projets de r\u00e9novation - AATV R\u00e9novation\" \/>\n<meta property=\"og:description\" content=\"Une entreprise qui s\u2019occupe des projets de r\u00e9novation de votre int\u00e9rieur, \u00e0 Lyon 6e et Grenoble\" \/>\n<meta property=\"og:url\" content=\"http:\/\/aatv-renovation.fr\/index.php\/projets-de-renovation\/\" \/>\n<meta property=\"og:site_name\" content=\"AATV R\u00e9novation\" \/>\n<meta property=\"article:modified_time\" content=\"2023-11-03T15:38:12+00:00\" \/>\n<meta property=\"og:image\" content=\"http:\/\/aatv-renovation.fr\/wp-content\/uploads\/2023\/10\/icon-group.png\" \/>\n<meta name=\"twitter:card\" content=\"summary_large_image\" \/>\n<meta name=\"twitter:label1\" content=\"Est. reading time\" \/>\n\t<meta name=\"twitter:data1\" content=\"3 minutes\" \/>\n<script type=\"application\/ld+json\" class=\"yoast-schema-graph\">{\"@context\":\"https:\/\/schema.org\",\"@graph\":[{\"@type\":\"WebPage\",\"@id\":\"http:\/\/aatv-renovation.fr\/index.php\/projets-de-renovation\/\",\"url\":\"http:\/\/aatv-renovation.fr\/index.php\/projets-de-renovation\/\",\"name\":\"Projets de r\u00e9novation - AATV R\u00e9novation\",\"isPartOf\":{\"@id\":\"http:\/\/aatv-renovation.fr\/#website\"},\"datePublished\":\"2023-11-03T11:48:20+00:00\",\"dateModified\":\"2023-11-03T15:38:12+00:00\",\"description\":\"Une entreprise qui s\u2019occupe des projets de r\u00e9novation de votre int\u00e9rieur, \u00e0 Lyon 6e et Grenoble\",\"breadcrumb\":{\"@id\":\"http:\/\/aatv-renovation.fr\/index.php\/projets-de-renovation\/#breadcrumb\"},\"inLanguage\":\"en-US\",\"potentialAction\":[{\"@type\":\"ReadAction\",\"target\":[\"http:\/\/aatv-renovation.fr\/index.php\/projets-de-renovation\/\"]}]},{\"@type\":\"BreadcrumbList\",\"@id\":\"http:\/\/aatv-renovation.fr\/index.php\/projets-de-renovation\/#breadcrumb\",\"itemListElement\":[{\"@type\":\"ListItem\",\"position\":1,\"name\":\"Accueil\",\"item\":\"http:\/\/aatv-renovation.fr\/\"},{\"@type\":\"ListItem\",\"position\":2,\"name\":\"Projets de r\u00e9novation\"}]},{\"@type\":\"WebSite\",\"@id\":\"http:\/\/aatv-renovation.fr\/#website\",\"url\":\"http:\/\/aatv-renovation.fr\/\",\"name\":\"AATV RENOVATION\",\"description\":\"Une entreprise de r\u00e9novation, \u00e0 Lyon\",\"publisher\":{\"@id\":\"http:\/\/aatv-renovation.fr\/#organization\"},\"potentialAction\":[{\"@type\":\"SearchAction\",\"target\":{\"@type\":\"EntryPoint\",\"urlTemplate\":\"http:\/\/aatv-renovation.fr\/?s={search_term_string}\"},\"query-input\":\"required name=search_term_string\"}],\"inLanguage\":\"en-US\"},{\"@type\":\"Organization\",\"@id\":\"http:\/\/aatv-renovation.fr\/#organization\",\"name\":\"AATV RENOVATION\",\"url\":\"http:\/\/aatv-renovation.fr\/\",\"logo\":{\"@type\":\"ImageObject\",\"inLanguage\":\"en-US\",\"@id\":\"http:\/\/aatv-renovation.fr\/#\/schema\/logo\/image\/\",\"url\":\"http:\/\/aatv-renovation.fr\/wp-content\/uploads\/2023\/06\/LOGO_AATV_Vectorised-grand-format.png\",\"contentUrl\":\"http:\/\/aatv-renovation.fr\/wp-content\/uploads\/2023\/06\/LOGO_AATV_Vectorised-grand-format.png\",\"width\":1024,\"height\":868,\"caption\":\"AATV RENOVATION\"},\"image\":{\"@id\":\"http:\/\/aatv-renovation.fr\/#\/schema\/logo\/image\/\"}}]}<\/script>\n<!-- \/ Yoast SEO plugin. -->","yoast_head_json":{"title":"Projets de r\u00e9novation - AATV R\u00e9novation","description":"Une entreprise qui s\u2019occupe des projets de r\u00e9novation de votre int\u00e9rieur, \u00e0 Lyon 6e et Grenoble","robots":{"index":"index","follow":"follow","max-snippet":"max-snippet:-1","max-image-preview":"max-image-preview:large","max-video-preview":"max-video-preview:-1"},"canonical":"http:\/\/aatv-renovation.fr\/index.php\/projets-de-renovation\/","og_locale":"en_US","og_type":"article","og_title":"Projets de r\u00e9novation - AATV R\u00e9novation","og_description":"Une entreprise qui s\u2019occupe des projets de r\u00e9novation de votre int\u00e9rieur, \u00e0 Lyon 6e et Grenoble","og_url":"http:\/\/aatv-renovation.fr\/index.php\/projets-de-renovation\/","og_site_name":"AATV R\u00e9novation","article_modified_time":"2023-11-03T15:38:12+00:00","og_image":[{"url":"http:\/\/aatv-renovation.fr\/wp-content\/uploads\/2023\/10\/icon-group.png"}],"twitter_card":"summary_large_image","twitter_misc":{"Est. reading time":"3 minutes"},"schema":{"@context":"https:\/\/schema.org","@graph":[{"@type":"WebPage","@id":"http:\/\/aatv-renovation.fr\/index.php\/projets-de-renovation\/","url":"http:\/\/aatv-renovation.fr\/index.php\/projets-de-renovation\/","name":"Projets de r\u00e9novation - AATV R\u00e9novation","isPartOf":{"@id":"http:\/\/aatv-renovation.fr\/#website"},"datePublished":"2023-11-03T11:48:20+00:00","dateModified":"2023-11-03T15:38:12+00:00","description":"Une entreprise qui s\u2019occupe des projets de r\u00e9novation de votre int\u00e9rieur, \u00e0 Lyon 6e et Grenoble","breadcrumb":{"@id":"http:\/\/aatv-renovation.fr\/index.php\/projets-de-renovation\/#breadcrumb"},"inLanguage":"en-US","potentialAction":[{"@type":"ReadAction","target":["http:\/\/aatv-renovation.fr\/index.php\/projets-de-renovation\/"]}]},{"@type":"BreadcrumbList","@id":"http:\/\/aatv-renovation.fr\/index.php\/projets-de-renovation\/#breadcrumb","itemListElement":[{"@type":"ListItem","position":1,"name":"Accueil","item":"http:\/\/aatv-renovation.fr\/"},{"@type":"ListItem","position":2,"name":"Projets de r\u00e9novation"}]},{"@type":"WebSite","@id":"http:\/\/aatv-renovation.fr\/#website","url":"http:\/\/aatv-renovation.fr\/","name":"AATV RENOVATION","description":"Une entreprise de r\u00e9novation, \u00e0 Lyon","publisher":{"@id":"http:\/\/aatv-renovation.fr\/#organization"},"potentialAction":[{"@type":"SearchAction","target":{"@type":"EntryPoint","urlTemplate":"http:\/\/aatv-renovation.fr\/?s={search_term_string}"},"query-input":"required name=search_term_string"}],"inLanguage":"en-US"},{"@type":"Organization","@id":"http:\/\/aatv-renovation.fr\/#organization","name":"AATV RENOVATION","url":"http:\/\/aatv-renovation.fr\/","logo":{"@type":"ImageObject","inLanguage":"en-US","@id":"http:\/\/aatv-renovation.fr\/#\/schema\/logo\/image\/","url":"http:\/\/aatv-renovation.fr\/wp-content\/uploads\/2023\/06\/LOGO_AATV_Vectorised-grand-format.png","contentUrl":"http:\/\/aatv-renovation.fr\/wp-content\/uploads\/2023\/06\/LOGO_AATV_Vectorised-grand-format.png","width":1024,"height":868,"caption":"AATV RENOVATION"},"image":{"@id":"http:\/\/aatv-renovation.fr\/#\/schema\/logo\/image\/"}}]}},"jetpack_sharing_enabled":true,"_links":{"self":[{"href":"http:\/\/aatv-renovation.fr\/index.php\/wp-json\/wp\/v2\/pages\/278","targetHints":{"allow":["GET"]}}],"collection":[{"href":"http:\/\/aatv-renovation.fr\/index.php\/wp-json\/wp\/v2\/pages"}],"about":[{"href":"http:\/\/aatv-renovation.fr\/index.php\/wp-json\/wp\/v2\/types\/page"}],"author":[{"embeddable":true,"href":"http:\/\/aatv-renovation.fr\/index.php\/wp-json\/wp\/v2\/users\/1"}],"replies":[{"embeddable":true,"href":"http:\/\/aatv-renovation.fr\/index.php\/wp-json\/wp\/v2\/comments?post=278"}],"version-history":[{"count":6,"href":"http:\/\/aatv-renovation.fr\/index.php\/wp-json\/wp\/v2\/pages\/278\/revisions"}],"predecessor-version":[{"id":369,"href":"http:\/\/aatv-renovation.fr\/index.php\/wp-json\/wp\/v2\/pages\/278\/revisions\/369"}],"wp:attachment":[{"href":"http:\/\/aatv-renovation.fr\/index.php\/wp-json\/wp\/v2\/media?parent=278"}],"curies":[{"name":"wp","href":"https:\/\/api.w.org\/{rel}","templated":true}]}}