{"id":3,"date":"2023-06-13T16:56:38","date_gmt":"2023-06-13T14:56:38","guid":{"rendered":"http:\/\/aatv-renovation.fr\/?page_id=3"},"modified":"2023-11-09T16:51:04","modified_gmt":"2023-11-09T15:51:04","slug":"politique-confidentialite","status":"publish","type":"page","link":"http:\/\/aatv-renovation.fr\/index.php\/politique-confidentialite\/","title":{"rendered":"Politique de confidentialit\u00e9"},"content":{"rendered":"\n<h1 class=\"wp-block-heading\">Protection de la vie priv\u00e9e<\/h1>\n\n\n\n<div style=\"height:100px\" aria-hidden=\"true\" class=\"wp-block-spacer\"><\/div>\n\n\n\n<h2 class=\"wp-block-heading\"><strong>Information relative \u00e0 nos formulaires de contacts \/ demande de devis<\/strong><\/h2>\n\n\n\n<p>Les donn\u00e9es personnelles communiqu\u00e9es sont n\u00e9cessaires aux fins de vous contacter. Elles sont destin\u00e9es \u00e0 AATV et ses sous-traitants. Vous disposez de droits d\u2019acc\u00e8s, de rectification, d\u2019effacement, de portabilit\u00e9, de limitation, d\u2019opposition, de retrait de votre consentement \u00e0 tout moment et du droit d\u2019introduire une r\u00e9clamation aupr\u00e8s d\u2019une autorit\u00e9 de contr\u00f4le, ainsi que d\u2019organiser le sort de vos donn\u00e9es post-mortem. Vous pouvez exercer ces droits par voie postale \u00e0 l&#8217;adresse 16 crs Lib\u00e9ration et G\u00e9n de Gaulle, ou par courrier \u00e9lectronique \u00e0 l&#8217;adresse aatv[a]hotmail.fr. Un justificatif d&#8217;identit\u00e9 pourra vous \u00eatre demand\u00e9. Nous conservons vos donn\u00e9es pendant la p\u00e9riode de prise de contact puis pendant la dur\u00e9e de prescription l\u00e9gale aux fins probatoire et de gestion des contentieux.<\/p>\n\n\n\n<p>Nous nous r\u00e9servons le droit de modifier \u00e0 tout moment la pr\u00e9sente page. Nous vous invitons par cons\u00e9quent \u00e0 la consulter r\u00e9guli\u00e8rement afin de vous informer de ses \u00e9volutions.<\/p>\n\n\n\n<p>Derni\u00e8re date de Mise \u00e0 jour\u00a0: 09 Novembre 2023<\/p>\n\n\n\n<h2 class=\"wp-block-heading\">1. Identit\u00e9 du responsable du traitement<\/h2>\n\n\n\n<p>Les donn\u00e9es personnelles sont collect\u00e9es par l\u2019Annonceur du site tel qu\u2019identifi\u00e9 dans les mentions l\u00e9gales.<\/p>\n\n\n\n<h2 class=\"wp-block-heading\"><strong>2. Les traitements relatifs \u00e0 vos donn\u00e9es personnelles<\/strong><\/h2>\n\n\n\n<p>Notre site ne demande pas d&#8217;enregistrement nominatif \u00e0 ses visiteurs et ne proc\u00e8de \u00e0 aucun enregistrement nominatif pour la simple consultation de ses pages.<\/p>\n\n\n\n<p>Cependant, dans certains cas (formulaire de contact, fonctionnalit\u00e9s de partage et modules sociaux, rubrique cr\u00e9ation de compte, paiement en ligne&#8230;), vous pouvez \u00eatre invit\u00e9 \u00e0 laisser des donn\u00e9es personnelles (noms, pr\u00e9noms, num\u00e9ros de t\u00e9l\u00e9phones, adresses postales, adresse \u00e9lectronique\u2026). Le caract\u00e8re obligatoire ou facultatif des donn\u00e9es vous est signal\u00e9 lors de la collecte par un ast\u00e9risque.<\/p>\n\n\n\n<p>Le cas \u00e9ch\u00e9ant, le formulaire de collecte pourra \u00eatre accompagn\u00e9 d&#8217;une case \u00e0 cocher vous permettant d&#8217;accepter ou de refuser que vos donn\u00e9es soient utilis\u00e9es \u00e0 des fins commerciales pour le compte de tiers, et\/ou c\u00e9d\u00e9es \u00e0 des tiers.<\/p>\n\n\n\n<p>Nous ne collectons aucune donn\u00e9e sensible, \u00e0 savoir aucune donn\u00e9e relative \u00e0 vos origines raciales ou ethniques, \u00e0 vos opinions politiques, philosophiques ou religieuses ou votre appartenance syndicale, ou qui sont relatives \u00e0 votre sant\u00e9 ou votre vie sexuelle.<\/p>\n\n\n\n<p>Par ailleurs, lors de la consultation de notre site web et de l\u2019utilisation de nos services, nous sommes amen\u00e9s \u00e0 collecter et traiter des donn\u00e9es relatives \u00e0 votre navigation (notamment les cookies, et les pages que vous avez consult\u00e9es), et \u00e0 votre terminal (type de navigateur utilis\u00e9, mod\u00e8le et version de votre syst\u00e8me d\u2019exploitation, r\u00e9solution de votre \u00e9cran, pr\u00e9sence de certains plug-ins, \u2026). Ces donn\u00e9es seront utilis\u00e9es d\u2019une part pour adapter nos contenus et services \u00e0 vos besoins, et d\u2019autre part pour r\u00e9aliser des statistiques d\u2019utilisation de nos services afin de les rendre plus pertinents.<\/p>\n\n\n\n<p>Avec votre consentement, nous r\u00e9aliserons \u00e9galement une g\u00e9olocalisation approximative de votre ville d\u2019origine \u00e0 partir de votre adresse IP<\/p>\n\n\n\n<h2 class=\"wp-block-heading\">Quand ?<\/h2>\n\n\n\n<p>Nous collectons vos donn\u00e9es notamment quand :<\/p>\n\n\n\n<ul class=\"wp-block-list\">\n<li>Vous cr\u00e9ez et utilisez un compte personnel,<\/li>\n\n\n\n<li>Vous utilisez notre service (par exemple \u00e0 l\u2019occasion d\u2019une transaction en ligne, d\u2019une prise de rdv\u2026),<\/li>\n\n\n\n<li>Vous utilisez notre formulaire de contact,<\/li>\n\n\n\n<li>Vous naviguez sur notre site et consultez nos produits et services.<\/li>\n<\/ul>\n\n\n\n<h2 class=\"wp-block-heading\"><strong>Quelles finalit\u00e9s ?<\/strong><\/h2>\n\n\n\n<p>ous utilisons vos donn\u00e9es personnelles pour :<\/p>\n\n\n\n<ul class=\"wp-block-list\">\n<li>vous permettre d\u2019utiliser nos services ;<\/li>\n\n\n\n<li>vous informer sur les services pour lesquels vous avez exprim\u00e9 un int\u00e9r\u00eat et qui vous sont propos\u00e9s sur notre site ;<\/li>\n\n\n\n<li>vous proposer des offres publicitaires et des informations sur notre site en rapport avec vos centres d\u2019int\u00e9r\u00eat ;<\/li>\n\n\n\n<li>vous contacter&nbsp;;<\/li>\n\n\n\n<li>avec votre consentement, vous inscrire \u00e0 une newsletter et vous envoyer des informations relatives \u00e0 nos produits et services&nbsp;;<\/li>\n\n\n\n<li>nous permettre d&#8217;\u00e9tablir des statistiques et comptages de fr\u00e9quentation et d&#8217;utilisation des diverses rubriques et contenus de notre site et de nos services notamment afin d\u2019adapter lesdites rubriques et lesdits contenus en fonction de votre navigation.<\/li>\n<\/ul>\n\n\n\n<h2 class=\"wp-block-heading\">Cookies<\/h2>\n\n\n\n<p>Pour vous informer sur l\u2019utilisation faite des cookies sur notre site, sur vos droits et vos moyens de vous y opposer, vous pouvez consulter la page sp\u00e9cialement consacr\u00e9e \u00e0 cette th\u00e9matique en cliquant ici.<\/p>\n\n\n\n<h2 class=\"wp-block-heading\"><strong>Destinataires<\/strong><\/h2>\n\n\n\n<p>Sont destinataires des donn\u00e9es&nbsp;:<\/p>\n\n\n\n<ul class=\"wp-block-list\">\n<li>l\u2019Annonceur et ses \u00e9ventuels sous-traitants,<\/li>\n\n\n\n<li>Pour l\u2019identification des soci\u00e9t\u00e9s ayant consult\u00e9 notre site, et la r\u00e9alisation de statistiques de fr\u00e9quentation, la soci\u00e9t\u00e9 Solocal,<\/li>\n\n\n\n<li>Les soci\u00e9t\u00e9s fournissant les modules tiers impl\u00e9ment\u00e9s le cas \u00e9ch\u00e9ant sur ce site (ex : prise de rendez-vous, alerte email\u2026),<\/li>\n\n\n\n<li>Vos donn\u00e9es de g\u00e9olocalisation et de navigation pourront \u00eatre transmises \u00e0 nos partenaires sous r\u00e9serve de votre accord afin de vous afficher des publicit\u00e9s adapt\u00e9es \u00e0 vos centres d\u2019int\u00e9r\u00eat et vos d\u00e9placements. Est \u00e0 date partenaire la soci\u00e9t\u00e9 Digital To Store, filiale de Solocal Group. Vous trouverez plus d\u2019information sur les traitements mis en \u0153uvre par cette soci\u00e9t\u00e9 \u00e0 l\u2019adresse suivante :&nbsp;<a href=\"https:\/\/client.adhslx.com\/privacy.html\" target=\"_blank\" rel=\"noreferrer noopener\">https:\/\/client.adhslx.com\/privacy.html<\/a>.<\/li>\n<\/ul>\n\n\n\n<p>Toute transmission de ces donn\u00e9es \u00e0 des soci\u00e9t\u00e9s tierces est soumise \u00e0 votre consentement pr\u00e9alable.<\/p>\n\n\n\n<p>Nous proposons sur ce site certaines fonctionnalit\u00e9s (outil de mesure d\u2019audience, boutons de partage sur les r\u00e9seaux sociaux) dont l\u2019utilisation implique un transfert de donn\u00e9es hors Union Europ\u00e9enne, aux Etats-Unis. Les soci\u00e9t\u00e9s proposant ces fonctionnalit\u00e9s ont adh\u00e9r\u00e9 au protocole du Privacy Shield.<\/p>\n\n\n\n<h2 class=\"wp-block-heading\"><strong>Dur\u00e9e de conservation<\/strong><\/h2>\n\n\n\n<p>Vos donn\u00e9es utilisateurs sont conserv\u00e9es pendant une p\u00e9riode de 3 ans apr\u00e8s la derni\u00e8re trace d\u2019activit\u00e9 sur votre compte.<\/p>\n\n\n\n<p>Vos donn\u00e9es de contact sont conserv\u00e9es pendant la p\u00e9riode de prise de contact ainsi que pendant la dur\u00e9e n\u00e9cessaire \u00e0 des fins probatoires et de gestion des contentieux.<\/p>\n\n\n\n<p>Si vous avez consenti \u00e0 l\u2019envoi de newsletters et mails d\u2019information, vos donn\u00e9es seront conserv\u00e9es pendant 3 ans \u00e0 compter de la derni\u00e8re prise de contact.Les donn\u00e9es relatives aux commandes et aux paiements sont conserv\u00e9es pendant la p\u00e9riode n\u00e9cessaire \u00e0 l\u2019ex\u00e9cution de la transaction ainsi que pendant la dur\u00e9e n\u00e9cessaire \u00e0 des fins probatoire et de gestion des contentieux.<\/p>\n\n\n\n<h2 class=\"wp-block-heading\"><strong>Vos droits<\/strong><\/h2>\n\n\n\n<p>Conform\u00e9ment \u00e0 la loi Informatique et Libert\u00e9s du 6 janvier 1978 modifi\u00e9e, vous disposez de droits d\u2019acc\u00e8s, de rectification, d\u2019effacement, d\u2019opposition au ou de limitation du traitement de vos donn\u00e9es, de retrait de votre consentement.<\/p>\n\n\n\n<p>Vous pouvez \u00e9galement demander la rectification ou la suppression de vos donn\u00e9es en parution sur nos supports ou vous opposer \u00e0 leur communication \u00e0 des partenaires aux fins d\u2019\u00e9ditions d\u2019annuaires.<\/p>\n\n\n\n<p>Vous pouvez enfin donner des directives \u00e0 notre groupe concernant l\u2019utilisation de vos donn\u00e9es apr\u00e8s votre d\u00e9c\u00e8s.<\/p>\n\n\n\n<p>Vous pouvez exercer ces droits :<\/p>\n\n\n\n<ol class=\"wp-block-list\">\n<li>Aupr\u00e8s de l\u2019Annonceur en utilisant les coordonn\u00e9es mentionn\u00e9es ci-dessus.<\/li>\n\n\n\n<li>En ce qui concerne le traitement de donn\u00e9es permettant de vous afficher des publicit\u00e9s cibl\u00e9es : les droits peuvent s\u2019exercer apr\u00e8s de Digital To Store \u00e0 l\u2019adresse suivante :\u00a0<a href=\"https:\/\/client.adhslx.com\/privacy.html\" target=\"_blank\" rel=\"noreferrer noopener\">https:\/\/client.adhslx.com\/privacy.html<\/a><\/li>\n<\/ol>\n","protected":false},"excerpt":{"rendered":"<p>Protection de la vie priv\u00e9e Information relative \u00e0 nos formulaires de contacts \/ demande de devis Les donn\u00e9es personnelles communiqu\u00e9es sont n\u00e9cessaires aux fins de vous contacter. Elles sont destin\u00e9es \u00e0 AATV et ses sous-traitants. Vous disposez de droits d\u2019acc\u00e8s, de rectification, d\u2019effacement, de portabilit\u00e9, de limitation, d\u2019opposition, de retrait de votre consentement \u00e0 tout &hellip;<\/p>\n<p class=\"read-more\"> <a class=\"\" href=\"http:\/\/aatv-renovation.fr\/index.php\/politique-confidentialite\/\"> <span class=\"screen-reader-text\">Politique de confidentialit\u00e9<\/span> Read More &raquo;<\/a><\/p>\n","protected":false},"author":1,"featured_media":0,"parent":0,"menu_order":0,"comment_status":"closed","ping_status":"closed","template":"","meta":{"_coblocks_attr":"","_coblocks_dimensions":"","_coblocks_responsive_height":"","_coblocks_accordion_ie_support":"","site-sidebar-layout":"default","site-content-layout":"","ast-site-content-layout":"","site-content-style":"default","site-sidebar-style":"default","ast-global-header-display":"","ast-banner-title-visibility":"","ast-main-header-display":"","ast-hfb-above-header-display":"","ast-hfb-below-header-display":"","ast-hfb-mobile-header-display":"","site-post-title":"disabled","ast-breadcrumbs-content":"","ast-featured-img":"","footer-sml-layout":"","theme-transparent-header-meta":"","adv-header-id-meta":"","stick-header-meta":"","header-above-stick-meta":"","header-main-stick-meta":"","header-below-stick-meta":"","astra-migrate-meta-layouts":"","ast-page-background-enabled":"default","ast-page-background-meta":{"desktop":{"background-color":"var(--ast-global-color-4)","background-image":"","background-repeat":"repeat","background-position":"center center","background-size":"auto","background-attachment":"scroll","background-type":"","background-media":"","overlay-type":"","overlay-color":"","overlay-gradient":""},"tablet":{"background-color":"","background-image":"","background-repeat":"repeat","background-position":"center center","background-size":"auto","background-attachment":"scroll","background-type":"","background-media":"","overlay-type":"","overlay-color":"","overlay-gradient":""},"mobile":{"background-color":"","background-image":"","background-repeat":"repeat","background-position":"center center","background-size":"auto","background-attachment":"scroll","background-type":"","background-media":"","overlay-type":"","overlay-color":"","overlay-gradient":""}},"ast-content-background-meta":{"desktop":{"background-color":"var(--ast-global-color-5)","background-image":"","background-repeat":"repeat","background-position":"center center","background-size":"auto","background-attachment":"scroll","background-type":"","background-media":"","overlay-type":"","overlay-color":"","overlay-gradient":""},"tablet":{"background-color":"var(--ast-global-color-5)","background-image":"","background-repeat":"repeat","background-position":"center center","background-size":"auto","background-attachment":"scroll","background-type":"","background-media":"","overlay-type":"","overlay-color":"","overlay-gradient":""},"mobile":{"background-color":"var(--ast-global-color-5)","background-image":"","background-repeat":"repeat","background-position":"center center","background-size":"auto","background-attachment":"scroll","background-type":"","background-media":"","overlay-type":"","overlay-color":"","overlay-gradient":""}},"footnotes":""},"class_list":["post-3","page","type-page","status-publish","hentry"],"yoast_head":"<!-- This site is optimized with the Yoast SEO plugin v21.5 - https:\/\/yoast.com\/wordpress\/plugins\/seo\/ -->\n<title>Politique de confidentialit\u00e9 - AATV R\u00e9novation<\/title>\n<meta name=\"description\" content=\"Pour tout savoir de vos droits et de l&#039;utilisation des diff\u00e9rentes donn\u00e9es lors de l&#039;utilisation de notre site internet\" \/>\n<meta name=\"robots\" content=\"index, follow, max-snippet:-1, max-image-preview:large, max-video-preview:-1\" \/>\n<link rel=\"canonical\" href=\"http:\/\/aatv-renovation.fr\/index.php\/politique-confidentialite\/\" \/>\n<meta property=\"og:locale\" content=\"en_US\" \/>\n<meta property=\"og:type\" content=\"article\" \/>\n<meta property=\"og:title\" content=\"Politique de confidentialit\u00e9 - AATV R\u00e9novation\" \/>\n<meta property=\"og:description\" content=\"Pour tout savoir de vos droits et de l&#039;utilisation des diff\u00e9rentes donn\u00e9es lors de l&#039;utilisation de notre site internet\" \/>\n<meta property=\"og:url\" content=\"http:\/\/aatv-renovation.fr\/index.php\/politique-confidentialite\/\" \/>\n<meta property=\"og:site_name\" content=\"AATV R\u00e9novation\" \/>\n<meta property=\"article:modified_time\" content=\"2023-11-09T15:51:04+00:00\" \/>\n<meta name=\"twitter:card\" content=\"summary_large_image\" \/>\n<meta name=\"twitter:label1\" content=\"Est. reading time\" \/>\n\t<meta name=\"twitter:data1\" content=\"5 minutes\" \/>\n<script type=\"application\/ld+json\" class=\"yoast-schema-graph\">{\"@context\":\"https:\/\/schema.org\",\"@graph\":[{\"@type\":\"WebPage\",\"@id\":\"http:\/\/aatv-renovation.fr\/index.php\/politique-confidentialite\/\",\"url\":\"http:\/\/aatv-renovation.fr\/index.php\/politique-confidentialite\/\",\"name\":\"Politique de confidentialit\u00e9 - AATV R\u00e9novation\",\"isPartOf\":{\"@id\":\"http:\/\/aatv-renovation.fr\/#website\"},\"datePublished\":\"2023-06-13T14:56:38+00:00\",\"dateModified\":\"2023-11-09T15:51:04+00:00\",\"description\":\"Pour tout savoir de vos droits et de l'utilisation des diff\u00e9rentes donn\u00e9es lors de l'utilisation de notre site internet\",\"breadcrumb\":{\"@id\":\"http:\/\/aatv-renovation.fr\/index.php\/politique-confidentialite\/#breadcrumb\"},\"inLanguage\":\"en-US\",\"potentialAction\":[{\"@type\":\"ReadAction\",\"target\":[\"http:\/\/aatv-renovation.fr\/index.php\/politique-confidentialite\/\"]}]},{\"@type\":\"BreadcrumbList\",\"@id\":\"http:\/\/aatv-renovation.fr\/index.php\/politique-confidentialite\/#breadcrumb\",\"itemListElement\":[{\"@type\":\"ListItem\",\"position\":1,\"name\":\"Accueil\",\"item\":\"http:\/\/aatv-renovation.fr\/\"},{\"@type\":\"ListItem\",\"position\":2,\"name\":\"Politique de confidentialit\u00e9\"}]},{\"@type\":\"WebSite\",\"@id\":\"http:\/\/aatv-renovation.fr\/#website\",\"url\":\"http:\/\/aatv-renovation.fr\/\",\"name\":\"AATV RENOVATION\",\"description\":\"Une entreprise de r\u00e9novation, \u00e0 Lyon\",\"publisher\":{\"@id\":\"http:\/\/aatv-renovation.fr\/#organization\"},\"potentialAction\":[{\"@type\":\"SearchAction\",\"target\":{\"@type\":\"EntryPoint\",\"urlTemplate\":\"http:\/\/aatv-renovation.fr\/?s={search_term_string}\"},\"query-input\":\"required name=search_term_string\"}],\"inLanguage\":\"en-US\"},{\"@type\":\"Organization\",\"@id\":\"http:\/\/aatv-renovation.fr\/#organization\",\"name\":\"AATV RENOVATION\",\"url\":\"http:\/\/aatv-renovation.fr\/\",\"logo\":{\"@type\":\"ImageObject\",\"inLanguage\":\"en-US\",\"@id\":\"http:\/\/aatv-renovation.fr\/#\/schema\/logo\/image\/\",\"url\":\"http:\/\/aatv-renovation.fr\/wp-content\/uploads\/2023\/06\/LOGO_AATV_Vectorised-grand-format.png\",\"contentUrl\":\"http:\/\/aatv-renovation.fr\/wp-content\/uploads\/2023\/06\/LOGO_AATV_Vectorised-grand-format.png\",\"width\":1024,\"height\":868,\"caption\":\"AATV RENOVATION\"},\"image\":{\"@id\":\"http:\/\/aatv-renovation.fr\/#\/schema\/logo\/image\/\"}}]}<\/script>\n<!-- \/ Yoast SEO plugin. -->","yoast_head_json":{"title":"Politique de confidentialit\u00e9 - AATV R\u00e9novation","description":"Pour tout savoir de vos droits et de l'utilisation des diff\u00e9rentes donn\u00e9es lors de l'utilisation de notre site internet","robots":{"index":"index","follow":"follow","max-snippet":"max-snippet:-1","max-image-preview":"max-image-preview:large","max-video-preview":"max-video-preview:-1"},"canonical":"http:\/\/aatv-renovation.fr\/index.php\/politique-confidentialite\/","og_locale":"en_US","og_type":"article","og_title":"Politique de confidentialit\u00e9 - AATV R\u00e9novation","og_description":"Pour tout savoir de vos droits et de l'utilisation des diff\u00e9rentes donn\u00e9es lors de l'utilisation de notre site internet","og_url":"http:\/\/aatv-renovation.fr\/index.php\/politique-confidentialite\/","og_site_name":"AATV R\u00e9novation","article_modified_time":"2023-11-09T15:51:04+00:00","twitter_card":"summary_large_image","twitter_misc":{"Est. reading time":"5 minutes"},"schema":{"@context":"https:\/\/schema.org","@graph":[{"@type":"WebPage","@id":"http:\/\/aatv-renovation.fr\/index.php\/politique-confidentialite\/","url":"http:\/\/aatv-renovation.fr\/index.php\/politique-confidentialite\/","name":"Politique de confidentialit\u00e9 - AATV R\u00e9novation","isPartOf":{"@id":"http:\/\/aatv-renovation.fr\/#website"},"datePublished":"2023-06-13T14:56:38+00:00","dateModified":"2023-11-09T15:51:04+00:00","description":"Pour tout savoir de vos droits et de l'utilisation des diff\u00e9rentes donn\u00e9es lors de l'utilisation de notre site internet","breadcrumb":{"@id":"http:\/\/aatv-renovation.fr\/index.php\/politique-confidentialite\/#breadcrumb"},"inLanguage":"en-US","potentialAction":[{"@type":"ReadAction","target":["http:\/\/aatv-renovation.fr\/index.php\/politique-confidentialite\/"]}]},{"@type":"BreadcrumbList","@id":"http:\/\/aatv-renovation.fr\/index.php\/politique-confidentialite\/#breadcrumb","itemListElement":[{"@type":"ListItem","position":1,"name":"Accueil","item":"http:\/\/aatv-renovation.fr\/"},{"@type":"ListItem","position":2,"name":"Politique de confidentialit\u00e9"}]},{"@type":"WebSite","@id":"http:\/\/aatv-renovation.fr\/#website","url":"http:\/\/aatv-renovation.fr\/","name":"AATV RENOVATION","description":"Une entreprise de r\u00e9novation, \u00e0 Lyon","publisher":{"@id":"http:\/\/aatv-renovation.fr\/#organization"},"potentialAction":[{"@type":"SearchAction","target":{"@type":"EntryPoint","urlTemplate":"http:\/\/aatv-renovation.fr\/?s={search_term_string}"},"query-input":"required name=search_term_string"}],"inLanguage":"en-US"},{"@type":"Organization","@id":"http:\/\/aatv-renovation.fr\/#organization","name":"AATV RENOVATION","url":"http:\/\/aatv-renovation.fr\/","logo":{"@type":"ImageObject","inLanguage":"en-US","@id":"http:\/\/aatv-renovation.fr\/#\/schema\/logo\/image\/","url":"http:\/\/aatv-renovation.fr\/wp-content\/uploads\/2023\/06\/LOGO_AATV_Vectorised-grand-format.png","contentUrl":"http:\/\/aatv-renovation.fr\/wp-content\/uploads\/2023\/06\/LOGO_AATV_Vectorised-grand-format.png","width":1024,"height":868,"caption":"AATV RENOVATION"},"image":{"@id":"http:\/\/aatv-renovation.fr\/#\/schema\/logo\/image\/"}}]}},"jetpack_sharing_enabled":true,"_links":{"self":[{"href":"http:\/\/aatv-renovation.fr\/index.php\/wp-json\/wp\/v2\/pages\/3","targetHints":{"allow":["GET"]}}],"collection":[{"href":"http:\/\/aatv-renovation.fr\/index.php\/wp-json\/wp\/v2\/pages"}],"about":[{"href":"http:\/\/aatv-renovation.fr\/index.php\/wp-json\/wp\/v2\/types\/page"}],"author":[{"embeddable":true,"href":"http:\/\/aatv-renovation.fr\/index.php\/wp-json\/wp\/v2\/users\/1"}],"replies":[{"embeddable":true,"href":"http:\/\/aatv-renovation.fr\/index.php\/wp-json\/wp\/v2\/comments?post=3"}],"version-history":[{"count":6,"href":"http:\/\/aatv-renovation.fr\/index.php\/wp-json\/wp\/v2\/pages\/3\/revisions"}],"predecessor-version":[{"id":434,"href":"http:\/\/aatv-renovation.fr\/index.php\/wp-json\/wp\/v2\/pages\/3\/revisions\/434"}],"wp:attachment":[{"href":"http:\/\/aatv-renovation.fr\/index.php\/wp-json\/wp\/v2\/media?parent=3"}],"curies":[{"name":"wp","href":"https:\/\/api.w.org\/{rel}","templated":true}]}}