{"id":305,"date":"2023-11-03T14:45:55","date_gmt":"2023-11-03T13:45:55","guid":{"rendered":"http:\/\/aatv-renovation.fr\/?page_id=305"},"modified":"2023-11-03T16:44:32","modified_gmt":"2023-11-03T15:44:32","slug":"cuisine","status":"publish","type":"page","link":"http:\/\/aatv-renovation.fr\/index.php\/projets-de-renovation\/cuisine\/","title":{"rendered":"Cuisine"},"content":{"rendered":"\n<div class=\"wp-block-group is-layout-constrained wp-block-group-is-layout-constrained\">\n<h2 class=\"wp-block-heading\">Des experts qualifi\u00e9s pour la r\u00e9novation de votre cuisine<\/h2>\n\n\n\n<div class=\"wp-block-buttons is-layout-flex wp-block-buttons-is-layout-flex\">\n<div class=\"wp-block-button\"><a class=\"wp-block-button__link wp-element-button\" href=\"http:\/\/aatv-renovation.fr\/index.php\/projets-de-renovation\/electricite-plomberie\/\">nous installons aussi votre \u00e9lectricit\u00e9 et plomberie<\/a><\/div>\n<\/div>\n\n\n\n<figure class=\"wp-block-image aligncenter size-full\"><img loading=\"lazy\" decoding=\"async\" width=\"153\" height=\"50\" src=\"http:\/\/aatv-renovation.fr\/wp-content\/uploads\/2023\/09\/icon-group.png\" alt=\"\" class=\"wp-image-96\" srcset=\"http:\/\/aatv-renovation.fr\/wp-content\/uploads\/2023\/09\/icon-group.png 153w, http:\/\/aatv-renovation.fr\/wp-content\/uploads\/2023\/09\/icon-group-150x50.png 150w\" sizes=\"auto, (max-width: 153px) 100vw, 153px\" \/><\/figure>\n\n\n\n<p class=\"has-text-align-left\">Il est parfois difficile d\u2019imaginer r\u00e9nover sa cuisine sans exploser son budget, et imaginer\u00a0<a href=\"http:\/\/127.0.0.1:5500\/www.aatv-renovation.fr\/travaux-interieurs\/amenagements-sur-mesure\/index.html\">un <\/a><a href=\"http:\/\/aatv-renovation.fr\/index.php\/travaux-interieurs\/amenagements-sur-mesure\/\">autre am\u00e9nagement<\/a>\u00a0avec de nouveaux mat\u00e9riaux et un design contemporain n\u2019est pas \u00e0 la port\u00e9e de tout le monde. <br>Afin de vous simplifier cette \u00e9tape importante et vous permettre d\u2019imaginer de mani\u00e8re plus claire comment r\u00e9am\u00e9nager votre cuisine et choisir de nouveaux mat\u00e9riaux, nous vous proposons nos services. <br>Une cuisine rustique, vieillotte qui ne vous pla\u00eet plus\u00a0? <br>Redonnez un second souffle \u00e0 votre vieille cuisine gr\u00e2ce \u00e0 de\u00a0<a href=\"http:\/\/aatv-renovation.fr\/index.php\/travaux-interieurs\/peinture-decoration\/\">la peinture<\/a>, un nouvel am\u00e9nagement des meubles, r\u00e9agencement de l\u2019espace, du sol, d\u00e9corations.<\/p>\n\n\n\n<div class=\"wp-block-media-text is-stacked-on-mobile\"><figure class=\"wp-block-media-text__media\"><img loading=\"lazy\" decoding=\"async\" width=\"900\" height=\"675\" src=\"http:\/\/aatv-renovation.fr\/wp-content\/uploads\/2023\/11\/img_27847c3f.jpg\" alt=\"\" class=\"wp-image-371 size-full\" srcset=\"http:\/\/aatv-renovation.fr\/wp-content\/uploads\/2023\/11\/img_27847c3f.jpg 900w, http:\/\/aatv-renovation.fr\/wp-content\/uploads\/2023\/11\/img_27847c3f-300x225.jpg 300w, http:\/\/aatv-renovation.fr\/wp-content\/uploads\/2023\/11\/img_27847c3f-768x576.jpg 768w\" sizes=\"auto, (max-width: 900px) 100vw, 900px\" \/><\/figure><div class=\"wp-block-media-text__content\">\n<h4 class=\"wp-block-heading\">La peinture de vos murs et fa\u00efences, astuce \u00e9conomique &amp; efficace<\/h4>\n\n\n\n<p>La peinture est tr\u00e8s utile, car elle peut \u00eatre utilis\u00e9e pour de nombreuses t\u00e2ches.<br>En effet, dans le cas de votre cuisine,\u00a0<strong>repeindre les meubles<\/strong>\u00a0permet de red\u00e9finir le design et l\u2019ambiance de la pi\u00e8ce sans avoir \u00e0 changer enti\u00e8rement votre installation. Utilisable sur des murs laqu\u00e9s, en bois massif, fa\u00efence ou les murs, la peinture peut s\u2019adapter \u00e0\u00a0<strong>tout type de surface<\/strong>\u00a0et d\u2019environnements (humide, lisse). Repeindre ses fa\u00efences permet ainsi un rafra\u00eechissement de votre espace \u00e0 moindres frais rapidement.<br>Une question, un doute\u00a0? Contactez notre service client, ouvert du lundi au vendredi, nous serons \u00e0 m\u00eame de r\u00e9pondre \u00e0 toutes vos questions et vous guider dans le choix de vos peintures, selon vos go\u00fbts.<\/p>\n\n\n\n<figure class=\"wp-block-image alignright size-full\"><img loading=\"lazy\" decoding=\"async\" width=\"50\" height=\"50\" src=\"http:\/\/aatv-renovation.fr\/wp-content\/uploads\/2023\/10\/icon-1-50x50-1.png\" alt=\"\" class=\"wp-image-120\"\/><\/figure>\n<\/div><\/div>\n\n\n\n<div style=\"height:100px\" aria-hidden=\"true\" class=\"wp-block-spacer\"><\/div>\n\n\n\n<div class=\"wp-block-media-text has-media-on-the-right is-stacked-on-mobile\"><div class=\"wp-block-media-text__content\">\n<h4 class=\"wp-block-heading\">Une r\u00e9novation en profondeur, avec un r\u00e9am\u00e9nagement partiel ou total de votre espace<\/h4>\n\n\n\n<p>Vous souhaitez totalement remodeler votre cuisine qui ne vous convient plus du tout\u00a0?<br><strong>Agrandir votre cuisine<\/strong>\u00a0en supprimant une cloison, refaire le sol en parquet ou carrelage ? Nos artisans sont \u00e0 votre \u00e9coute pendant les heures d\u2019ouverture afin de vous conseiller et vous accompagner dans votre projet de r\u00e9novation. Pour tous travaux de r\u00e9novation de cuisine, installation d\u2019une nouvelle cuisine, la pose ou la r\u00e9paration, vous pouvez faire confiance \u00e0 nos \u00e9quipes comp\u00e9tentes.<br>Nous travaillons avec de nombreux partenaires et sommes \u00e0 m\u00eame de totalement personnaliser la r\u00e9novation de votre cuisine selon vos go\u00fbts et votre budget. Demandez d\u00e8s \u00e0 pr\u00e9sent votre devis gratuit\u00a0!<\/p>\n\n\n\n<div class=\"wp-block-buttons is-layout-flex wp-block-buttons-is-layout-flex\">\n<div class=\"wp-block-button\"><a class=\"wp-block-button__link wp-element-button\" href=\"http:\/\/aatv-renovation.fr\/index.php\/projets-de-renovation\/isolation\/\">d\u00e9couvrez \u00e9galement nos travaux d&#8217;isolation<\/a><\/div>\n<\/div>\n\n\n\n<figure class=\"wp-block-image alignright size-full\"><img loading=\"lazy\" decoding=\"async\" width=\"50\" height=\"50\" src=\"http:\/\/aatv-renovation.fr\/wp-content\/uploads\/2023\/09\/icon-3-50x50-1.png\" alt=\"\" class=\"wp-image-114\"\/><\/figure>\n<\/div><figure class=\"wp-block-media-text__media\"><img loading=\"lazy\" decoding=\"async\" width=\"960\" height=\"720\" src=\"http:\/\/aatv-renovation.fr\/wp-content\/uploads\/2023\/11\/IMG_190283f0.jpg\" alt=\"\" class=\"wp-image-372 size-full\" srcset=\"http:\/\/aatv-renovation.fr\/wp-content\/uploads\/2023\/11\/IMG_190283f0.jpg 960w, http:\/\/aatv-renovation.fr\/wp-content\/uploads\/2023\/11\/IMG_190283f0-300x225.jpg 300w, http:\/\/aatv-renovation.fr\/wp-content\/uploads\/2023\/11\/IMG_190283f0-768x576.jpg 768w\" sizes=\"auto, (max-width: 960px) 100vw, 960px\" \/><\/figure><\/div>\n\n\n\n<div class=\"wp-block-group has-background is-layout-constrained wp-block-group-is-layout-constrained\" style=\"background-color:#e8f5f9\">\n<figure class=\"wp-block-image aligncenter size-full\"><img loading=\"lazy\" decoding=\"async\" width=\"168\" height=\"80\" src=\"http:\/\/aatv-renovation.fr\/wp-content\/uploads\/2023\/09\/contact-icon.png\" alt=\"\" class=\"wp-image-115\"\/><\/figure>\n\n\n\n<p class=\"has-text-align-center\">Contactez-nous si vous souhaitez r\u00e9nover votre cuisine !<\/p>\n\n\n\n<div class=\"wp-block-buttons is-content-justification-center is-layout-flex wp-container-core-buttons-is-layout-a89b3969 wp-block-buttons-is-layout-flex\">\n<div class=\"wp-block-button\"><a class=\"wp-block-button__link wp-element-button\" href=\"https:\/\/www.pagesjaunes.fr\/pros\/52085801\">contact<\/a><\/div>\n<\/div>\n<\/div>\n<\/div>\n","protected":false},"excerpt":{"rendered":"<p>Des experts qualifi\u00e9s pour la r\u00e9novation de votre cuisine Il est parfois difficile d\u2019imaginer r\u00e9nover sa cuisine sans exploser son budget, et imaginer\u00a0un autre am\u00e9nagement\u00a0avec de nouveaux mat\u00e9riaux et un design contemporain n\u2019est pas \u00e0 la port\u00e9e de tout le monde. Afin de vous simplifier cette \u00e9tape importante et vous permettre d\u2019imaginer de mani\u00e8re plus &hellip;<\/p>\n<p class=\"read-more\"> <a class=\"\" href=\"http:\/\/aatv-renovation.fr\/index.php\/projets-de-renovation\/cuisine\/\"> <span class=\"screen-reader-text\">Cuisine<\/span> Read More &raquo;<\/a><\/p>\n","protected":false},"author":1,"featured_media":0,"parent":278,"menu_order":0,"comment_status":"closed","ping_status":"closed","template":"","meta":{"_coblocks_attr":"","_coblocks_dimensions":"","_coblocks_responsive_height":"","_coblocks_accordion_ie_support":"","site-sidebar-layout":"default","site-content-layout":"","ast-site-content-layout":"","site-content-style":"default","site-sidebar-style":"default","ast-global-header-display":"","ast-banner-title-visibility":"","ast-main-header-display":"","ast-hfb-above-header-display":"","ast-hfb-below-header-display":"","ast-hfb-mobile-header-display":"","site-post-title":"","ast-breadcrumbs-content":"","ast-featured-img":"","footer-sml-layout":"","theme-transparent-header-meta":"","adv-header-id-meta":"","stick-header-meta":"","header-above-stick-meta":"","header-main-stick-meta":"","header-below-stick-meta":"","astra-migrate-meta-layouts":"","ast-page-background-enabled":"default","ast-page-background-meta":{"desktop":{"background-color":"var(--ast-global-color-4)","background-image":"","background-repeat":"repeat","background-position":"center center","background-size":"auto","background-attachment":"scroll","background-type":"","background-media":"","overlay-type":"","overlay-color":"","overlay-gradient":""},"tablet":{"background-color":"","background-image":"","background-repeat":"repeat","background-position":"center center","background-size":"auto","background-attachment":"scroll","background-type":"","background-media":"","overlay-type":"","overlay-color":"","overlay-gradient":""},"mobile":{"background-color":"","background-image":"","background-repeat":"repeat","background-position":"center center","background-size":"auto","background-attachment":"scroll","background-type":"","background-media":"","overlay-type":"","overlay-color":"","overlay-gradient":""}},"ast-content-background-meta":{"desktop":{"background-color":"var(--ast-global-color-5)","background-image":"","background-repeat":"repeat","background-position":"center center","background-size":"auto","background-attachment":"scroll","background-type":"","background-media":"","overlay-type":"","overlay-color":"","overlay-gradient":""},"tablet":{"background-color":"var(--ast-global-color-5)","background-image":"","background-repeat":"repeat","background-position":"center center","background-size":"auto","background-attachment":"scroll","background-type":"","background-media":"","overlay-type":"","overlay-color":"","overlay-gradient":""},"mobile":{"background-color":"var(--ast-global-color-5)","background-image":"","background-repeat":"repeat","background-position":"center center","background-size":"auto","background-attachment":"scroll","background-type":"","background-media":"","overlay-type":"","overlay-color":"","overlay-gradient":""}},"footnotes":""},"class_list":["post-305","page","type-page","status-publish","hentry"],"yoast_head":"<!-- This site is optimized with the Yoast SEO plugin v21.5 - https:\/\/yoast.com\/wordpress\/plugins\/seo\/ -->\n<title>Cuisine - AATV R\u00e9novation<\/title>\n<meta name=\"description\" content=\"Des experts qualifi\u00e9s pour la r\u00e9novation de votre cuisine \u00e0 Lyon 6e et Grenoble\" \/>\n<meta name=\"robots\" content=\"index, follow, max-snippet:-1, max-image-preview:large, max-video-preview:-1\" \/>\n<link rel=\"canonical\" href=\"http:\/\/aatv-renovation.fr\/index.php\/projets-de-renovation\/cuisine\/\" \/>\n<meta property=\"og:locale\" content=\"en_US\" \/>\n<meta property=\"og:type\" content=\"article\" \/>\n<meta property=\"og:title\" content=\"Cuisine - AATV R\u00e9novation\" \/>\n<meta property=\"og:description\" content=\"Des experts qualifi\u00e9s pour la r\u00e9novation de votre cuisine \u00e0 Lyon 6e et Grenoble\" \/>\n<meta property=\"og:url\" content=\"http:\/\/aatv-renovation.fr\/index.php\/projets-de-renovation\/cuisine\/\" \/>\n<meta property=\"og:site_name\" content=\"AATV R\u00e9novation\" \/>\n<meta property=\"article:modified_time\" content=\"2023-11-03T15:44:32+00:00\" \/>\n<meta property=\"og:image\" content=\"http:\/\/aatv-renovation.fr\/wp-content\/uploads\/2023\/09\/icon-group.png\" \/>\n<meta name=\"twitter:card\" content=\"summary_large_image\" \/>\n<meta name=\"twitter:label1\" content=\"Est. reading time\" \/>\n\t<meta name=\"twitter:data1\" content=\"3 minutes\" \/>\n<script type=\"application\/ld+json\" class=\"yoast-schema-graph\">{\"@context\":\"https:\/\/schema.org\",\"@graph\":[{\"@type\":\"WebPage\",\"@id\":\"http:\/\/aatv-renovation.fr\/index.php\/projets-de-renovation\/cuisine\/\",\"url\":\"http:\/\/aatv-renovation.fr\/index.php\/projets-de-renovation\/cuisine\/\",\"name\":\"Cuisine - AATV R\u00e9novation\",\"isPartOf\":{\"@id\":\"http:\/\/aatv-renovation.fr\/#website\"},\"datePublished\":\"2023-11-03T13:45:55+00:00\",\"dateModified\":\"2023-11-03T15:44:32+00:00\",\"description\":\"Des experts qualifi\u00e9s pour la r\u00e9novation de votre cuisine \u00e0 Lyon 6e et Grenoble\",\"breadcrumb\":{\"@id\":\"http:\/\/aatv-renovation.fr\/index.php\/projets-de-renovation\/cuisine\/#breadcrumb\"},\"inLanguage\":\"en-US\",\"potentialAction\":[{\"@type\":\"ReadAction\",\"target\":[\"http:\/\/aatv-renovation.fr\/index.php\/projets-de-renovation\/cuisine\/\"]}]},{\"@type\":\"BreadcrumbList\",\"@id\":\"http:\/\/aatv-renovation.fr\/index.php\/projets-de-renovation\/cuisine\/#breadcrumb\",\"itemListElement\":[{\"@type\":\"ListItem\",\"position\":1,\"name\":\"Accueil\",\"item\":\"http:\/\/aatv-renovation.fr\/\"},{\"@type\":\"ListItem\",\"position\":2,\"name\":\"Projets de r\u00e9novation\",\"item\":\"http:\/\/aatv-renovation.fr\/index.php\/projets-de-renovation\/\"},{\"@type\":\"ListItem\",\"position\":3,\"name\":\"Cuisine\"}]},{\"@type\":\"WebSite\",\"@id\":\"http:\/\/aatv-renovation.fr\/#website\",\"url\":\"http:\/\/aatv-renovation.fr\/\",\"name\":\"AATV RENOVATION\",\"description\":\"Une entreprise de r\u00e9novation, \u00e0 Lyon\",\"publisher\":{\"@id\":\"http:\/\/aatv-renovation.fr\/#organization\"},\"potentialAction\":[{\"@type\":\"SearchAction\",\"target\":{\"@type\":\"EntryPoint\",\"urlTemplate\":\"http:\/\/aatv-renovation.fr\/?s={search_term_string}\"},\"query-input\":\"required name=search_term_string\"}],\"inLanguage\":\"en-US\"},{\"@type\":\"Organization\",\"@id\":\"http:\/\/aatv-renovation.fr\/#organization\",\"name\":\"AATV RENOVATION\",\"url\":\"http:\/\/aatv-renovation.fr\/\",\"logo\":{\"@type\":\"ImageObject\",\"inLanguage\":\"en-US\",\"@id\":\"http:\/\/aatv-renovation.fr\/#\/schema\/logo\/image\/\",\"url\":\"http:\/\/aatv-renovation.fr\/wp-content\/uploads\/2023\/06\/LOGO_AATV_Vectorised-grand-format.png\",\"contentUrl\":\"http:\/\/aatv-renovation.fr\/wp-content\/uploads\/2023\/06\/LOGO_AATV_Vectorised-grand-format.png\",\"width\":1024,\"height\":868,\"caption\":\"AATV RENOVATION\"},\"image\":{\"@id\":\"http:\/\/aatv-renovation.fr\/#\/schema\/logo\/image\/\"}}]}<\/script>\n<!-- \/ Yoast SEO plugin. -->","yoast_head_json":{"title":"Cuisine - AATV R\u00e9novation","description":"Des experts qualifi\u00e9s pour la r\u00e9novation de votre cuisine \u00e0 Lyon 6e et Grenoble","robots":{"index":"index","follow":"follow","max-snippet":"max-snippet:-1","max-image-preview":"max-image-preview:large","max-video-preview":"max-video-preview:-1"},"canonical":"http:\/\/aatv-renovation.fr\/index.php\/projets-de-renovation\/cuisine\/","og_locale":"en_US","og_type":"article","og_title":"Cuisine - AATV R\u00e9novation","og_description":"Des experts qualifi\u00e9s pour la r\u00e9novation de votre cuisine \u00e0 Lyon 6e et Grenoble","og_url":"http:\/\/aatv-renovation.fr\/index.php\/projets-de-renovation\/cuisine\/","og_site_name":"AATV R\u00e9novation","article_modified_time":"2023-11-03T15:44:32+00:00","og_image":[{"url":"http:\/\/aatv-renovation.fr\/wp-content\/uploads\/2023\/09\/icon-group.png"}],"twitter_card":"summary_large_image","twitter_misc":{"Est. reading time":"3 minutes"},"schema":{"@context":"https:\/\/schema.org","@graph":[{"@type":"WebPage","@id":"http:\/\/aatv-renovation.fr\/index.php\/projets-de-renovation\/cuisine\/","url":"http:\/\/aatv-renovation.fr\/index.php\/projets-de-renovation\/cuisine\/","name":"Cuisine - AATV R\u00e9novation","isPartOf":{"@id":"http:\/\/aatv-renovation.fr\/#website"},"datePublished":"2023-11-03T13:45:55+00:00","dateModified":"2023-11-03T15:44:32+00:00","description":"Des experts qualifi\u00e9s pour la r\u00e9novation de votre cuisine \u00e0 Lyon 6e et Grenoble","breadcrumb":{"@id":"http:\/\/aatv-renovation.fr\/index.php\/projets-de-renovation\/cuisine\/#breadcrumb"},"inLanguage":"en-US","potentialAction":[{"@type":"ReadAction","target":["http:\/\/aatv-renovation.fr\/index.php\/projets-de-renovation\/cuisine\/"]}]},{"@type":"BreadcrumbList","@id":"http:\/\/aatv-renovation.fr\/index.php\/projets-de-renovation\/cuisine\/#breadcrumb","itemListElement":[{"@type":"ListItem","position":1,"name":"Accueil","item":"http:\/\/aatv-renovation.fr\/"},{"@type":"ListItem","position":2,"name":"Projets de r\u00e9novation","item":"http:\/\/aatv-renovation.fr\/index.php\/projets-de-renovation\/"},{"@type":"ListItem","position":3,"name":"Cuisine"}]},{"@type":"WebSite","@id":"http:\/\/aatv-renovation.fr\/#website","url":"http:\/\/aatv-renovation.fr\/","name":"AATV RENOVATION","description":"Une entreprise de r\u00e9novation, \u00e0 Lyon","publisher":{"@id":"http:\/\/aatv-renovation.fr\/#organization"},"potentialAction":[{"@type":"SearchAction","target":{"@type":"EntryPoint","urlTemplate":"http:\/\/aatv-renovation.fr\/?s={search_term_string}"},"query-input":"required name=search_term_string"}],"inLanguage":"en-US"},{"@type":"Organization","@id":"http:\/\/aatv-renovation.fr\/#organization","name":"AATV RENOVATION","url":"http:\/\/aatv-renovation.fr\/","logo":{"@type":"ImageObject","inLanguage":"en-US","@id":"http:\/\/aatv-renovation.fr\/#\/schema\/logo\/image\/","url":"http:\/\/aatv-renovation.fr\/wp-content\/uploads\/2023\/06\/LOGO_AATV_Vectorised-grand-format.png","contentUrl":"http:\/\/aatv-renovation.fr\/wp-content\/uploads\/2023\/06\/LOGO_AATV_Vectorised-grand-format.png","width":1024,"height":868,"caption":"AATV RENOVATION"},"image":{"@id":"http:\/\/aatv-renovation.fr\/#\/schema\/logo\/image\/"}}]}},"jetpack_sharing_enabled":true,"_links":{"self":[{"href":"http:\/\/aatv-renovation.fr\/index.php\/wp-json\/wp\/v2\/pages\/305","targetHints":{"allow":["GET"]}}],"collection":[{"href":"http:\/\/aatv-renovation.fr\/index.php\/wp-json\/wp\/v2\/pages"}],"about":[{"href":"http:\/\/aatv-renovation.fr\/index.php\/wp-json\/wp\/v2\/types\/page"}],"author":[{"embeddable":true,"href":"http:\/\/aatv-renovation.fr\/index.php\/wp-json\/wp\/v2\/users\/1"}],"replies":[{"embeddable":true,"href":"http:\/\/aatv-renovation.fr\/index.php\/wp-json\/wp\/v2\/comments?post=305"}],"version-history":[{"count":2,"href":"http:\/\/aatv-renovation.fr\/index.php\/wp-json\/wp\/v2\/pages\/305\/revisions"}],"predecessor-version":[{"id":373,"href":"http:\/\/aatv-renovation.fr\/index.php\/wp-json\/wp\/v2\/pages\/305\/revisions\/373"}],"up":[{"embeddable":true,"href":"http:\/\/aatv-renovation.fr\/index.php\/wp-json\/wp\/v2\/pages\/278"}],"wp:attachment":[{"href":"http:\/\/aatv-renovation.fr\/index.php\/wp-json\/wp\/v2\/media?parent=305"}],"curies":[{"name":"wp","href":"https:\/\/api.w.org\/{rel}","templated":true}]}}