{"id":307,"date":"2023-11-03T14:46:08","date_gmt":"2023-11-03T13:46:08","guid":{"rendered":"http:\/\/aatv-renovation.fr\/?page_id=307"},"modified":"2023-11-03T16:51:02","modified_gmt":"2023-11-03T15:51:02","slug":"isolation","status":"publish","type":"page","link":"http:\/\/aatv-renovation.fr\/index.php\/projets-de-renovation\/isolation\/","title":{"rendered":"Isolation"},"content":{"rendered":"\n<div class=\"wp-block-group is-layout-constrained wp-block-group-is-layout-constrained\">\n<h2 class=\"wp-block-heading\">La r\u00e9novation passe avant tout par l\u2019isolation de vos int\u00e9rieurs \u00e0 Lyon<\/h2>\n\n\n\n<div class=\"wp-block-buttons is-layout-flex wp-block-buttons-is-layout-flex\">\n<div class=\"wp-block-button\"><a class=\"wp-block-button__link wp-element-button\" href=\"http:\/\/aatv-renovation.fr\/index.php\/projets-de-renovation\/cuisine\/\">une \u00e9quipe d&#8217;experts en r\u00e9novation de cuisines<\/a><\/div>\n<\/div>\n\n\n\n<figure class=\"wp-block-image aligncenter size-full\"><img loading=\"lazy\" decoding=\"async\" width=\"153\" height=\"50\" src=\"http:\/\/aatv-renovation.fr\/wp-content\/uploads\/2023\/10\/icon-group.png\" alt=\"\" class=\"wp-image-220\" srcset=\"http:\/\/aatv-renovation.fr\/wp-content\/uploads\/2023\/10\/icon-group.png 153w, http:\/\/aatv-renovation.fr\/wp-content\/uploads\/2023\/10\/icon-group-150x50.png 150w\" sizes=\"auto, (max-width: 153px) 100vw, 153px\" \/><\/figure>\n\n\n\n<p>L\u2019isolation est un r\u00e9el facteur de diff\u00e9rentiation au c\u0153ur d\u2019un logement. En effet, une bonne isolation permet un logement plus confortable en r\u00e9duisant les fuites de chaleur ou au contraire, un logement en surchauffe durant l\u2019\u00e9t\u00e9. <br>L\u2019isolation passe par\u00a0<a href=\"http:\/\/aatv-renovation.fr\/index.php\/travaux-interieurs\/revetements-de-sol\/\">les sols<\/a>, les murs, les menuiseries et les plafonds, et certaines habitations sont parfois sujettes \u00e0 des ponts thermiques, qui alt\u00e8rent l\u2019isolation globale de l\u2019habitation. <br>Une bonne isolation permet non seulement un meilleur confort, mais \u00e9galement des \u00e9conomies, avec une maison ayant moins besoin d\u2019\u00eatre chauff\u00e9e ou refroidie, conduisant \u00e9galement \u00e0 un impact environnemental r\u00e9duit.<\/p>\n\n\n\n<div class=\"wp-block-media-text is-stacked-on-mobile\"><figure class=\"wp-block-media-text__media\"><img loading=\"lazy\" decoding=\"async\" width=\"960\" height=\"720\" src=\"http:\/\/aatv-renovation.fr\/wp-content\/uploads\/2023\/11\/IMG_00641b2f.jpg\" alt=\"\" class=\"wp-image-282 size-full\" srcset=\"http:\/\/aatv-renovation.fr\/wp-content\/uploads\/2023\/11\/IMG_00641b2f.jpg 960w, http:\/\/aatv-renovation.fr\/wp-content\/uploads\/2023\/11\/IMG_00641b2f-300x225.jpg 300w, http:\/\/aatv-renovation.fr\/wp-content\/uploads\/2023\/11\/IMG_00641b2f-768x576.jpg 768w\" sizes=\"auto, (max-width: 960px) 100vw, 960px\" \/><\/figure><div class=\"wp-block-media-text__content\">\n<h4 class=\"wp-block-heading\">Un r\u00e9am\u00e9nagement intelligent de vos espaces, une isolation des murs performantes<\/h4>\n\n\n\n<p>Il est parfois assez difficile de choisir la\u00a0<strong>bonne isolation<\/strong>\u00a0pour son logement. Les r\u00e9f\u00e9rences s\u2019additionnent, les techniques sont \u00e9galement de plus en plus vari\u00e9es, et il est difficile pour un non initi\u00e9 de se faire une opinion tranch\u00e9e sur la\u00a0<strong>bonne isolation<\/strong>\u00a0\u00e0 adopter pour son int\u00e9rieur. De plus, chaque type d\u2019isolant requiert un savoir faire bien particulier et doit \u00eatre r\u00e9alis\u00e9 de la bonne mani\u00e8re afin que l\u2019isolation soit la plus performante possible. En cet \u00e9tat, notre entreprise se positionne comme un partenaire incontournable \u00e0 vos c\u00f4t\u00e9s.<br>Demandez l\u2019aide de notre service client afin de vous conseiller pour une isolation totale ou partielle de votre habitation. Nous vous encourageons \u00e9galement \u00e0 demander votre devis gratuit.<\/p>\n\n\n\n<div class=\"wp-block-buttons is-layout-flex wp-block-buttons-is-layout-flex\">\n<div class=\"wp-block-button\"><a class=\"wp-block-button__link wp-element-button\" href=\"http:\/\/aatv-renovation.fr\/index.php\/projets-de-renovation\/electricite-plomberie\/\">nos services d&#8217;\u00e9lectricit\u00e9 et de plomberie<\/a><\/div>\n<\/div>\n\n\n\n<figure class=\"wp-block-image alignright size-full\"><img loading=\"lazy\" decoding=\"async\" width=\"50\" height=\"50\" src=\"http:\/\/aatv-renovation.fr\/wp-content\/uploads\/2023\/10\/icon-1-50x50-2.png\" alt=\"\" class=\"wp-image-165\"\/><\/figure>\n<\/div><\/div>\n\n\n\n<div style=\"height:100px\" aria-hidden=\"true\" class=\"wp-block-spacer\"><\/div>\n\n\n\n<div class=\"wp-block-media-text has-media-on-the-right is-stacked-on-mobile\"><div class=\"wp-block-media-text__content\">\n<h4 class=\"wp-block-heading\">Un service sur-mesure, adapt\u00e9 \u00e0 chacun de nos clients<\/h4>\n\n\n\n<p>Que ce soit pour l\u2019isolation des murs, de votre plafond ou vos menuiseries trop vieilles et qui produisent des ponts thermiques tr\u00e8s \u00e9nergivores, notre entreprise se tient pr\u00eate \u00e0 vous conseiller et vous accompagner dans votre\u00a0<a href=\"http:\/\/127.0.0.1:5500\/www.aatv-renovation.fr\/travaux-interieurs\/index.html\">p<\/a><a href=\"http:\/\/aatv-renovation.fr\/index.php\/travaux-interieurs\/\">rojet de r\u00e9novat<\/a><a href=\"http:\/\/127.0.0.1:5500\/www.aatv-renovation.fr\/travaux-interieurs\/index.html\">ion<\/a>\u00a0de votre isolation. Nous disposons du mat\u00e9riel et des comp\u00e9tences n\u00e9cessaires afin de produire un r\u00e9sultat impeccable pour\u00a0<strong>tous les types d\u2019isolation<\/strong>. Nous travaillons notamment avec des faux plafonds, parois pl\u00e2tres\/isolants, et d\u2019autres mat\u00e9riaux pour l\u2019isolation des sols ou des murs (laine de verre\/roche). Nous pouvons vous proposer de nombreux mat\u00e9riaux selon la nature de votre demande, pour une isolation acoustique, thermique, ou qui combine les deux, par exemple.<\/p>\n\n\n\n<figure class=\"wp-block-image alignright size-full\"><img loading=\"lazy\" decoding=\"async\" width=\"50\" height=\"50\" src=\"http:\/\/aatv-renovation.fr\/wp-content\/uploads\/2023\/09\/icon-3-50x50-1.png\" alt=\"\" class=\"wp-image-114\"\/><\/figure>\n<\/div><figure class=\"wp-block-media-text__media\"><img loading=\"lazy\" decoding=\"async\" width=\"960\" height=\"640\" src=\"http:\/\/aatv-renovation.fr\/wp-content\/uploads\/2023\/11\/12527292979e97.jpg\" alt=\"\" class=\"wp-image-375 size-full\" srcset=\"http:\/\/aatv-renovation.fr\/wp-content\/uploads\/2023\/11\/12527292979e97.jpg 960w, http:\/\/aatv-renovation.fr\/wp-content\/uploads\/2023\/11\/12527292979e97-300x200.jpg 300w, http:\/\/aatv-renovation.fr\/wp-content\/uploads\/2023\/11\/12527292979e97-768x512.jpg 768w\" sizes=\"auto, (max-width: 960px) 100vw, 960px\" \/><\/figure><\/div>\n\n\n\n<div class=\"wp-block-group has-background is-layout-constrained wp-block-group-is-layout-constrained\" style=\"background-color:#e8f5f9\">\n<figure class=\"wp-block-image aligncenter size-full\"><img loading=\"lazy\" decoding=\"async\" width=\"168\" height=\"80\" src=\"http:\/\/aatv-renovation.fr\/wp-content\/uploads\/2023\/09\/contact-icon.png\" alt=\"\" class=\"wp-image-115\"\/><\/figure>\n\n\n\n<p class=\"has-text-align-center\">Sollicitez-nous pour isoler votre maison !<\/p>\n\n\n\n<div class=\"wp-block-buttons is-content-justification-center is-layout-flex wp-container-core-buttons-is-layout-a89b3969 wp-block-buttons-is-layout-flex\">\n<div class=\"wp-block-button\"><a class=\"wp-block-button__link wp-element-button\" href=\"https:\/\/www.pagesjaunes.fr\/pros\/52085801\">contact<\/a><\/div>\n<\/div>\n<\/div>\n<\/div>\n","protected":false},"excerpt":{"rendered":"<p>La r\u00e9novation passe avant tout par l\u2019isolation de vos int\u00e9rieurs \u00e0 Lyon L\u2019isolation est un r\u00e9el facteur de diff\u00e9rentiation au c\u0153ur d\u2019un logement. En effet, une bonne isolation permet un logement plus confortable en r\u00e9duisant les fuites de chaleur ou au contraire, un logement en surchauffe durant l\u2019\u00e9t\u00e9. L\u2019isolation passe par\u00a0les sols, les murs, les &hellip;<\/p>\n<p class=\"read-more\"> <a class=\"\" href=\"http:\/\/aatv-renovation.fr\/index.php\/projets-de-renovation\/isolation\/\"> <span class=\"screen-reader-text\">Isolation<\/span> Read More &raquo;<\/a><\/p>\n","protected":false},"author":1,"featured_media":0,"parent":278,"menu_order":1,"comment_status":"closed","ping_status":"closed","template":"","meta":{"_coblocks_attr":"","_coblocks_dimensions":"","_coblocks_responsive_height":"","_coblocks_accordion_ie_support":"","site-sidebar-layout":"default","site-content-layout":"","ast-site-content-layout":"","site-content-style":"default","site-sidebar-style":"default","ast-global-header-display":"","ast-banner-title-visibility":"","ast-main-header-display":"","ast-hfb-above-header-display":"","ast-hfb-below-header-display":"","ast-hfb-mobile-header-display":"","site-post-title":"disabled","ast-breadcrumbs-content":"","ast-featured-img":"","footer-sml-layout":"","theme-transparent-header-meta":"","adv-header-id-meta":"","stick-header-meta":"","header-above-stick-meta":"","header-main-stick-meta":"","header-below-stick-meta":"","astra-migrate-meta-layouts":"","ast-page-background-enabled":"default","ast-page-background-meta":{"desktop":{"background-color":"var(--ast-global-color-4)","background-image":"","background-repeat":"repeat","background-position":"center center","background-size":"auto","background-attachment":"scroll","background-type":"","background-media":"","overlay-type":"","overlay-color":"","overlay-gradient":""},"tablet":{"background-color":"","background-image":"","background-repeat":"repeat","background-position":"center center","background-size":"auto","background-attachment":"scroll","background-type":"","background-media":"","overlay-type":"","overlay-color":"","overlay-gradient":""},"mobile":{"background-color":"","background-image":"","background-repeat":"repeat","background-position":"center center","background-size":"auto","background-attachment":"scroll","background-type":"","background-media":"","overlay-type":"","overlay-color":"","overlay-gradient":""}},"ast-content-background-meta":{"desktop":{"background-color":"var(--ast-global-color-5)","background-image":"","background-repeat":"repeat","background-position":"center center","background-size":"auto","background-attachment":"scroll","background-type":"","background-media":"","overlay-type":"","overlay-color":"","overlay-gradient":""},"tablet":{"background-color":"var(--ast-global-color-5)","background-image":"","background-repeat":"repeat","background-position":"center center","background-size":"auto","background-attachment":"scroll","background-type":"","background-media":"","overlay-type":"","overlay-color":"","overlay-gradient":""},"mobile":{"background-color":"var(--ast-global-color-5)","background-image":"","background-repeat":"repeat","background-position":"center center","background-size":"auto","background-attachment":"scroll","background-type":"","background-media":"","overlay-type":"","overlay-color":"","overlay-gradient":""}},"footnotes":""},"class_list":["post-307","page","type-page","status-publish","hentry"],"yoast_head":"<!-- This site is optimized with the Yoast SEO plugin v21.5 - https:\/\/yoast.com\/wordpress\/plugins\/seo\/ -->\n<title>Isolation - AATV R\u00e9novation<\/title>\n<meta name=\"description\" content=\"La r\u00e9novation passe avant tout par l\u2019isolation de vos int\u00e9rieurs \u00e0 Lyon 6e et Grenoble\" \/>\n<meta name=\"robots\" content=\"index, follow, max-snippet:-1, max-image-preview:large, max-video-preview:-1\" \/>\n<link rel=\"canonical\" href=\"http:\/\/aatv-renovation.fr\/index.php\/projets-de-renovation\/isolation\/\" \/>\n<meta property=\"og:locale\" content=\"en_US\" \/>\n<meta property=\"og:type\" content=\"article\" \/>\n<meta property=\"og:title\" content=\"Isolation - AATV R\u00e9novation\" \/>\n<meta property=\"og:description\" content=\"La r\u00e9novation passe avant tout par l\u2019isolation de vos int\u00e9rieurs \u00e0 Lyon 6e et Grenoble\" \/>\n<meta property=\"og:url\" content=\"http:\/\/aatv-renovation.fr\/index.php\/projets-de-renovation\/isolation\/\" \/>\n<meta property=\"og:site_name\" content=\"AATV R\u00e9novation\" \/>\n<meta property=\"article:modified_time\" content=\"2023-11-03T15:51:02+00:00\" \/>\n<meta property=\"og:image\" content=\"http:\/\/aatv-renovation.fr\/wp-content\/uploads\/2023\/10\/icon-group.png\" \/>\n<meta name=\"twitter:card\" content=\"summary_large_image\" \/>\n<meta name=\"twitter:label1\" content=\"Est. reading time\" \/>\n\t<meta name=\"twitter:data1\" content=\"3 minutes\" \/>\n<script type=\"application\/ld+json\" class=\"yoast-schema-graph\">{\"@context\":\"https:\/\/schema.org\",\"@graph\":[{\"@type\":\"WebPage\",\"@id\":\"http:\/\/aatv-renovation.fr\/index.php\/projets-de-renovation\/isolation\/\",\"url\":\"http:\/\/aatv-renovation.fr\/index.php\/projets-de-renovation\/isolation\/\",\"name\":\"Isolation - AATV R\u00e9novation\",\"isPartOf\":{\"@id\":\"http:\/\/aatv-renovation.fr\/#website\"},\"datePublished\":\"2023-11-03T13:46:08+00:00\",\"dateModified\":\"2023-11-03T15:51:02+00:00\",\"description\":\"La r\u00e9novation passe avant tout par l\u2019isolation de vos int\u00e9rieurs \u00e0 Lyon 6e et Grenoble\",\"breadcrumb\":{\"@id\":\"http:\/\/aatv-renovation.fr\/index.php\/projets-de-renovation\/isolation\/#breadcrumb\"},\"inLanguage\":\"en-US\",\"potentialAction\":[{\"@type\":\"ReadAction\",\"target\":[\"http:\/\/aatv-renovation.fr\/index.php\/projets-de-renovation\/isolation\/\"]}]},{\"@type\":\"BreadcrumbList\",\"@id\":\"http:\/\/aatv-renovation.fr\/index.php\/projets-de-renovation\/isolation\/#breadcrumb\",\"itemListElement\":[{\"@type\":\"ListItem\",\"position\":1,\"name\":\"Accueil\",\"item\":\"http:\/\/aatv-renovation.fr\/\"},{\"@type\":\"ListItem\",\"position\":2,\"name\":\"Projets de r\u00e9novation\",\"item\":\"http:\/\/aatv-renovation.fr\/index.php\/projets-de-renovation\/\"},{\"@type\":\"ListItem\",\"position\":3,\"name\":\"Isolation\"}]},{\"@type\":\"WebSite\",\"@id\":\"http:\/\/aatv-renovation.fr\/#website\",\"url\":\"http:\/\/aatv-renovation.fr\/\",\"name\":\"AATV RENOVATION\",\"description\":\"Une entreprise de r\u00e9novation, \u00e0 Lyon\",\"publisher\":{\"@id\":\"http:\/\/aatv-renovation.fr\/#organization\"},\"potentialAction\":[{\"@type\":\"SearchAction\",\"target\":{\"@type\":\"EntryPoint\",\"urlTemplate\":\"http:\/\/aatv-renovation.fr\/?s={search_term_string}\"},\"query-input\":\"required name=search_term_string\"}],\"inLanguage\":\"en-US\"},{\"@type\":\"Organization\",\"@id\":\"http:\/\/aatv-renovation.fr\/#organization\",\"name\":\"AATV RENOVATION\",\"url\":\"http:\/\/aatv-renovation.fr\/\",\"logo\":{\"@type\":\"ImageObject\",\"inLanguage\":\"en-US\",\"@id\":\"http:\/\/aatv-renovation.fr\/#\/schema\/logo\/image\/\",\"url\":\"http:\/\/aatv-renovation.fr\/wp-content\/uploads\/2023\/06\/LOGO_AATV_Vectorised-grand-format.png\",\"contentUrl\":\"http:\/\/aatv-renovation.fr\/wp-content\/uploads\/2023\/06\/LOGO_AATV_Vectorised-grand-format.png\",\"width\":1024,\"height\":868,\"caption\":\"AATV RENOVATION\"},\"image\":{\"@id\":\"http:\/\/aatv-renovation.fr\/#\/schema\/logo\/image\/\"}}]}<\/script>\n<!-- \/ Yoast SEO plugin. -->","yoast_head_json":{"title":"Isolation - AATV R\u00e9novation","description":"La r\u00e9novation passe avant tout par l\u2019isolation de vos int\u00e9rieurs \u00e0 Lyon 6e et Grenoble","robots":{"index":"index","follow":"follow","max-snippet":"max-snippet:-1","max-image-preview":"max-image-preview:large","max-video-preview":"max-video-preview:-1"},"canonical":"http:\/\/aatv-renovation.fr\/index.php\/projets-de-renovation\/isolation\/","og_locale":"en_US","og_type":"article","og_title":"Isolation - AATV R\u00e9novation","og_description":"La r\u00e9novation passe avant tout par l\u2019isolation de vos int\u00e9rieurs \u00e0 Lyon 6e et Grenoble","og_url":"http:\/\/aatv-renovation.fr\/index.php\/projets-de-renovation\/isolation\/","og_site_name":"AATV R\u00e9novation","article_modified_time":"2023-11-03T15:51:02+00:00","og_image":[{"url":"http:\/\/aatv-renovation.fr\/wp-content\/uploads\/2023\/10\/icon-group.png"}],"twitter_card":"summary_large_image","twitter_misc":{"Est. reading time":"3 minutes"},"schema":{"@context":"https:\/\/schema.org","@graph":[{"@type":"WebPage","@id":"http:\/\/aatv-renovation.fr\/index.php\/projets-de-renovation\/isolation\/","url":"http:\/\/aatv-renovation.fr\/index.php\/projets-de-renovation\/isolation\/","name":"Isolation - AATV R\u00e9novation","isPartOf":{"@id":"http:\/\/aatv-renovation.fr\/#website"},"datePublished":"2023-11-03T13:46:08+00:00","dateModified":"2023-11-03T15:51:02+00:00","description":"La r\u00e9novation passe avant tout par l\u2019isolation de vos int\u00e9rieurs \u00e0 Lyon 6e et Grenoble","breadcrumb":{"@id":"http:\/\/aatv-renovation.fr\/index.php\/projets-de-renovation\/isolation\/#breadcrumb"},"inLanguage":"en-US","potentialAction":[{"@type":"ReadAction","target":["http:\/\/aatv-renovation.fr\/index.php\/projets-de-renovation\/isolation\/"]}]},{"@type":"BreadcrumbList","@id":"http:\/\/aatv-renovation.fr\/index.php\/projets-de-renovation\/isolation\/#breadcrumb","itemListElement":[{"@type":"ListItem","position":1,"name":"Accueil","item":"http:\/\/aatv-renovation.fr\/"},{"@type":"ListItem","position":2,"name":"Projets de r\u00e9novation","item":"http:\/\/aatv-renovation.fr\/index.php\/projets-de-renovation\/"},{"@type":"ListItem","position":3,"name":"Isolation"}]},{"@type":"WebSite","@id":"http:\/\/aatv-renovation.fr\/#website","url":"http:\/\/aatv-renovation.fr\/","name":"AATV RENOVATION","description":"Une entreprise de r\u00e9novation, \u00e0 Lyon","publisher":{"@id":"http:\/\/aatv-renovation.fr\/#organization"},"potentialAction":[{"@type":"SearchAction","target":{"@type":"EntryPoint","urlTemplate":"http:\/\/aatv-renovation.fr\/?s={search_term_string}"},"query-input":"required name=search_term_string"}],"inLanguage":"en-US"},{"@type":"Organization","@id":"http:\/\/aatv-renovation.fr\/#organization","name":"AATV RENOVATION","url":"http:\/\/aatv-renovation.fr\/","logo":{"@type":"ImageObject","inLanguage":"en-US","@id":"http:\/\/aatv-renovation.fr\/#\/schema\/logo\/image\/","url":"http:\/\/aatv-renovation.fr\/wp-content\/uploads\/2023\/06\/LOGO_AATV_Vectorised-grand-format.png","contentUrl":"http:\/\/aatv-renovation.fr\/wp-content\/uploads\/2023\/06\/LOGO_AATV_Vectorised-grand-format.png","width":1024,"height":868,"caption":"AATV RENOVATION"},"image":{"@id":"http:\/\/aatv-renovation.fr\/#\/schema\/logo\/image\/"}}]}},"jetpack_sharing_enabled":true,"_links":{"self":[{"href":"http:\/\/aatv-renovation.fr\/index.php\/wp-json\/wp\/v2\/pages\/307","targetHints":{"allow":["GET"]}}],"collection":[{"href":"http:\/\/aatv-renovation.fr\/index.php\/wp-json\/wp\/v2\/pages"}],"about":[{"href":"http:\/\/aatv-renovation.fr\/index.php\/wp-json\/wp\/v2\/types\/page"}],"author":[{"embeddable":true,"href":"http:\/\/aatv-renovation.fr\/index.php\/wp-json\/wp\/v2\/users\/1"}],"replies":[{"embeddable":true,"href":"http:\/\/aatv-renovation.fr\/index.php\/wp-json\/wp\/v2\/comments?post=307"}],"version-history":[{"count":2,"href":"http:\/\/aatv-renovation.fr\/index.php\/wp-json\/wp\/v2\/pages\/307\/revisions"}],"predecessor-version":[{"id":376,"href":"http:\/\/aatv-renovation.fr\/index.php\/wp-json\/wp\/v2\/pages\/307\/revisions\/376"}],"up":[{"embeddable":true,"href":"http:\/\/aatv-renovation.fr\/index.php\/wp-json\/wp\/v2\/pages\/278"}],"wp:attachment":[{"href":"http:\/\/aatv-renovation.fr\/index.php\/wp-json\/wp\/v2\/media?parent=307"}],"curies":[{"name":"wp","href":"https:\/\/api.w.org\/{rel}","templated":true}]}}