{"id":309,"date":"2023-11-03T14:46:24","date_gmt":"2023-11-03T13:46:24","guid":{"rendered":"http:\/\/aatv-renovation.fr\/?page_id=309"},"modified":"2023-11-03T16:56:35","modified_gmt":"2023-11-03T15:56:35","slug":"electricite-plomberie","status":"publish","type":"page","link":"http:\/\/aatv-renovation.fr\/index.php\/projets-de-renovation\/electricite-plomberie\/","title":{"rendered":"\u00c9lectricit\u00e9 et Plomberie"},"content":{"rendered":"\n<div class=\"wp-block-group is-layout-constrained wp-block-group-is-layout-constrained\">\n<h2 class=\"wp-block-heading\">Notre entreprise remplace votre installation \u00e9lectrique et votre plomberie \u00e0 Lyon<\/h2>\n\n\n\n<div class=\"wp-block-buttons is-layout-flex wp-block-buttons-is-layout-flex\">\n<div class=\"wp-block-button\"><a class=\"wp-block-button__link wp-element-button\" href=\"http:\/\/aatv-renovation.fr\/index.php\/projets-de-renovation\/isolation\/\">nous isolons aussi votre maison<\/a><\/div>\n<\/div>\n\n\n\n<figure class=\"wp-block-image aligncenter size-full\"><img loading=\"lazy\" decoding=\"async\" width=\"153\" height=\"50\" src=\"http:\/\/aatv-renovation.fr\/wp-content\/uploads\/2023\/10\/icon-group.png\" alt=\"\" class=\"wp-image-220\" srcset=\"http:\/\/aatv-renovation.fr\/wp-content\/uploads\/2023\/10\/icon-group.png 153w, http:\/\/aatv-renovation.fr\/wp-content\/uploads\/2023\/10\/icon-group-150x50.png 150w\" sizes=\"auto, (max-width: 153px) 100vw, 153px\" \/><\/figure>\n\n\n\n<p>Il est important de redonner vie et splendeur \u00e0 son int\u00e9rieur. Nous avons vu \u00e9galement que l\u2019isolation joue un r\u00f4le primordial afin de donner \u00e0 votre int\u00e9rieur une\u00a0<strong>performance \u00e9nerg\u00e9tique<\/strong>\u00a0qui vous permettra de r\u00e9duire vos d\u00e9penses. Une\u00a0<a href=\"http:\/\/aatv-renovation.fr\/index.php\/travaux-interieurs\/demolition-debarrassage\/\">r\u00e9novation<\/a>\u00a0ne pourrait cependant \u00eatre totalement compl\u00e8te sans des comp\u00e9tences approuv\u00e9es en \u00e9lectricit\u00e9 et plomberie. En effet, dans de nombreux cas, les vieux appartements, immeubles par exemple, disposent d\u2019installations \u00e9lectriques v\u00e9tustes, obsol\u00e8tes, dangereuses, selon les normes actuelles. Il est de m\u00eame pour l\u2019installation de votre syst\u00e8me d\u2019arriv\u00e9e et d\u2019\u00e9vacuation de l\u2019eau qui peut \u00eatre remodel\u00e9 ou r\u00e9agenc\u00e9 afin d\u2019\u00e9viter des probl\u00e8mes de fuites.<\/p>\n\n\n\n<div class=\"wp-block-media-text is-stacked-on-mobile\"><figure class=\"wp-block-media-text__media\"><img loading=\"lazy\" decoding=\"async\" width=\"750\" height=\"560\" src=\"http:\/\/aatv-renovation.fr\/wp-content\/uploads\/2023\/11\/Chantier_8_apres.jpg\" alt=\"\" class=\"wp-image-378 size-full\" srcset=\"http:\/\/aatv-renovation.fr\/wp-content\/uploads\/2023\/11\/Chantier_8_apres.jpg 750w, http:\/\/aatv-renovation.fr\/wp-content\/uploads\/2023\/11\/Chantier_8_apres-300x224.jpg 300w\" sizes=\"auto, (max-width: 750px) 100vw, 750px\" \/><\/figure><div class=\"wp-block-media-text__content\">\n<h4 class=\"wp-block-heading\">Pour une r\u00e9novation compl\u00e8te ou partielle, l&#8217;\u00e9lectricit\u00e9 : une \u00e9nergie \u00e0 s\u00e9curiser<\/h4>\n\n\n\n<p>L\u2019\u00e9lectricit\u00e9 est une source d\u2019\u00e9nergie vitale pour nos foyers, aussi, le tableau de r\u00e9partition \u00e9lectrique, servant \u00e0 la bonne r\u00e9partition de votre r\u00e9seau \u00e9lectrique dans le foyer peut parfois se r\u00e9v\u00e9ler obsol\u00e8te ou non conforme aux l\u00e9gislations et r\u00e9glementations en vigueur. Une<strong>\u00a0installation obsol\u00e8te<\/strong>\u00a0peut vous exposer \u00e0 des risques r\u00e9els pour vous ou votre appartement. Il est important de faire v\u00e9rifier son installation par un professionnel si celle-ci est vieille (plombs). Le technicien \u00e9lectrique v\u00e9rifiera la bonne conformit\u00e9 de votre tableau \u00e9lectrique, vos prises, et l\u2019installation de vos c\u00e2bles.<br>Notre entreprise,\u00a0<a href=\"http:\/\/aatv-renovation.fr\/index.php\/l-entreprise\/\">AATV r\u00e9novation<\/a>\u00a0a pour but de vous simplifier au maximum (probl\u00e8me \u00e9lectricit\u00e9, compteur \u00e9lectrique en panne), l\u2019am\u00e9nagement de votre appartement, c\u2019est pourquoi nous mettons \u00e0 disposition de nos clients, des professionnels \u00e9lectriciens, afin de parfaire la r\u00e9novation de leurs int\u00e9rieurs.<\/p>\n\n\n\n<div class=\"wp-block-buttons is-layout-flex wp-block-buttons-is-layout-flex\">\n<div class=\"wp-block-button\"><a class=\"wp-block-button__link wp-element-button\" href=\"http:\/\/aatv-renovation.fr\/index.php\/projets-de-renovation\/cuisine\/\">une \u00e9quipe d\u00e9di\u00e9e pour r\u00e9nover votre cuisine<\/a><\/div>\n<\/div>\n\n\n\n<figure class=\"wp-block-image alignright size-full\"><img loading=\"lazy\" decoding=\"async\" width=\"50\" height=\"50\" src=\"http:\/\/aatv-renovation.fr\/wp-content\/uploads\/2023\/10\/icon-1-50x50-1.png\" alt=\"\" class=\"wp-image-120\"\/><\/figure>\n<\/div><\/div>\n\n\n\n<div style=\"height:100px\" aria-hidden=\"true\" class=\"wp-block-spacer\"><\/div>\n\n\n\n<div class=\"wp-block-media-text has-media-on-the-right is-stacked-on-mobile\"><div class=\"wp-block-media-text__content\">\n<h4 class=\"wp-block-heading\">Redonnez vie et long\u00e9vit\u00e9 \u00e0 votre plomberie<\/h4>\n\n\n\n<p>La plomberie joue un r\u00f4le primordial pour une habitation. En effet, la tuyauterie distribue l\u2019eau et permet \u00e9galement l\u2019\u00e9vacuation des eaux us\u00e9es. Une\u00a0<strong>plomberie en bon \u00e9tat<\/strong>\u00a0est indispensable afin d\u2019\u00e9viter d\u2019importants d\u00e9g\u00e2ts des eaux.<br>Afin de r\u00e9nover votre plomberie, il est important d\u2019\u00e9tablir un diagnostic afin de bien d\u00e9finir les travaux \u00e0 pr\u00e9voir. Une r\u00e9novation de votre plomberie peut appara\u00eetre n\u00e9cessaire lors de l\u2019apparition de joints d\u00e9fectueux, panne de chauffe-eau, fuite d\u2019eau, rouille sur les canalisations, ou une eau de couleur rouge\u00e2tre sortant du robinet par exemple. Cela signifie que vos\u00a0<strong>tuyaux sont rouill\u00e9s<\/strong>\u00a0et susceptibles de casser \u00e0 tout moment.<\/p>\n\n\n\n<figure class=\"wp-block-image alignright size-full\"><img loading=\"lazy\" decoding=\"async\" width=\"50\" height=\"50\" src=\"http:\/\/aatv-renovation.fr\/wp-content\/uploads\/2023\/09\/icon-3-50x50-1.png\" alt=\"\" class=\"wp-image-114\"\/><\/figure>\n<\/div><figure class=\"wp-block-media-text__media\"><img loading=\"lazy\" decoding=\"async\" width=\"960\" height=\"540\" src=\"http:\/\/aatv-renovation.fr\/wp-content\/uploads\/2023\/11\/Sans-titre-1e92b.jpg\" alt=\"\" class=\"wp-image-379 size-full\" srcset=\"http:\/\/aatv-renovation.fr\/wp-content\/uploads\/2023\/11\/Sans-titre-1e92b.jpg 960w, http:\/\/aatv-renovation.fr\/wp-content\/uploads\/2023\/11\/Sans-titre-1e92b-300x169.jpg 300w, http:\/\/aatv-renovation.fr\/wp-content\/uploads\/2023\/11\/Sans-titre-1e92b-768x432.jpg 768w\" sizes=\"auto, (max-width: 960px) 100vw, 960px\" \/><\/figure><\/div>\n\n\n\n<div class=\"wp-block-group has-background is-layout-constrained wp-block-group-is-layout-constrained\" style=\"background-color:#e8f5f9\">\n<figure class=\"wp-block-image aligncenter size-full\"><img loading=\"lazy\" decoding=\"async\" width=\"168\" height=\"80\" src=\"http:\/\/aatv-renovation.fr\/wp-content\/uploads\/2023\/09\/contact-icon.png\" alt=\"\" class=\"wp-image-115\"\/><\/figure>\n\n\n\n<p class=\"has-text-align-center\">Des artisans exp\u00e9riment\u00e9s et qualifi\u00e9s pour installer votre \u00e9lectricit\u00e9 et plomberie.<\/p>\n\n\n\n<div class=\"wp-block-buttons is-content-justification-center is-layout-flex wp-container-core-buttons-is-layout-a89b3969 wp-block-buttons-is-layout-flex\">\n<div class=\"wp-block-button\"><a class=\"wp-block-button__link wp-element-button\" href=\"https:\/\/www.pagesjaunes.fr\/pros\/52085801\">appelez-nous<\/a><\/div>\n<\/div>\n<\/div>\n<\/div>\n","protected":false},"excerpt":{"rendered":"<p>Notre entreprise remplace votre installation \u00e9lectrique et votre plomberie \u00e0 Lyon Il est important de redonner vie et splendeur \u00e0 son int\u00e9rieur. Nous avons vu \u00e9galement que l\u2019isolation joue un r\u00f4le primordial afin de donner \u00e0 votre int\u00e9rieur une\u00a0performance \u00e9nerg\u00e9tique\u00a0qui vous permettra de r\u00e9duire vos d\u00e9penses. Une\u00a0r\u00e9novation\u00a0ne pourrait cependant \u00eatre totalement compl\u00e8te sans des comp\u00e9tences &hellip;<\/p>\n<p class=\"read-more\"> <a class=\"\" href=\"http:\/\/aatv-renovation.fr\/index.php\/projets-de-renovation\/electricite-plomberie\/\"> <span class=\"screen-reader-text\">\u00c9lectricit\u00e9 et Plomberie<\/span> Read More &raquo;<\/a><\/p>\n","protected":false},"author":1,"featured_media":0,"parent":278,"menu_order":2,"comment_status":"closed","ping_status":"closed","template":"","meta":{"_coblocks_attr":"","_coblocks_dimensions":"","_coblocks_responsive_height":"","_coblocks_accordion_ie_support":"","site-sidebar-layout":"default","site-content-layout":"","ast-site-content-layout":"","site-content-style":"default","site-sidebar-style":"default","ast-global-header-display":"","ast-banner-title-visibility":"","ast-main-header-display":"","ast-hfb-above-header-display":"","ast-hfb-below-header-display":"","ast-hfb-mobile-header-display":"","site-post-title":"disabled","ast-breadcrumbs-content":"","ast-featured-img":"","footer-sml-layout":"","theme-transparent-header-meta":"","adv-header-id-meta":"","stick-header-meta":"","header-above-stick-meta":"","header-main-stick-meta":"","header-below-stick-meta":"","astra-migrate-meta-layouts":"","ast-page-background-enabled":"default","ast-page-background-meta":{"desktop":{"background-color":"var(--ast-global-color-4)","background-image":"","background-repeat":"repeat","background-position":"center center","background-size":"auto","background-attachment":"scroll","background-type":"","background-media":"","overlay-type":"","overlay-color":"","overlay-gradient":""},"tablet":{"background-color":"","background-image":"","background-repeat":"repeat","background-position":"center center","background-size":"auto","background-attachment":"scroll","background-type":"","background-media":"","overlay-type":"","overlay-color":"","overlay-gradient":""},"mobile":{"background-color":"","background-image":"","background-repeat":"repeat","background-position":"center center","background-size":"auto","background-attachment":"scroll","background-type":"","background-media":"","overlay-type":"","overlay-color":"","overlay-gradient":""}},"ast-content-background-meta":{"desktop":{"background-color":"var(--ast-global-color-5)","background-image":"","background-repeat":"repeat","background-position":"center center","background-size":"auto","background-attachment":"scroll","background-type":"","background-media":"","overlay-type":"","overlay-color":"","overlay-gradient":""},"tablet":{"background-color":"var(--ast-global-color-5)","background-image":"","background-repeat":"repeat","background-position":"center center","background-size":"auto","background-attachment":"scroll","background-type":"","background-media":"","overlay-type":"","overlay-color":"","overlay-gradient":""},"mobile":{"background-color":"var(--ast-global-color-5)","background-image":"","background-repeat":"repeat","background-position":"center center","background-size":"auto","background-attachment":"scroll","background-type":"","background-media":"","overlay-type":"","overlay-color":"","overlay-gradient":""}},"footnotes":""},"class_list":["post-309","page","type-page","status-publish","hentry"],"yoast_head":"<!-- This site is optimized with the Yoast SEO plugin v21.5 - https:\/\/yoast.com\/wordpress\/plugins\/seo\/ -->\n<title>\u00c9lectricit\u00e9 et Plomberie - AATV R\u00e9novation<\/title>\n<meta name=\"description\" content=\"Notre entreprise remplace votre installation \u00e9lectrique et votre plomberie \u00e0 Lyon 6e et Grenoble\" \/>\n<meta name=\"robots\" content=\"index, follow, max-snippet:-1, max-image-preview:large, max-video-preview:-1\" \/>\n<link rel=\"canonical\" href=\"http:\/\/aatv-renovation.fr\/index.php\/projets-de-renovation\/electricite-plomberie\/\" \/>\n<meta property=\"og:locale\" content=\"en_US\" \/>\n<meta property=\"og:type\" content=\"article\" \/>\n<meta property=\"og:title\" content=\"\u00c9lectricit\u00e9 et Plomberie - AATV R\u00e9novation\" \/>\n<meta property=\"og:description\" content=\"Notre entreprise remplace votre installation \u00e9lectrique et votre plomberie \u00e0 Lyon 6e et Grenoble\" \/>\n<meta property=\"og:url\" content=\"http:\/\/aatv-renovation.fr\/index.php\/projets-de-renovation\/electricite-plomberie\/\" \/>\n<meta property=\"og:site_name\" content=\"AATV R\u00e9novation\" \/>\n<meta property=\"article:modified_time\" content=\"2023-11-03T15:56:35+00:00\" \/>\n<meta property=\"og:image\" content=\"http:\/\/aatv-renovation.fr\/wp-content\/uploads\/2023\/10\/icon-group.png\" \/>\n<meta name=\"twitter:card\" content=\"summary_large_image\" \/>\n<meta name=\"twitter:label1\" content=\"Est. reading time\" \/>\n\t<meta name=\"twitter:data1\" content=\"3 minutes\" \/>\n<script type=\"application\/ld+json\" class=\"yoast-schema-graph\">{\"@context\":\"https:\/\/schema.org\",\"@graph\":[{\"@type\":\"WebPage\",\"@id\":\"http:\/\/aatv-renovation.fr\/index.php\/projets-de-renovation\/electricite-plomberie\/\",\"url\":\"http:\/\/aatv-renovation.fr\/index.php\/projets-de-renovation\/electricite-plomberie\/\",\"name\":\"\u00c9lectricit\u00e9 et Plomberie - AATV R\u00e9novation\",\"isPartOf\":{\"@id\":\"http:\/\/aatv-renovation.fr\/#website\"},\"datePublished\":\"2023-11-03T13:46:24+00:00\",\"dateModified\":\"2023-11-03T15:56:35+00:00\",\"description\":\"Notre entreprise remplace votre installation \u00e9lectrique et votre plomberie \u00e0 Lyon 6e et Grenoble\",\"breadcrumb\":{\"@id\":\"http:\/\/aatv-renovation.fr\/index.php\/projets-de-renovation\/electricite-plomberie\/#breadcrumb\"},\"inLanguage\":\"en-US\",\"potentialAction\":[{\"@type\":\"ReadAction\",\"target\":[\"http:\/\/aatv-renovation.fr\/index.php\/projets-de-renovation\/electricite-plomberie\/\"]}]},{\"@type\":\"BreadcrumbList\",\"@id\":\"http:\/\/aatv-renovation.fr\/index.php\/projets-de-renovation\/electricite-plomberie\/#breadcrumb\",\"itemListElement\":[{\"@type\":\"ListItem\",\"position\":1,\"name\":\"Accueil\",\"item\":\"http:\/\/aatv-renovation.fr\/\"},{\"@type\":\"ListItem\",\"position\":2,\"name\":\"Projets de r\u00e9novation\",\"item\":\"http:\/\/aatv-renovation.fr\/index.php\/projets-de-renovation\/\"},{\"@type\":\"ListItem\",\"position\":3,\"name\":\"\u00c9lectricit\u00e9 et Plomberie\"}]},{\"@type\":\"WebSite\",\"@id\":\"http:\/\/aatv-renovation.fr\/#website\",\"url\":\"http:\/\/aatv-renovation.fr\/\",\"name\":\"AATV RENOVATION\",\"description\":\"Une entreprise de r\u00e9novation, \u00e0 Lyon\",\"publisher\":{\"@id\":\"http:\/\/aatv-renovation.fr\/#organization\"},\"potentialAction\":[{\"@type\":\"SearchAction\",\"target\":{\"@type\":\"EntryPoint\",\"urlTemplate\":\"http:\/\/aatv-renovation.fr\/?s={search_term_string}\"},\"query-input\":\"required name=search_term_string\"}],\"inLanguage\":\"en-US\"},{\"@type\":\"Organization\",\"@id\":\"http:\/\/aatv-renovation.fr\/#organization\",\"name\":\"AATV RENOVATION\",\"url\":\"http:\/\/aatv-renovation.fr\/\",\"logo\":{\"@type\":\"ImageObject\",\"inLanguage\":\"en-US\",\"@id\":\"http:\/\/aatv-renovation.fr\/#\/schema\/logo\/image\/\",\"url\":\"http:\/\/aatv-renovation.fr\/wp-content\/uploads\/2023\/06\/LOGO_AATV_Vectorised-grand-format.png\",\"contentUrl\":\"http:\/\/aatv-renovation.fr\/wp-content\/uploads\/2023\/06\/LOGO_AATV_Vectorised-grand-format.png\",\"width\":1024,\"height\":868,\"caption\":\"AATV RENOVATION\"},\"image\":{\"@id\":\"http:\/\/aatv-renovation.fr\/#\/schema\/logo\/image\/\"}}]}<\/script>\n<!-- \/ Yoast SEO plugin. -->","yoast_head_json":{"title":"\u00c9lectricit\u00e9 et Plomberie - AATV R\u00e9novation","description":"Notre entreprise remplace votre installation \u00e9lectrique et votre plomberie \u00e0 Lyon 6e et Grenoble","robots":{"index":"index","follow":"follow","max-snippet":"max-snippet:-1","max-image-preview":"max-image-preview:large","max-video-preview":"max-video-preview:-1"},"canonical":"http:\/\/aatv-renovation.fr\/index.php\/projets-de-renovation\/electricite-plomberie\/","og_locale":"en_US","og_type":"article","og_title":"\u00c9lectricit\u00e9 et Plomberie - AATV R\u00e9novation","og_description":"Notre entreprise remplace votre installation \u00e9lectrique et votre plomberie \u00e0 Lyon 6e et Grenoble","og_url":"http:\/\/aatv-renovation.fr\/index.php\/projets-de-renovation\/electricite-plomberie\/","og_site_name":"AATV R\u00e9novation","article_modified_time":"2023-11-03T15:56:35+00:00","og_image":[{"url":"http:\/\/aatv-renovation.fr\/wp-content\/uploads\/2023\/10\/icon-group.png"}],"twitter_card":"summary_large_image","twitter_misc":{"Est. reading time":"3 minutes"},"schema":{"@context":"https:\/\/schema.org","@graph":[{"@type":"WebPage","@id":"http:\/\/aatv-renovation.fr\/index.php\/projets-de-renovation\/electricite-plomberie\/","url":"http:\/\/aatv-renovation.fr\/index.php\/projets-de-renovation\/electricite-plomberie\/","name":"\u00c9lectricit\u00e9 et Plomberie - AATV R\u00e9novation","isPartOf":{"@id":"http:\/\/aatv-renovation.fr\/#website"},"datePublished":"2023-11-03T13:46:24+00:00","dateModified":"2023-11-03T15:56:35+00:00","description":"Notre entreprise remplace votre installation \u00e9lectrique et votre plomberie \u00e0 Lyon 6e et Grenoble","breadcrumb":{"@id":"http:\/\/aatv-renovation.fr\/index.php\/projets-de-renovation\/electricite-plomberie\/#breadcrumb"},"inLanguage":"en-US","potentialAction":[{"@type":"ReadAction","target":["http:\/\/aatv-renovation.fr\/index.php\/projets-de-renovation\/electricite-plomberie\/"]}]},{"@type":"BreadcrumbList","@id":"http:\/\/aatv-renovation.fr\/index.php\/projets-de-renovation\/electricite-plomberie\/#breadcrumb","itemListElement":[{"@type":"ListItem","position":1,"name":"Accueil","item":"http:\/\/aatv-renovation.fr\/"},{"@type":"ListItem","position":2,"name":"Projets de r\u00e9novation","item":"http:\/\/aatv-renovation.fr\/index.php\/projets-de-renovation\/"},{"@type":"ListItem","position":3,"name":"\u00c9lectricit\u00e9 et Plomberie"}]},{"@type":"WebSite","@id":"http:\/\/aatv-renovation.fr\/#website","url":"http:\/\/aatv-renovation.fr\/","name":"AATV RENOVATION","description":"Une entreprise de r\u00e9novation, \u00e0 Lyon","publisher":{"@id":"http:\/\/aatv-renovation.fr\/#organization"},"potentialAction":[{"@type":"SearchAction","target":{"@type":"EntryPoint","urlTemplate":"http:\/\/aatv-renovation.fr\/?s={search_term_string}"},"query-input":"required name=search_term_string"}],"inLanguage":"en-US"},{"@type":"Organization","@id":"http:\/\/aatv-renovation.fr\/#organization","name":"AATV RENOVATION","url":"http:\/\/aatv-renovation.fr\/","logo":{"@type":"ImageObject","inLanguage":"en-US","@id":"http:\/\/aatv-renovation.fr\/#\/schema\/logo\/image\/","url":"http:\/\/aatv-renovation.fr\/wp-content\/uploads\/2023\/06\/LOGO_AATV_Vectorised-grand-format.png","contentUrl":"http:\/\/aatv-renovation.fr\/wp-content\/uploads\/2023\/06\/LOGO_AATV_Vectorised-grand-format.png","width":1024,"height":868,"caption":"AATV RENOVATION"},"image":{"@id":"http:\/\/aatv-renovation.fr\/#\/schema\/logo\/image\/"}}]}},"jetpack_sharing_enabled":true,"_links":{"self":[{"href":"http:\/\/aatv-renovation.fr\/index.php\/wp-json\/wp\/v2\/pages\/309","targetHints":{"allow":["GET"]}}],"collection":[{"href":"http:\/\/aatv-renovation.fr\/index.php\/wp-json\/wp\/v2\/pages"}],"about":[{"href":"http:\/\/aatv-renovation.fr\/index.php\/wp-json\/wp\/v2\/types\/page"}],"author":[{"embeddable":true,"href":"http:\/\/aatv-renovation.fr\/index.php\/wp-json\/wp\/v2\/users\/1"}],"replies":[{"embeddable":true,"href":"http:\/\/aatv-renovation.fr\/index.php\/wp-json\/wp\/v2\/comments?post=309"}],"version-history":[{"count":3,"href":"http:\/\/aatv-renovation.fr\/index.php\/wp-json\/wp\/v2\/pages\/309\/revisions"}],"predecessor-version":[{"id":382,"href":"http:\/\/aatv-renovation.fr\/index.php\/wp-json\/wp\/v2\/pages\/309\/revisions\/382"}],"up":[{"embeddable":true,"href":"http:\/\/aatv-renovation.fr\/index.php\/wp-json\/wp\/v2\/pages\/278"}],"wp:attachment":[{"href":"http:\/\/aatv-renovation.fr\/index.php\/wp-json\/wp\/v2\/media?parent=309"}],"curies":[{"name":"wp","href":"https:\/\/api.w.org\/{rel}","templated":true}]}}