{"id":311,"date":"2023-11-03T14:47:47","date_gmt":"2023-11-03T13:47:47","guid":{"rendered":"http:\/\/aatv-renovation.fr\/?page_id=311"},"modified":"2023-11-22T08:41:02","modified_gmt":"2023-11-22T07:41:02","slug":"contact","status":"publish","type":"page","link":"http:\/\/aatv-renovation.fr\/index.php\/contact\/","title":{"rendered":"Contact"},"content":{"rendered":"\n<div class=\"wp-block-group is-layout-constrained wp-block-group-is-layout-constrained\">\n<div class=\"wp-block-columns is-layout-flex wp-container-core-columns-is-layout-28f84493 wp-block-columns-is-layout-flex\">\n<div class=\"wp-block-column is-layout-flow wp-block-column-is-layout-flow\">\n<h3 class=\"wp-block-heading\">Votre expert en r\u00e9novation, une qualit\u00e9 de professionnelle pr\u00e8s de chez vous<\/h3>\n\n\n\n<p>Que ce soit pour l\u2019isolation des murs, une pose de fa\u00efence, ou l\u2019installation d\u2019une baignoire, l\u2019entreprise AATV r\u00e9novation prendra en charge tous vos travaux d\u2019am\u00e9nagement. Son \u00e9quipe pluridisciplinaire d\u2019artisans accompagnent depuis pr\u00e8s de 15 ans de nombreux particuliers.<\/p>\n\n\n\n<p><strong>Heures et jours d\u2019ouverture :<\/strong><br>Lundi \u00e0 vendredi: 09h00 \u2013 12h00 et 13h00 \u2013 17h00<br>Samedi FERM\u00c9<br>Dimanche FERM\u00c9<\/p>\n\n\n\n<p><strong>O\u00f9 nous trouver ?<\/strong><br>Immeuble du parc du soleil levant, 22 rue de Copenhague<br>38070 Saint Quentin Fallavier, Is\u00e8re<\/p>\n\n\n\n<p><strong>Contact :<\/strong><br>T\u00e9l :\u00a0<a href=\"tel:+33699401319\">06 99 40 13 19<\/a> \/ <a href=\"tel:+33481913232\">04 81 91 32 32<\/a><br>Email :\u00a0<a href=\"mailto:aatv@hotmail.fr\">aatv[at]hotmail.fr<\/a><\/p>\n\n\n\n<p>Faites appel \u00e0 une \u00e9quipe de professionnels afin d\u2019effectuer tous vos travaux de r\u00e9novation. Profitez de prix comp\u00e9titifs pour vos r\u00e9novations. Contactez-nous afin d\u2019en savoir plus, vous serez conquis par notre rapidit\u00e9 d\u2019ex\u00e9cution.<\/p>\n<\/div>\n\n\n\n<div class=\"wp-block-column is-layout-flow wp-block-column-is-layout-flow\"><div class=\"wp-block-jetpack-contact-form\"><a href=\"http:\/\/aatv-renovation.fr\/index.php\/contact\/\" target=\"_blank\" rel=\"noopener noreferrer\">Submit a form.<\/a><\/div><\/div>\n<\/div>\n\n\n\n<div style=\"min-height:400px\" data-map-attr=\"\/qaddress\/q:\/q22 rue de copenhague, 38070 Saint quentin Fallavier\/q||\/qlat\/q:\/qundefined\/q||\/qlng\/q:\/qundefined\/q||\/qskin\/q:\/qstandard\/q||\/qzoom\/q:\/q12\/q||\/qiconSize\/q:\/q36\/q||\/qmapTypeControl\/q:\/qtrue\/q||\/qzoomControl\/q:\/qtrue\/q||\/qstreetViewControl\/q:\/qtrue\/q||\/qfullscreenControl\/q:\/qtrue\/q\" class=\"wp-block-coblocks-map\"><iframe title=\"Google Map\" frameborder=\"0\" style=\"width:100%;min-height:400px\" src=\"https:\/\/www.google.com\/maps?q=22%20rue%20de%20copenhague%2C%2038070%20Saint%20quentin%20Fallavier&amp;output=embed&amp;hl=en-US&amp;z=12\"><\/iframe><\/div>\n<\/div>\n","protected":false},"excerpt":{"rendered":"<p>Votre expert en r\u00e9novation, une qualit\u00e9 de professionnelle pr\u00e8s de chez vous Que ce soit pour l\u2019isolation des murs, une pose de fa\u00efence, ou l\u2019installation d\u2019une baignoire, l\u2019entreprise AATV r\u00e9novation prendra en charge tous vos travaux d\u2019am\u00e9nagement. Son \u00e9quipe pluridisciplinaire d\u2019artisans accompagnent depuis pr\u00e8s de 15 ans de nombreux particuliers. Heures et jours d\u2019ouverture :Lundi &hellip;<\/p>\n<p class=\"read-more\"> <a class=\"\" href=\"http:\/\/aatv-renovation.fr\/index.php\/contact\/\"> <span class=\"screen-reader-text\">Contact<\/span> Read More &raquo;<\/a><\/p>\n","protected":false},"author":1,"featured_media":0,"parent":0,"menu_order":0,"comment_status":"closed","ping_status":"closed","template":"","meta":{"_coblocks_attr":"","_coblocks_dimensions":"","_coblocks_responsive_height":"","_coblocks_accordion_ie_support":"","site-sidebar-layout":"default","site-content-layout":"","ast-site-content-layout":"","site-content-style":"default","site-sidebar-style":"default","ast-global-header-display":"","ast-banner-title-visibility":"","ast-main-header-display":"","ast-hfb-above-header-display":"","ast-hfb-below-header-display":"","ast-hfb-mobile-header-display":"","site-post-title":"disabled","ast-breadcrumbs-content":"","ast-featured-img":"","footer-sml-layout":"","theme-transparent-header-meta":"","adv-header-id-meta":"","stick-header-meta":"","header-above-stick-meta":"","header-main-stick-meta":"","header-below-stick-meta":"","astra-migrate-meta-layouts":"","ast-page-background-enabled":"default","ast-page-background-meta":{"desktop":{"background-color":"var(--ast-global-color-4)","background-image":"","background-repeat":"repeat","background-position":"center center","background-size":"auto","background-attachment":"scroll","background-type":"","background-media":"","overlay-type":"","overlay-color":"","overlay-gradient":""},"tablet":{"background-color":"","background-image":"","background-repeat":"repeat","background-position":"center center","background-size":"auto","background-attachment":"scroll","background-type":"","background-media":"","overlay-type":"","overlay-color":"","overlay-gradient":""},"mobile":{"background-color":"","background-image":"","background-repeat":"repeat","background-position":"center center","background-size":"auto","background-attachment":"scroll","background-type":"","background-media":"","overlay-type":"","overlay-color":"","overlay-gradient":""}},"ast-content-background-meta":{"desktop":{"background-color":"var(--ast-global-color-5)","background-image":"","background-repeat":"repeat","background-position":"center center","background-size":"auto","background-attachment":"scroll","background-type":"","background-media":"","overlay-type":"","overlay-color":"","overlay-gradient":""},"tablet":{"background-color":"var(--ast-global-color-5)","background-image":"","background-repeat":"repeat","background-position":"center center","background-size":"auto","background-attachment":"scroll","background-type":"","background-media":"","overlay-type":"","overlay-color":"","overlay-gradient":""},"mobile":{"background-color":"var(--ast-global-color-5)","background-image":"","background-repeat":"repeat","background-position":"center center","background-size":"auto","background-attachment":"scroll","background-type":"","background-media":"","overlay-type":"","overlay-color":"","overlay-gradient":""}},"footnotes":""},"class_list":["post-311","page","type-page","status-publish","hentry"],"yoast_head":"<!-- This site is optimized with the Yoast SEO plugin v21.5 - https:\/\/yoast.com\/wordpress\/plugins\/seo\/ -->\n<title>Contact - AATV R\u00e9novation<\/title>\n<meta name=\"description\" content=\"Une demande particuli\u00e8re a nous faire parvenir ? Contactez-nous juste ici avec ce formulaire, et nous vous r\u00e9pondrons dans les plus brefs d\u00e9lais\" \/>\n<meta name=\"robots\" content=\"index, follow, max-snippet:-1, max-image-preview:large, max-video-preview:-1\" \/>\n<link rel=\"canonical\" href=\"http:\/\/aatv-renovation.fr\/index.php\/contact\/\" \/>\n<meta property=\"og:locale\" content=\"en_US\" \/>\n<meta property=\"og:type\" content=\"article\" \/>\n<meta property=\"og:title\" content=\"Contact - AATV R\u00e9novation\" \/>\n<meta property=\"og:description\" content=\"Une demande particuli\u00e8re a nous faire parvenir ? Contactez-nous juste ici avec ce formulaire, et nous vous r\u00e9pondrons dans les plus brefs d\u00e9lais\" \/>\n<meta property=\"og:url\" content=\"http:\/\/aatv-renovation.fr\/index.php\/contact\/\" \/>\n<meta property=\"og:site_name\" content=\"AATV R\u00e9novation\" \/>\n<meta property=\"article:modified_time\" content=\"2023-11-22T07:41:02+00:00\" \/>\n<meta name=\"twitter:card\" content=\"summary_large_image\" \/>\n<meta name=\"twitter:label1\" content=\"Est. reading time\" \/>\n\t<meta name=\"twitter:data1\" content=\"1 minute\" \/>\n<script type=\"application\/ld+json\" class=\"yoast-schema-graph\">{\"@context\":\"https:\/\/schema.org\",\"@graph\":[{\"@type\":\"WebPage\",\"@id\":\"http:\/\/aatv-renovation.fr\/index.php\/contact\/\",\"url\":\"http:\/\/aatv-renovation.fr\/index.php\/contact\/\",\"name\":\"Contact - AATV R\u00e9novation\",\"isPartOf\":{\"@id\":\"http:\/\/aatv-renovation.fr\/#website\"},\"datePublished\":\"2023-11-03T13:47:47+00:00\",\"dateModified\":\"2023-11-22T07:41:02+00:00\",\"description\":\"Une demande particuli\u00e8re a nous faire parvenir ? Contactez-nous juste ici avec ce formulaire, et nous vous r\u00e9pondrons dans les plus brefs d\u00e9lais\",\"breadcrumb\":{\"@id\":\"http:\/\/aatv-renovation.fr\/index.php\/contact\/#breadcrumb\"},\"inLanguage\":\"en-US\",\"potentialAction\":[{\"@type\":\"ReadAction\",\"target\":[\"http:\/\/aatv-renovation.fr\/index.php\/contact\/\"]}]},{\"@type\":\"BreadcrumbList\",\"@id\":\"http:\/\/aatv-renovation.fr\/index.php\/contact\/#breadcrumb\",\"itemListElement\":[{\"@type\":\"ListItem\",\"position\":1,\"name\":\"Accueil\",\"item\":\"http:\/\/aatv-renovation.fr\/\"},{\"@type\":\"ListItem\",\"position\":2,\"name\":\"Contact\"}]},{\"@type\":\"WebSite\",\"@id\":\"http:\/\/aatv-renovation.fr\/#website\",\"url\":\"http:\/\/aatv-renovation.fr\/\",\"name\":\"AATV RENOVATION\",\"description\":\"Une entreprise de r\u00e9novation, \u00e0 Lyon\",\"publisher\":{\"@id\":\"http:\/\/aatv-renovation.fr\/#organization\"},\"potentialAction\":[{\"@type\":\"SearchAction\",\"target\":{\"@type\":\"EntryPoint\",\"urlTemplate\":\"http:\/\/aatv-renovation.fr\/?s={search_term_string}\"},\"query-input\":\"required name=search_term_string\"}],\"inLanguage\":\"en-US\"},{\"@type\":\"Organization\",\"@id\":\"http:\/\/aatv-renovation.fr\/#organization\",\"name\":\"AATV RENOVATION\",\"url\":\"http:\/\/aatv-renovation.fr\/\",\"logo\":{\"@type\":\"ImageObject\",\"inLanguage\":\"en-US\",\"@id\":\"http:\/\/aatv-renovation.fr\/#\/schema\/logo\/image\/\",\"url\":\"http:\/\/aatv-renovation.fr\/wp-content\/uploads\/2023\/06\/LOGO_AATV_Vectorised-grand-format.png\",\"contentUrl\":\"http:\/\/aatv-renovation.fr\/wp-content\/uploads\/2023\/06\/LOGO_AATV_Vectorised-grand-format.png\",\"width\":1024,\"height\":868,\"caption\":\"AATV RENOVATION\"},\"image\":{\"@id\":\"http:\/\/aatv-renovation.fr\/#\/schema\/logo\/image\/\"}}]}<\/script>\n<!-- \/ Yoast SEO plugin. -->","yoast_head_json":{"title":"Contact - AATV R\u00e9novation","description":"Une demande particuli\u00e8re a nous faire parvenir ? Contactez-nous juste ici avec ce formulaire, et nous vous r\u00e9pondrons dans les plus brefs d\u00e9lais","robots":{"index":"index","follow":"follow","max-snippet":"max-snippet:-1","max-image-preview":"max-image-preview:large","max-video-preview":"max-video-preview:-1"},"canonical":"http:\/\/aatv-renovation.fr\/index.php\/contact\/","og_locale":"en_US","og_type":"article","og_title":"Contact - AATV R\u00e9novation","og_description":"Une demande particuli\u00e8re a nous faire parvenir ? Contactez-nous juste ici avec ce formulaire, et nous vous r\u00e9pondrons dans les plus brefs d\u00e9lais","og_url":"http:\/\/aatv-renovation.fr\/index.php\/contact\/","og_site_name":"AATV R\u00e9novation","article_modified_time":"2023-11-22T07:41:02+00:00","twitter_card":"summary_large_image","twitter_misc":{"Est. reading time":"1 minute"},"schema":{"@context":"https:\/\/schema.org","@graph":[{"@type":"WebPage","@id":"http:\/\/aatv-renovation.fr\/index.php\/contact\/","url":"http:\/\/aatv-renovation.fr\/index.php\/contact\/","name":"Contact - AATV R\u00e9novation","isPartOf":{"@id":"http:\/\/aatv-renovation.fr\/#website"},"datePublished":"2023-11-03T13:47:47+00:00","dateModified":"2023-11-22T07:41:02+00:00","description":"Une demande particuli\u00e8re a nous faire parvenir ? Contactez-nous juste ici avec ce formulaire, et nous vous r\u00e9pondrons dans les plus brefs d\u00e9lais","breadcrumb":{"@id":"http:\/\/aatv-renovation.fr\/index.php\/contact\/#breadcrumb"},"inLanguage":"en-US","potentialAction":[{"@type":"ReadAction","target":["http:\/\/aatv-renovation.fr\/index.php\/contact\/"]}]},{"@type":"BreadcrumbList","@id":"http:\/\/aatv-renovation.fr\/index.php\/contact\/#breadcrumb","itemListElement":[{"@type":"ListItem","position":1,"name":"Accueil","item":"http:\/\/aatv-renovation.fr\/"},{"@type":"ListItem","position":2,"name":"Contact"}]},{"@type":"WebSite","@id":"http:\/\/aatv-renovation.fr\/#website","url":"http:\/\/aatv-renovation.fr\/","name":"AATV RENOVATION","description":"Une entreprise de r\u00e9novation, \u00e0 Lyon","publisher":{"@id":"http:\/\/aatv-renovation.fr\/#organization"},"potentialAction":[{"@type":"SearchAction","target":{"@type":"EntryPoint","urlTemplate":"http:\/\/aatv-renovation.fr\/?s={search_term_string}"},"query-input":"required name=search_term_string"}],"inLanguage":"en-US"},{"@type":"Organization","@id":"http:\/\/aatv-renovation.fr\/#organization","name":"AATV RENOVATION","url":"http:\/\/aatv-renovation.fr\/","logo":{"@type":"ImageObject","inLanguage":"en-US","@id":"http:\/\/aatv-renovation.fr\/#\/schema\/logo\/image\/","url":"http:\/\/aatv-renovation.fr\/wp-content\/uploads\/2023\/06\/LOGO_AATV_Vectorised-grand-format.png","contentUrl":"http:\/\/aatv-renovation.fr\/wp-content\/uploads\/2023\/06\/LOGO_AATV_Vectorised-grand-format.png","width":1024,"height":868,"caption":"AATV RENOVATION"},"image":{"@id":"http:\/\/aatv-renovation.fr\/#\/schema\/logo\/image\/"}}]}},"jetpack_sharing_enabled":true,"_links":{"self":[{"href":"http:\/\/aatv-renovation.fr\/index.php\/wp-json\/wp\/v2\/pages\/311","targetHints":{"allow":["GET"]}}],"collection":[{"href":"http:\/\/aatv-renovation.fr\/index.php\/wp-json\/wp\/v2\/pages"}],"about":[{"href":"http:\/\/aatv-renovation.fr\/index.php\/wp-json\/wp\/v2\/types\/page"}],"author":[{"embeddable":true,"href":"http:\/\/aatv-renovation.fr\/index.php\/wp-json\/wp\/v2\/users\/1"}],"replies":[{"embeddable":true,"href":"http:\/\/aatv-renovation.fr\/index.php\/wp-json\/wp\/v2\/comments?post=311"}],"version-history":[{"count":7,"href":"http:\/\/aatv-renovation.fr\/index.php\/wp-json\/wp\/v2\/pages\/311\/revisions"}],"predecessor-version":[{"id":485,"href":"http:\/\/aatv-renovation.fr\/index.php\/wp-json\/wp\/v2\/pages\/311\/revisions\/485"}],"wp:attachment":[{"href":"http:\/\/aatv-renovation.fr\/index.php\/wp-json\/wp\/v2\/media?parent=311"}],"curies":[{"name":"wp","href":"https:\/\/api.w.org\/{rel}","templated":true}]}}