{"id":315,"date":"2023-11-03T14:47:01","date_gmt":"2023-11-03T13:47:01","guid":{"rendered":"http:\/\/aatv-renovation.fr\/?page_id=315"},"modified":"2023-11-03T17:07:03","modified_gmt":"2023-11-03T16:07:03","slug":"entreprise","status":"publish","type":"page","link":"http:\/\/aatv-renovation.fr\/index.php\/entreprise\/","title":{"rendered":"L&#8217;entreprise"},"content":{"rendered":"\n<div class=\"wp-block-group is-layout-constrained wp-block-group-is-layout-constrained\">\n<h2 class=\"wp-block-heading\">Une entreprise \u00e0 vos c\u00f4t\u00e9s, pour toutes r\u00e9novations \u00e0 Lyon<\/h2>\n\n\n\n<div class=\"wp-block-buttons is-layout-flex wp-block-buttons-is-layout-flex\">\n<div class=\"wp-block-button\"><a class=\"wp-block-button__link wp-element-button\" href=\"https:\/\/www.pagesjaunes.fr\/pros\/52085801\">un besoin d&#8217;informations sur l&#8217;entreprise ?<\/a><\/div>\n<\/div>\n\n\n\n<figure class=\"wp-block-image aligncenter size-full\"><img loading=\"lazy\" decoding=\"async\" width=\"153\" height=\"50\" src=\"http:\/\/aatv-renovation.fr\/wp-content\/uploads\/2023\/09\/icon-group.png\" alt=\"\" class=\"wp-image-96\" srcset=\"http:\/\/aatv-renovation.fr\/wp-content\/uploads\/2023\/09\/icon-group.png 153w, http:\/\/aatv-renovation.fr\/wp-content\/uploads\/2023\/09\/icon-group-150x50.png 150w\" sizes=\"auto, (max-width: 153px) 100vw, 153px\" \/><\/figure>\n\n\n\n<p>AATV r\u00e9novation est une\u00a0<strong>entreprise de r\u00e9novations<\/strong>\u00a0pluridisciplinaires rassemblant de nombreux corps de m\u00e9tiers afin de vous apporter une qualit\u00e9 et compl\u00e9mentarit\u00e9 de services n\u00e9cessaires pour la\u00a0<strong>r\u00e9novation superficielle ou en profondeur<\/strong>\u00a0de votre appartement. Cr\u00e9\u00e9e en 2006, notre entreprise profite de pr\u00e8s de 15 ans d\u2019exp\u00e9rience au service de nos clients. Nous avons commenc\u00e9 par la\u00a0<a href=\"http:\/\/aatv-renovation.fr\/index.php\/travaux-interieurs\/peinture-decoration\/\">peinture et la d\u00e9coration<\/a>, et avons progressivement migr\u00e9 vers d\u2019autres corps d\u2019\u00e9tat compl\u00e9mentaires \u00e0 notre activit\u00e9. Nous sommes d\u00e9sormais qualifi\u00e9s sur la quasi-totalit\u00e9 des corps de m\u00e9tier de la r\u00e9novation, et avons acquis une exp\u00e9rience consid\u00e9rable, au fil des projets de nos clients. Nous vous proposons d\u2019abord un accompagnement sur-mesure avec un service client attentif et \u00e0 l\u2019\u00e9coute de vos besoins. Cet accompagnement passe \u00e9galement par une rapidit\u00e9 d\u2019ex\u00e9cution exemplaire et une r\u00e9gularit\u00e9 sur le suivi de nos diff\u00e9rents chantiers.<\/p>\n\n\n\n<div class=\"wp-block-media-text is-stacked-on-mobile\"><figure class=\"wp-block-media-text__media\"><img loading=\"lazy\" decoding=\"async\" width=\"768\" height=\"1024\" src=\"http:\/\/aatv-renovation.fr\/wp-content\/uploads\/2023\/11\/20120618_1751468eb5-768x1024.jpg\" alt=\"\" class=\"wp-image-384 size-full\" srcset=\"http:\/\/aatv-renovation.fr\/wp-content\/uploads\/2023\/11\/20120618_1751468eb5-768x1024.jpg 768w, http:\/\/aatv-renovation.fr\/wp-content\/uploads\/2023\/11\/20120618_1751468eb5-225x300.jpg 225w, http:\/\/aatv-renovation.fr\/wp-content\/uploads\/2023\/11\/20120618_1751468eb5.jpg 960w\" sizes=\"auto, (max-width: 768px) 100vw, 768px\" \/><\/figure><div class=\"wp-block-media-text__content\">\n<h4 class=\"wp-block-heading\">Un savoir-faire pluri-disciplinaire pour une r\u00e9novation compl\u00e8te<\/h4>\n\n\n\n<p>Nous l\u2019avons dit, notre entreprise est une soci\u00e9t\u00e9 qui s\u2019est diversifi\u00e9e progressivement pour apporter une qualit\u00e9 de service de plus en plus importante envers nos clients. Disposant d\u2019artisans qualifi\u00e9s et d\u2019architectes pour vos int\u00e9rieurs, nous avons su, au fil des ann\u00e9es, \u00e9largir notre spectre de comp\u00e9tences pour vous offrir notamment\u00a0: la d\u00e9molition\/\u00e9vacuation de cloisons, peinture\/d\u00e9coration, pose de rev\u00eatements de sol,\u00a0<a href=\"http:\/\/aatv-renovation.fr\/index.php\/travaux-interieurs\/amenagements-sur-mesure\/\">am\u00e9nagements sur-mesure<\/a>, pose de cuisine, d\u2019isolation, et d\u2019\u00e9lectricit\u00e9\/plomberie.<br>Vous pouvez \u00e9galement d\u00e9couvrir nos r\u00e9alisations via notre site internet.<\/p>\n\n\n\n<figure class=\"wp-block-image alignright size-full\"><img loading=\"lazy\" decoding=\"async\" width=\"50\" height=\"50\" src=\"http:\/\/aatv-renovation.fr\/wp-content\/uploads\/2023\/10\/icon-1-50x50-1.png\" alt=\"\" class=\"wp-image-120\"\/><\/figure>\n<\/div><\/div>\n\n\n\n<div style=\"height:100px\" aria-hidden=\"true\" class=\"wp-block-spacer\"><\/div>\n\n\n\n<div class=\"wp-block-media-text has-media-on-the-right is-stacked-on-mobile\"><div class=\"wp-block-media-text__content\">\n<h4 class=\"wp-block-heading\">Une entreprise proche de ses clients<\/h4>\n\n\n\n<p>AATV r\u00e9novation est une entreprise \u00e0 l\u2019\u00e9coute de ses clients, car pour nous, le premier contact nous permet de nouer un lien de confiance indispensable. Ayant particip\u00e9 \u00e0 une \u00e9mission TV anim\u00e9e par Marc Emmanuel, nous voulions aider une famille.<br>C\u2019est \u00e9galement le travail que nous effectuons tous les jours. Vous accompagner \u00e0 chaque \u00e9tape, dans la r\u00e9novation de votre habitation.<br>Une \u00e9quipe polyvalente de\u00a0<strong>professionnels \u00e0 votre \u00e9coute<\/strong>, nous vous proposons des devis rapides, comp\u00e9titifs, tant au niveau du prix, que de la rapidit\u00e9 d\u2019ex\u00e9cution, tr\u00e8s importante pour nos clients.<br>La satisfaction client est au c\u0153ur de nos pr\u00e9occupations, nos chefs de projets profitent d\u2019une longue exp\u00e9rience afin de mener \u00e0 bien, le management de chaque projet.<\/p>\n\n\n\n<figure class=\"wp-block-image alignright size-full\"><img loading=\"lazy\" decoding=\"async\" width=\"50\" height=\"50\" src=\"http:\/\/aatv-renovation.fr\/wp-content\/uploads\/2023\/09\/icon-3-50x50-1.png\" alt=\"\" class=\"wp-image-114\"\/><\/figure>\n<\/div><figure class=\"wp-block-media-text__media\"><img loading=\"lazy\" decoding=\"async\" width=\"480\" height=\"640\" src=\"http:\/\/aatv-renovation.fr\/wp-content\/uploads\/2023\/11\/2012-07-03-21.27.29.jpg\" alt=\"\" class=\"wp-image-385 size-full\" srcset=\"http:\/\/aatv-renovation.fr\/wp-content\/uploads\/2023\/11\/2012-07-03-21.27.29.jpg 480w, http:\/\/aatv-renovation.fr\/wp-content\/uploads\/2023\/11\/2012-07-03-21.27.29-225x300.jpg 225w\" sizes=\"auto, (max-width: 480px) 100vw, 480px\" \/><\/figure><\/div>\n\n\n\n<div style=\"height:100px\" aria-hidden=\"true\" class=\"wp-block-spacer\"><\/div>\n\n\n\n<div class=\"wp-block-group is-layout-constrained wp-block-group-is-layout-constrained\">\n<figure class=\"wp-block-image aligncenter size-full\"><img loading=\"lazy\" decoding=\"async\" width=\"168\" height=\"80\" src=\"http:\/\/aatv-renovation.fr\/wp-content\/uploads\/2023\/09\/contact-icon.png\" alt=\"\" class=\"wp-image-115\"\/><\/figure>\n\n\n\n<p class=\"has-text-align-center\">Contactez-nous pour en savoir plus sur notre entreprise et recevoir votre devis gratuit !<\/p>\n\n\n\n<div class=\"wp-block-buttons is-content-justification-center is-layout-flex wp-container-core-buttons-is-layout-a89b3969 wp-block-buttons-is-layout-flex\">\n<div class=\"wp-block-button\"><a class=\"wp-block-button__link wp-element-button\" href=\"https:\/\/www.pagesjaunes.fr\/pros\/52085801\">nous contacter<\/a><\/div>\n<\/div>\n<\/div>\n<\/div>\n","protected":false},"excerpt":{"rendered":"<p>Une entreprise \u00e0 vos c\u00f4t\u00e9s, pour toutes r\u00e9novations \u00e0 Lyon AATV r\u00e9novation est une\u00a0entreprise de r\u00e9novations\u00a0pluridisciplinaires rassemblant de nombreux corps de m\u00e9tiers afin de vous apporter une qualit\u00e9 et compl\u00e9mentarit\u00e9 de services n\u00e9cessaires pour la\u00a0r\u00e9novation superficielle ou en profondeur\u00a0de votre appartement. Cr\u00e9\u00e9e en 2006, notre entreprise profite de pr\u00e8s de 15 ans d\u2019exp\u00e9rience au service &hellip;<\/p>\n<p class=\"read-more\"> <a class=\"\" href=\"http:\/\/aatv-renovation.fr\/index.php\/entreprise\/\"> <span class=\"screen-reader-text\">L&#8217;entreprise<\/span> Read More &raquo;<\/a><\/p>\n","protected":false},"author":1,"featured_media":0,"parent":0,"menu_order":0,"comment_status":"closed","ping_status":"closed","template":"","meta":{"_coblocks_attr":"","_coblocks_dimensions":"","_coblocks_responsive_height":"","_coblocks_accordion_ie_support":"","site-sidebar-layout":"default","site-content-layout":"","ast-site-content-layout":"","site-content-style":"default","site-sidebar-style":"default","ast-global-header-display":"","ast-banner-title-visibility":"","ast-main-header-display":"","ast-hfb-above-header-display":"","ast-hfb-below-header-display":"","ast-hfb-mobile-header-display":"","site-post-title":"disabled","ast-breadcrumbs-content":"","ast-featured-img":"","footer-sml-layout":"","theme-transparent-header-meta":"","adv-header-id-meta":"","stick-header-meta":"","header-above-stick-meta":"","header-main-stick-meta":"","header-below-stick-meta":"","astra-migrate-meta-layouts":"","ast-page-background-enabled":"default","ast-page-background-meta":{"desktop":{"background-color":"var(--ast-global-color-4)","background-image":"","background-repeat":"repeat","background-position":"center center","background-size":"auto","background-attachment":"scroll","background-type":"","background-media":"","overlay-type":"","overlay-color":"","overlay-gradient":""},"tablet":{"background-color":"","background-image":"","background-repeat":"repeat","background-position":"center center","background-size":"auto","background-attachment":"scroll","background-type":"","background-media":"","overlay-type":"","overlay-color":"","overlay-gradient":""},"mobile":{"background-color":"","background-image":"","background-repeat":"repeat","background-position":"center center","background-size":"auto","background-attachment":"scroll","background-type":"","background-media":"","overlay-type":"","overlay-color":"","overlay-gradient":""}},"ast-content-background-meta":{"desktop":{"background-color":"var(--ast-global-color-5)","background-image":"","background-repeat":"repeat","background-position":"center center","background-size":"auto","background-attachment":"scroll","background-type":"","background-media":"","overlay-type":"","overlay-color":"","overlay-gradient":""},"tablet":{"background-color":"var(--ast-global-color-5)","background-image":"","background-repeat":"repeat","background-position":"center center","background-size":"auto","background-attachment":"scroll","background-type":"","background-media":"","overlay-type":"","overlay-color":"","overlay-gradient":""},"mobile":{"background-color":"var(--ast-global-color-5)","background-image":"","background-repeat":"repeat","background-position":"center center","background-size":"auto","background-attachment":"scroll","background-type":"","background-media":"","overlay-type":"","overlay-color":"","overlay-gradient":""}},"footnotes":""},"class_list":["post-315","page","type-page","status-publish","hentry"],"yoast_head":"<!-- This site is optimized with the Yoast SEO plugin v21.5 - https:\/\/yoast.com\/wordpress\/plugins\/seo\/ -->\n<title>L&#8217;entreprise - AATV R\u00e9novation<\/title>\n<meta name=\"description\" content=\"Une entreprise \u00e0 vos c\u00f4t\u00e9s, pour toutes r\u00e9novations \u00e0 Lyon 6e et Grenoble\" \/>\n<meta name=\"robots\" content=\"index, follow, max-snippet:-1, max-image-preview:large, max-video-preview:-1\" \/>\n<link rel=\"canonical\" href=\"http:\/\/aatv-renovation.fr\/index.php\/entreprise\/\" \/>\n<meta property=\"og:locale\" content=\"en_US\" \/>\n<meta property=\"og:type\" content=\"article\" \/>\n<meta property=\"og:title\" content=\"L&#8217;entreprise - AATV R\u00e9novation\" \/>\n<meta property=\"og:description\" content=\"Une entreprise \u00e0 vos c\u00f4t\u00e9s, pour toutes r\u00e9novations \u00e0 Lyon 6e et Grenoble\" \/>\n<meta property=\"og:url\" content=\"http:\/\/aatv-renovation.fr\/index.php\/entreprise\/\" \/>\n<meta property=\"og:site_name\" content=\"AATV R\u00e9novation\" \/>\n<meta property=\"article:modified_time\" content=\"2023-11-03T16:07:03+00:00\" \/>\n<meta property=\"og:image\" content=\"http:\/\/aatv-renovation.fr\/wp-content\/uploads\/2023\/09\/icon-group.png\" \/>\n<meta name=\"twitter:card\" content=\"summary_large_image\" \/>\n<meta name=\"twitter:label1\" content=\"Est. reading time\" \/>\n\t<meta name=\"twitter:data1\" content=\"3 minutes\" \/>\n<script type=\"application\/ld+json\" class=\"yoast-schema-graph\">{\"@context\":\"https:\/\/schema.org\",\"@graph\":[{\"@type\":\"WebPage\",\"@id\":\"http:\/\/aatv-renovation.fr\/index.php\/entreprise\/\",\"url\":\"http:\/\/aatv-renovation.fr\/index.php\/entreprise\/\",\"name\":\"L&#8217;entreprise - AATV R\u00e9novation\",\"isPartOf\":{\"@id\":\"http:\/\/aatv-renovation.fr\/#website\"},\"datePublished\":\"2023-11-03T13:47:01+00:00\",\"dateModified\":\"2023-11-03T16:07:03+00:00\",\"description\":\"Une entreprise \u00e0 vos c\u00f4t\u00e9s, pour toutes r\u00e9novations \u00e0 Lyon 6e et Grenoble\",\"breadcrumb\":{\"@id\":\"http:\/\/aatv-renovation.fr\/index.php\/entreprise\/#breadcrumb\"},\"inLanguage\":\"en-US\",\"potentialAction\":[{\"@type\":\"ReadAction\",\"target\":[\"http:\/\/aatv-renovation.fr\/index.php\/entreprise\/\"]}]},{\"@type\":\"BreadcrumbList\",\"@id\":\"http:\/\/aatv-renovation.fr\/index.php\/entreprise\/#breadcrumb\",\"itemListElement\":[{\"@type\":\"ListItem\",\"position\":1,\"name\":\"Accueil\",\"item\":\"http:\/\/aatv-renovation.fr\/\"},{\"@type\":\"ListItem\",\"position\":2,\"name\":\"L&#8217;entreprise\"}]},{\"@type\":\"WebSite\",\"@id\":\"http:\/\/aatv-renovation.fr\/#website\",\"url\":\"http:\/\/aatv-renovation.fr\/\",\"name\":\"AATV RENOVATION\",\"description\":\"Une entreprise de r\u00e9novation, \u00e0 Lyon\",\"publisher\":{\"@id\":\"http:\/\/aatv-renovation.fr\/#organization\"},\"potentialAction\":[{\"@type\":\"SearchAction\",\"target\":{\"@type\":\"EntryPoint\",\"urlTemplate\":\"http:\/\/aatv-renovation.fr\/?s={search_term_string}\"},\"query-input\":\"required name=search_term_string\"}],\"inLanguage\":\"en-US\"},{\"@type\":\"Organization\",\"@id\":\"http:\/\/aatv-renovation.fr\/#organization\",\"name\":\"AATV RENOVATION\",\"url\":\"http:\/\/aatv-renovation.fr\/\",\"logo\":{\"@type\":\"ImageObject\",\"inLanguage\":\"en-US\",\"@id\":\"http:\/\/aatv-renovation.fr\/#\/schema\/logo\/image\/\",\"url\":\"http:\/\/aatv-renovation.fr\/wp-content\/uploads\/2023\/06\/LOGO_AATV_Vectorised-grand-format.png\",\"contentUrl\":\"http:\/\/aatv-renovation.fr\/wp-content\/uploads\/2023\/06\/LOGO_AATV_Vectorised-grand-format.png\",\"width\":1024,\"height\":868,\"caption\":\"AATV RENOVATION\"},\"image\":{\"@id\":\"http:\/\/aatv-renovation.fr\/#\/schema\/logo\/image\/\"}}]}<\/script>\n<!-- \/ Yoast SEO plugin. -->","yoast_head_json":{"title":"L&#8217;entreprise - AATV R\u00e9novation","description":"Une entreprise \u00e0 vos c\u00f4t\u00e9s, pour toutes r\u00e9novations \u00e0 Lyon 6e et Grenoble","robots":{"index":"index","follow":"follow","max-snippet":"max-snippet:-1","max-image-preview":"max-image-preview:large","max-video-preview":"max-video-preview:-1"},"canonical":"http:\/\/aatv-renovation.fr\/index.php\/entreprise\/","og_locale":"en_US","og_type":"article","og_title":"L&#8217;entreprise - AATV R\u00e9novation","og_description":"Une entreprise \u00e0 vos c\u00f4t\u00e9s, pour toutes r\u00e9novations \u00e0 Lyon 6e et Grenoble","og_url":"http:\/\/aatv-renovation.fr\/index.php\/entreprise\/","og_site_name":"AATV R\u00e9novation","article_modified_time":"2023-11-03T16:07:03+00:00","og_image":[{"url":"http:\/\/aatv-renovation.fr\/wp-content\/uploads\/2023\/09\/icon-group.png"}],"twitter_card":"summary_large_image","twitter_misc":{"Est. reading time":"3 minutes"},"schema":{"@context":"https:\/\/schema.org","@graph":[{"@type":"WebPage","@id":"http:\/\/aatv-renovation.fr\/index.php\/entreprise\/","url":"http:\/\/aatv-renovation.fr\/index.php\/entreprise\/","name":"L&#8217;entreprise - AATV R\u00e9novation","isPartOf":{"@id":"http:\/\/aatv-renovation.fr\/#website"},"datePublished":"2023-11-03T13:47:01+00:00","dateModified":"2023-11-03T16:07:03+00:00","description":"Une entreprise \u00e0 vos c\u00f4t\u00e9s, pour toutes r\u00e9novations \u00e0 Lyon 6e et Grenoble","breadcrumb":{"@id":"http:\/\/aatv-renovation.fr\/index.php\/entreprise\/#breadcrumb"},"inLanguage":"en-US","potentialAction":[{"@type":"ReadAction","target":["http:\/\/aatv-renovation.fr\/index.php\/entreprise\/"]}]},{"@type":"BreadcrumbList","@id":"http:\/\/aatv-renovation.fr\/index.php\/entreprise\/#breadcrumb","itemListElement":[{"@type":"ListItem","position":1,"name":"Accueil","item":"http:\/\/aatv-renovation.fr\/"},{"@type":"ListItem","position":2,"name":"L&#8217;entreprise"}]},{"@type":"WebSite","@id":"http:\/\/aatv-renovation.fr\/#website","url":"http:\/\/aatv-renovation.fr\/","name":"AATV RENOVATION","description":"Une entreprise de r\u00e9novation, \u00e0 Lyon","publisher":{"@id":"http:\/\/aatv-renovation.fr\/#organization"},"potentialAction":[{"@type":"SearchAction","target":{"@type":"EntryPoint","urlTemplate":"http:\/\/aatv-renovation.fr\/?s={search_term_string}"},"query-input":"required name=search_term_string"}],"inLanguage":"en-US"},{"@type":"Organization","@id":"http:\/\/aatv-renovation.fr\/#organization","name":"AATV RENOVATION","url":"http:\/\/aatv-renovation.fr\/","logo":{"@type":"ImageObject","inLanguage":"en-US","@id":"http:\/\/aatv-renovation.fr\/#\/schema\/logo\/image\/","url":"http:\/\/aatv-renovation.fr\/wp-content\/uploads\/2023\/06\/LOGO_AATV_Vectorised-grand-format.png","contentUrl":"http:\/\/aatv-renovation.fr\/wp-content\/uploads\/2023\/06\/LOGO_AATV_Vectorised-grand-format.png","width":1024,"height":868,"caption":"AATV RENOVATION"},"image":{"@id":"http:\/\/aatv-renovation.fr\/#\/schema\/logo\/image\/"}}]}},"jetpack_sharing_enabled":true,"_links":{"self":[{"href":"http:\/\/aatv-renovation.fr\/index.php\/wp-json\/wp\/v2\/pages\/315","targetHints":{"allow":["GET"]}}],"collection":[{"href":"http:\/\/aatv-renovation.fr\/index.php\/wp-json\/wp\/v2\/pages"}],"about":[{"href":"http:\/\/aatv-renovation.fr\/index.php\/wp-json\/wp\/v2\/types\/page"}],"author":[{"embeddable":true,"href":"http:\/\/aatv-renovation.fr\/index.php\/wp-json\/wp\/v2\/users\/1"}],"replies":[{"embeddable":true,"href":"http:\/\/aatv-renovation.fr\/index.php\/wp-json\/wp\/v2\/comments?post=315"}],"version-history":[{"count":4,"href":"http:\/\/aatv-renovation.fr\/index.php\/wp-json\/wp\/v2\/pages\/315\/revisions"}],"predecessor-version":[{"id":395,"href":"http:\/\/aatv-renovation.fr\/index.php\/wp-json\/wp\/v2\/pages\/315\/revisions\/395"}],"wp:attachment":[{"href":"http:\/\/aatv-renovation.fr\/index.php\/wp-json\/wp\/v2\/media?parent=315"}],"curies":[{"name":"wp","href":"https:\/\/api.w.org\/{rel}","templated":true}]}}