{"id":410,"date":"2023-11-09T16:12:10","date_gmt":"2023-11-09T15:12:10","guid":{"rendered":"http:\/\/aatv-renovation.fr\/?page_id=410"},"modified":"2023-11-09T16:52:20","modified_gmt":"2023-11-09T15:52:20","slug":"cookies","status":"publish","type":"page","link":"http:\/\/aatv-renovation.fr\/index.php\/cookies\/","title":{"rendered":"Cookies"},"content":{"rendered":"\n<p>A quoi servent nos cookies ?<\/p>\n\n\n\n<h4 class=\"wp-block-heading\">COOKIES STRICTEMENT N\u00c9CESSAIRES \u00c0 L\u2019UTILISATION DU SERVICE DEMAND\u00c9.<\/h4>\n\n\n\n<p>Ils permettent l\u2019utilisation des principales fonctionnalit\u00e9s du site, comme le cas \u00e9ch\u00e9ant l\u2019acc\u00e8s \u00e0 votre compte personnel, ou encore de m\u00e9moriser les pr\u00e9f\u00e9rences d&#8217;affichage de votre terminal (langue, param\u00e8tres d&#8217;affichage) et d&#8217;en tenir compte lors de vos visites, selon la charte graphique et les logiciels de visualisation ou de lecture de votre terminal. Ils nous permettent aussi de lier entre elles les diff\u00e9rentes pages consult\u00e9es pour vous assurer une navigation fluide ou encore d\u2019afficher des cartes interactives.<\/p>\n\n\n\n<p>Pour param\u00e9trer :<\/p>\n\n\n\n<p>Vous pouvez d\u00e9sactiver compl\u00e8tement les cookies dans votre navigateur. Dans ce cas notre site ne fonctionnera plus normalement mais vous pourrez quand m\u00eame effectuer des actions basiques.<\/p>\n\n\n\n<p><strong>1\/ Si vous utilisez le navigateur Internet Explorer<\/strong><\/p>\n\n\n\n<ul class=\"wp-block-list\">\n<li>Dans Internet Explorer, cliquez sur le bouton \u00ab Outils \u00bb, puis sur \u00ab Options Internet \u00bb.<\/li>\n\n\n\n<li>Sous l\u2019onglet Confidentialit\u00e9 d\u00e9placez le curseur vers le haut pour bloquer tous les cookies ou vers le bas pour autoriser tous les cookies, puis cliquez sur OK.<\/li>\n<\/ul>\n\n\n\n<p><strong>2\/ Si vous utilisez le navigateur Firefox<\/strong><\/p>\n\n\n\n<ul class=\"wp-block-list\">\n<li>Allez dans le menu \u00ab Outils \u00bb du navigateur puis s\u00e9lectionnez le menu \u00ab Options \u00bb<\/li>\n\n\n\n<li>Cliquez sur l\u2019onglet \u00ab vie priv\u00e9e \u00bb, d\u00e9cochez la case \u00ab Accepter les cookies \u00bb puis cliquez sur OK.<\/li>\n<\/ul>\n\n\n\n<p><strong>3\/ Si vous utilisez le navigateur Safari<\/strong><\/p>\n\n\n\n<ul class=\"wp-block-list\">\n<li>Dans votre navigateur, choisissez le menu \u00ab \u00c9dition \u00bb puis s\u00e9lectionnez \u00ab Pr\u00e9f\u00e9rences \u00bb.<\/li>\n\n\n\n<li>Cliquez sur \u00ab Confidentialit\u00e9 \u00bb.<\/li>\n\n\n\n<li>Positionnez le r\u00e9glage \u00ab Bloquer les cookies \u00bb sur \u00ab Toujours \u00bb puis cliquez sur OK.<\/li>\n<\/ul>\n\n\n\n<p><strong>4\/ Si vous utilisez le navigateur Google Chrome<\/strong><\/p>\n\n\n\n<ul class=\"wp-block-list\">\n<li>Cliquez sur le menu Chrome dans la barre d\u2019outils du navigateur.<\/li>\n\n\n\n<li>S\u00e9lectionnez \u00ab Param\u00e8tres \u00bb.<\/li>\n\n\n\n<li>Cliquez sur \u00ab Afficher les param\u00e8tres avanc\u00e9s \u00bb.<\/li>\n\n\n\n<li>Dans la section \u00ab Confidentialit\u00e9 \u00bb, cliquez sur le bouton \u00ab Param\u00e8tres de contenu \u00bb.<\/li>\n\n\n\n<li>Dans la section \u00ab Cookies \u00bb, s\u00e9lectionnez \u00ab Interdire \u00e0 tous les sites de stocker des donn\u00e9es \u00bb et cochez la case \u00ab Bloquer les cookies et les donn\u00e9es de site tiers \u00bb, puis cliquez sur OK.<\/li>\n<\/ul>\n\n\n\n<p>COOKIES DE MESURE D\u2019AUDIENCE ET DE STATISTIQUES.<\/p>\n\n\n\n<p>Ils nous permettent de faire vivre le site et d\u2019\u00e9tablir des statistiques et comptages de fr\u00e9quentation et d&#8217;utilisation de ses rubriques et contenus, pour r\u00e9aliser des \u00e9tudes afin d\u2019am\u00e9liorer le contenu (mesure du nombre de visites, de pages vues ou encore de l&#8217;activit\u00e9 des visiteurs sur le site et de leur fr\u00e9quence de retour). Ils nous permettent \u00e9galement d\u2019analyser la navigation des internautes afin d\u2019am\u00e9liorer notre service ou de d\u00e9tecter des dysfonctionnements.<\/p>\n\n\n\n<p>Pour param\u00e9trer :<\/p>\n\n\n\n<p>Vous pouvez choisir d\u2019activer ou d\u00e9sactiver les cookies de notre outil de mesure d\u2019audience AT Internet en&nbsp;<a href=\"http:\/\/www.youronlinechoices.com\/fr\/\" target=\"_blank\" rel=\"noreferrer noopener\">cliquant ici<\/a>&nbsp;.J\u2019accepte le d\u00e9p\u00f4t de cookies \u00e0 des fins de mesure d\u2019audienceJe n\u2019accepte pas le d\u00e9p\u00f4t de cookies \u00e0 des fins de mesure d\u2019audienceLES COOKIES TIERS<\/p>\n\n\n\n<p>Lorsque vous acc\u00e9dez \u00e0 notre site, un ou plusieurs cookies de soci\u00e9t\u00e9s partenaires (\u00ab cookies tiers \u00bb) sont susceptibles d\u2019\u00eatre plac\u00e9s dans votre terminal.<\/p>\n\n\n\n<p>Nous veillons \u00e0 ce que les soci\u00e9t\u00e9s partenaires acceptent de traiter les informations collect\u00e9es sur nos sites dans le respect de la r\u00e9glementation applicable et s\u2019engagent \u00e0 mettre en \u0153uvre des mesures appropri\u00e9es de s\u00e9curisation et de protection de la confidentialit\u00e9 des donn\u00e9es.COOKIES LIES A LA VIDEO<\/p>\n\n\n\n<p>Pour le visionnage de vid\u00e9os, nous proposons sur ce site un lecteur dont l\u2019utilisation entra\u00eene le d\u00e9p\u00f4t de cookies n\u00e9cessaires \u00e0 son bon fonctionnement.<\/p>\n\n\n\n<p>Pour param\u00e9trer :<\/p>\n\n\n\n<p>Vous pouvez choisir d\u2019accepter ou de vous opposer au d\u00e9p\u00f4t de cookies vid\u00e9o&nbsp;:J\u2019accepte le d\u00e9p\u00f4t de cookies pour le visionnage de vid\u00e9osJe n\u2019accepte pas le d\u00e9p\u00f4t de cookies pour le visionnage de vid\u00e9osCOOKIES PUBLICITAIRES DE SOCI\u00c9T\u00c9S PARTENAIRES.<\/p>\n\n\n\n<p>Ces cookies tiers ont pour finalit\u00e9 d\u2019identifier vos centres d\u2019int\u00e9r\u00eat au travers des produits consult\u00e9s sur notre site et de collecter des donn\u00e9es de navigation afin de personnaliser l\u2019offre publicitaire qui vous est adress\u00e9e en dehors de nos sites.<\/p>\n\n\n\n<p>Ils sont susceptibles d\u2019\u00eatre plac\u00e9s dans votre terminal, afin d\u2019identifier vos centres d\u2019int\u00e9r\u00eat au travers des produits consult\u00e9s sur notre site et de collecter des donn\u00e9es de navigation afin de personnaliser l\u2019offre publicitaire qui vous est adress\u00e9e sur et en dehors de nos sites. :<\/p>\n\n\n\n<p>Pour param\u00e9trer :J\u2019accepte le d\u00e9p\u00f4t de cookies et autres traceurs par nos partenaires \u00e0 des fins publicitairesJe n\u2019accepte pas le d\u00e9p\u00f4t de cookies et autres traceurs par nos partenaires \u00e0 des fins publicitaires<\/p>\n\n\n\n<p>Vous pouvez vous opposer \u00e0 l\u2019usage de vos donn\u00e9es de navigation par les partenaires suivants :<\/p>\n\n\n\n<ul class=\"wp-block-list\">\n<li>Digital to Store&nbsp;<a href=\"https:\/\/client.adhslx.com\/privacy.html\" target=\"_blank\" rel=\"noreferrer noopener\">https:\/\/client.adhslx.com\/privacy.html<\/a><\/li>\n\n\n\n<li>AppNexus&nbsp;<a href=\"https:\/\/www.appnexus.com\/fr\/corporate-privacy-policy#choices\" target=\"_blank\" rel=\"noreferrer noopener\">https:\/\/www.appnexus.com\/fr\/corporate-privacy-policy#choices<\/a><\/li>\n\n\n\n<li>EXelate&nbsp;<a href=\"http:\/\/exelate.com\/privacy\/opt-in-opt-out\/\" target=\"_blank\" rel=\"noreferrer noopener\">http:\/\/exelate.com\/privacy\/opt-in-opt-out\/<\/a><\/li>\n\n\n\n<li>Adadvisor&nbsp;<a href=\"http:\/\/www.adadvisor.net\/optout.html\" target=\"_blank\" rel=\"noreferrer noopener\">http:\/\/www.adadvisor.net\/optout.html<\/a><\/li>\n\n\n\n<li>Xaxis&nbsp;<a href=\"http:\/\/www.pagesjaunes.fr\/plusdeservices\/infosite\/viePrivee.do\" target=\"_blank\" rel=\"noreferrer noopener\">http:\/\/www.pagesjaunes.fr\/plusdeservices\/infosite\/viePrivee.do<\/a><\/li>\n\n\n\n<li>Aggregate Knowledge&nbsp;<a href=\"http:\/\/www.aggregateknowledge.com\/privacy\/ak-optout\/\" target=\"_blank\" rel=\"noreferrer noopener\">http:\/\/www.aggregateknowledge.com\/privacy\/ak-optout\/<\/a><\/li>\n\n\n\n<li>The Trade Desk&nbsp;<a href=\"http:\/\/www.adsrvr.org\/\" target=\"_blank\" rel=\"noreferrer noopener\">http:\/\/www.adsrvr.org\/<\/a><\/li>\n\n\n\n<li>Adform&nbsp;<a href=\"http:\/\/site.adform.com\/privacy-policy\/en\/\" target=\"_blank\" rel=\"noreferrer noopener\">http:\/\/site.adform.com\/privacy-policy\/en\/<\/a><\/li>\n<\/ul>\n\n\n\n<p>La CNIL propose par ailleurs sur son site \u00e0 l\u2019adresse&nbsp;<a href=\"http:\/\/www.cnil.fr\/vos-droits\/vos-traces\/les-cookies\/conseils-aux-internautes\" target=\"_blank\" rel=\"noreferrer noopener\">http:\/\/www.cnil.fr\/vos-droits\/vos-traces\/les-cookies\/conseils-aux-internautes<\/a>&nbsp;un large panel d\u2019outils permettant de limiter la tra\u00e7abilit\u00e9 de votre navigation sur Internet : extensions pour votre navigateur permettant de bloquer les traceurs, les boutons de partage sur les r\u00e9seaux sociaux, le chargement de ressources en provenance d\u2019autres sites\u2026VALIDERFermer<\/p>\n","protected":false},"excerpt":{"rendered":"<p>A quoi servent nos cookies ? COOKIES STRICTEMENT N\u00c9CESSAIRES \u00c0 L\u2019UTILISATION DU SERVICE DEMAND\u00c9. Ils permettent l\u2019utilisation des principales fonctionnalit\u00e9s du site, comme le cas \u00e9ch\u00e9ant l\u2019acc\u00e8s \u00e0 votre compte personnel, ou encore de m\u00e9moriser les pr\u00e9f\u00e9rences d&#8217;affichage de votre terminal (langue, param\u00e8tres d&#8217;affichage) et d&#8217;en tenir compte lors de vos visites, selon la charte &hellip;<\/p>\n<p class=\"read-more\"> <a class=\"\" href=\"http:\/\/aatv-renovation.fr\/index.php\/cookies\/\"> <span class=\"screen-reader-text\">Cookies<\/span> Read More &raquo;<\/a><\/p>\n","protected":false},"author":1,"featured_media":0,"parent":0,"menu_order":0,"comment_status":"closed","ping_status":"closed","template":"","meta":{"_coblocks_attr":"","_coblocks_dimensions":"","_coblocks_responsive_height":"","_coblocks_accordion_ie_support":"","site-sidebar-layout":"default","site-content-layout":"","ast-site-content-layout":"","site-content-style":"default","site-sidebar-style":"default","ast-global-header-display":"","ast-banner-title-visibility":"","ast-main-header-display":"","ast-hfb-above-header-display":"","ast-hfb-below-header-display":"","ast-hfb-mobile-header-display":"","site-post-title":"disabled","ast-breadcrumbs-content":"","ast-featured-img":"","footer-sml-layout":"","theme-transparent-header-meta":"","adv-header-id-meta":"","stick-header-meta":"","header-above-stick-meta":"","header-main-stick-meta":"","header-below-stick-meta":"","astra-migrate-meta-layouts":"","ast-page-background-enabled":"default","ast-page-background-meta":{"desktop":{"background-color":"var(--ast-global-color-4)","background-image":"","background-repeat":"repeat","background-position":"center center","background-size":"auto","background-attachment":"scroll","background-type":"","background-media":"","overlay-type":"","overlay-color":"","overlay-gradient":""},"tablet":{"background-color":"","background-image":"","background-repeat":"repeat","background-position":"center center","background-size":"auto","background-attachment":"scroll","background-type":"","background-media":"","overlay-type":"","overlay-color":"","overlay-gradient":""},"mobile":{"background-color":"","background-image":"","background-repeat":"repeat","background-position":"center center","background-size":"auto","background-attachment":"scroll","background-type":"","background-media":"","overlay-type":"","overlay-color":"","overlay-gradient":""}},"ast-content-background-meta":{"desktop":{"background-color":"var(--ast-global-color-5)","background-image":"","background-repeat":"repeat","background-position":"center center","background-size":"auto","background-attachment":"scroll","background-type":"","background-media":"","overlay-type":"","overlay-color":"","overlay-gradient":""},"tablet":{"background-color":"var(--ast-global-color-5)","background-image":"","background-repeat":"repeat","background-position":"center center","background-size":"auto","background-attachment":"scroll","background-type":"","background-media":"","overlay-type":"","overlay-color":"","overlay-gradient":""},"mobile":{"background-color":"var(--ast-global-color-5)","background-image":"","background-repeat":"repeat","background-position":"center center","background-size":"auto","background-attachment":"scroll","background-type":"","background-media":"","overlay-type":"","overlay-color":"","overlay-gradient":""}},"footnotes":""},"class_list":["post-410","page","type-page","status-publish","hentry"],"yoast_head":"<!-- This site is optimized with the Yoast SEO plugin v21.5 - https:\/\/yoast.com\/wordpress\/plugins\/seo\/ -->\n<title>Cookies - AATV R\u00e9novation<\/title>\n<meta name=\"description\" content=\"Pour tout savoir en d\u00e9tail sur l&#039;utilisation des diff\u00e9rents cookies pendant votre navigation sur AATV R\u00e9novation !\" \/>\n<meta name=\"robots\" content=\"index, follow, max-snippet:-1, max-image-preview:large, max-video-preview:-1\" \/>\n<link rel=\"canonical\" href=\"http:\/\/aatv-renovation.fr\/index.php\/cookies\/\" \/>\n<meta property=\"og:locale\" content=\"en_US\" \/>\n<meta property=\"og:type\" content=\"article\" \/>\n<meta property=\"og:title\" content=\"Cookies - AATV R\u00e9novation\" \/>\n<meta property=\"og:description\" content=\"Pour tout savoir en d\u00e9tail sur l&#039;utilisation des diff\u00e9rents cookies pendant votre navigation sur AATV R\u00e9novation !\" \/>\n<meta property=\"og:url\" content=\"http:\/\/aatv-renovation.fr\/index.php\/cookies\/\" \/>\n<meta property=\"og:site_name\" content=\"AATV R\u00e9novation\" \/>\n<meta property=\"article:modified_time\" content=\"2023-11-09T15:52:20+00:00\" \/>\n<meta name=\"twitter:card\" content=\"summary_large_image\" \/>\n<meta name=\"twitter:label1\" content=\"Est. reading time\" \/>\n\t<meta name=\"twitter:data1\" content=\"4 minutes\" \/>\n<script type=\"application\/ld+json\" class=\"yoast-schema-graph\">{\"@context\":\"https:\/\/schema.org\",\"@graph\":[{\"@type\":\"WebPage\",\"@id\":\"http:\/\/aatv-renovation.fr\/index.php\/cookies\/\",\"url\":\"http:\/\/aatv-renovation.fr\/index.php\/cookies\/\",\"name\":\"Cookies - AATV R\u00e9novation\",\"isPartOf\":{\"@id\":\"http:\/\/aatv-renovation.fr\/#website\"},\"datePublished\":\"2023-11-09T15:12:10+00:00\",\"dateModified\":\"2023-11-09T15:52:20+00:00\",\"description\":\"Pour tout savoir en d\u00e9tail sur l'utilisation des diff\u00e9rents cookies pendant votre navigation sur AATV R\u00e9novation !\",\"breadcrumb\":{\"@id\":\"http:\/\/aatv-renovation.fr\/index.php\/cookies\/#breadcrumb\"},\"inLanguage\":\"en-US\",\"potentialAction\":[{\"@type\":\"ReadAction\",\"target\":[\"http:\/\/aatv-renovation.fr\/index.php\/cookies\/\"]}]},{\"@type\":\"BreadcrumbList\",\"@id\":\"http:\/\/aatv-renovation.fr\/index.php\/cookies\/#breadcrumb\",\"itemListElement\":[{\"@type\":\"ListItem\",\"position\":1,\"name\":\"Accueil\",\"item\":\"http:\/\/aatv-renovation.fr\/\"},{\"@type\":\"ListItem\",\"position\":2,\"name\":\"Cookies\"}]},{\"@type\":\"WebSite\",\"@id\":\"http:\/\/aatv-renovation.fr\/#website\",\"url\":\"http:\/\/aatv-renovation.fr\/\",\"name\":\"AATV RENOVATION\",\"description\":\"Une entreprise de r\u00e9novation, \u00e0 Lyon\",\"publisher\":{\"@id\":\"http:\/\/aatv-renovation.fr\/#organization\"},\"potentialAction\":[{\"@type\":\"SearchAction\",\"target\":{\"@type\":\"EntryPoint\",\"urlTemplate\":\"http:\/\/aatv-renovation.fr\/?s={search_term_string}\"},\"query-input\":\"required name=search_term_string\"}],\"inLanguage\":\"en-US\"},{\"@type\":\"Organization\",\"@id\":\"http:\/\/aatv-renovation.fr\/#organization\",\"name\":\"AATV RENOVATION\",\"url\":\"http:\/\/aatv-renovation.fr\/\",\"logo\":{\"@type\":\"ImageObject\",\"inLanguage\":\"en-US\",\"@id\":\"http:\/\/aatv-renovation.fr\/#\/schema\/logo\/image\/\",\"url\":\"http:\/\/aatv-renovation.fr\/wp-content\/uploads\/2023\/06\/LOGO_AATV_Vectorised-grand-format.png\",\"contentUrl\":\"http:\/\/aatv-renovation.fr\/wp-content\/uploads\/2023\/06\/LOGO_AATV_Vectorised-grand-format.png\",\"width\":1024,\"height\":868,\"caption\":\"AATV RENOVATION\"},\"image\":{\"@id\":\"http:\/\/aatv-renovation.fr\/#\/schema\/logo\/image\/\"}}]}<\/script>\n<!-- \/ Yoast SEO plugin. -->","yoast_head_json":{"title":"Cookies - AATV R\u00e9novation","description":"Pour tout savoir en d\u00e9tail sur l'utilisation des diff\u00e9rents cookies pendant votre navigation sur AATV R\u00e9novation !","robots":{"index":"index","follow":"follow","max-snippet":"max-snippet:-1","max-image-preview":"max-image-preview:large","max-video-preview":"max-video-preview:-1"},"canonical":"http:\/\/aatv-renovation.fr\/index.php\/cookies\/","og_locale":"en_US","og_type":"article","og_title":"Cookies - AATV R\u00e9novation","og_description":"Pour tout savoir en d\u00e9tail sur l'utilisation des diff\u00e9rents cookies pendant votre navigation sur AATV R\u00e9novation !","og_url":"http:\/\/aatv-renovation.fr\/index.php\/cookies\/","og_site_name":"AATV R\u00e9novation","article_modified_time":"2023-11-09T15:52:20+00:00","twitter_card":"summary_large_image","twitter_misc":{"Est. reading time":"4 minutes"},"schema":{"@context":"https:\/\/schema.org","@graph":[{"@type":"WebPage","@id":"http:\/\/aatv-renovation.fr\/index.php\/cookies\/","url":"http:\/\/aatv-renovation.fr\/index.php\/cookies\/","name":"Cookies - AATV R\u00e9novation","isPartOf":{"@id":"http:\/\/aatv-renovation.fr\/#website"},"datePublished":"2023-11-09T15:12:10+00:00","dateModified":"2023-11-09T15:52:20+00:00","description":"Pour tout savoir en d\u00e9tail sur l'utilisation des diff\u00e9rents cookies pendant votre navigation sur AATV R\u00e9novation !","breadcrumb":{"@id":"http:\/\/aatv-renovation.fr\/index.php\/cookies\/#breadcrumb"},"inLanguage":"en-US","potentialAction":[{"@type":"ReadAction","target":["http:\/\/aatv-renovation.fr\/index.php\/cookies\/"]}]},{"@type":"BreadcrumbList","@id":"http:\/\/aatv-renovation.fr\/index.php\/cookies\/#breadcrumb","itemListElement":[{"@type":"ListItem","position":1,"name":"Accueil","item":"http:\/\/aatv-renovation.fr\/"},{"@type":"ListItem","position":2,"name":"Cookies"}]},{"@type":"WebSite","@id":"http:\/\/aatv-renovation.fr\/#website","url":"http:\/\/aatv-renovation.fr\/","name":"AATV RENOVATION","description":"Une entreprise de r\u00e9novation, \u00e0 Lyon","publisher":{"@id":"http:\/\/aatv-renovation.fr\/#organization"},"potentialAction":[{"@type":"SearchAction","target":{"@type":"EntryPoint","urlTemplate":"http:\/\/aatv-renovation.fr\/?s={search_term_string}"},"query-input":"required name=search_term_string"}],"inLanguage":"en-US"},{"@type":"Organization","@id":"http:\/\/aatv-renovation.fr\/#organization","name":"AATV RENOVATION","url":"http:\/\/aatv-renovation.fr\/","logo":{"@type":"ImageObject","inLanguage":"en-US","@id":"http:\/\/aatv-renovation.fr\/#\/schema\/logo\/image\/","url":"http:\/\/aatv-renovation.fr\/wp-content\/uploads\/2023\/06\/LOGO_AATV_Vectorised-grand-format.png","contentUrl":"http:\/\/aatv-renovation.fr\/wp-content\/uploads\/2023\/06\/LOGO_AATV_Vectorised-grand-format.png","width":1024,"height":868,"caption":"AATV RENOVATION"},"image":{"@id":"http:\/\/aatv-renovation.fr\/#\/schema\/logo\/image\/"}}]}},"jetpack_sharing_enabled":true,"_links":{"self":[{"href":"http:\/\/aatv-renovation.fr\/index.php\/wp-json\/wp\/v2\/pages\/410","targetHints":{"allow":["GET"]}}],"collection":[{"href":"http:\/\/aatv-renovation.fr\/index.php\/wp-json\/wp\/v2\/pages"}],"about":[{"href":"http:\/\/aatv-renovation.fr\/index.php\/wp-json\/wp\/v2\/types\/page"}],"author":[{"embeddable":true,"href":"http:\/\/aatv-renovation.fr\/index.php\/wp-json\/wp\/v2\/users\/1"}],"replies":[{"embeddable":true,"href":"http:\/\/aatv-renovation.fr\/index.php\/wp-json\/wp\/v2\/comments?post=410"}],"version-history":[{"count":3,"href":"http:\/\/aatv-renovation.fr\/index.php\/wp-json\/wp\/v2\/pages\/410\/revisions"}],"predecessor-version":[{"id":437,"href":"http:\/\/aatv-renovation.fr\/index.php\/wp-json\/wp\/v2\/pages\/410\/revisions\/437"}],"wp:attachment":[{"href":"http:\/\/aatv-renovation.fr\/index.php\/wp-json\/wp\/v2\/media?parent=410"}],"curies":[{"name":"wp","href":"https:\/\/api.w.org\/{rel}","templated":true}]}}