{"id":86,"date":"2023-10-24T16:40:59","date_gmt":"2023-10-24T14:40:59","guid":{"rendered":"http:\/\/aatv-renovation.fr\/?page_id=86"},"modified":"2023-11-03T16:32:56","modified_gmt":"2023-11-03T15:32:56","slug":"demolition-debarrassage","status":"publish","type":"page","link":"http:\/\/aatv-renovation.fr\/index.php\/travaux-interieurs\/demolition-debarrassage\/","title":{"rendered":"D\u00e9molition et D\u00e9barassage"},"content":{"rendered":"\n<div class=\"wp-block-group is-layout-constrained wp-block-group-is-layout-constrained\">\n<hr class=\"wp-block-separator has-text-color has-custom-color-1-color has-alpha-channel-opacity has-custom-color-1-background-color has-background is-style-wide\"\/>\n\n\n\n<h2 class=\"wp-block-heading\">Une entreprise de d\u00e9molition avec des artisans professionnels \u00e0 Lyon<\/h2>\n\n\n\n<div class=\"wp-block-buttons is-layout-flex wp-block-buttons-is-layout-flex\">\n<div class=\"wp-block-button\"><a class=\"wp-block-button__link has-custom-color-3-color has-custom-color-1-background-color has-text-color has-background wp-element-button\" href=\"http:\/\/aatv-renovation.fr\/index.php\/travaux-interieurs\/revetements-de-sol\/\">NOUS POSONS AUSSI VOS SOLS<\/a><\/div>\n<\/div>\n\n\n\n<figure class=\"wp-block-image aligncenter size-full\"><img loading=\"lazy\" decoding=\"async\" width=\"153\" height=\"50\" src=\"http:\/\/aatv-renovation.fr\/wp-content\/uploads\/2023\/10\/icon-group.png\" alt=\"\" class=\"wp-image-220\" srcset=\"http:\/\/aatv-renovation.fr\/wp-content\/uploads\/2023\/10\/icon-group.png 153w, http:\/\/aatv-renovation.fr\/wp-content\/uploads\/2023\/10\/icon-group-150x50.png 150w\" sizes=\"auto, (max-width: 153px) 100vw, 153px\" \/><\/figure>\n\n\n\n<p class=\"has-text-align-center\">Notre \u00e9quipe est op\u00e9rationnelle,&nbsp;<strong>du lundi au vendredi<\/strong>&nbsp;afin de vous proposer ses services en mati\u00e8re de d\u00e9molition de vos murs\/cloisons. Nous nous occupons \u00e9galement de&nbsp;<strong>l\u2019\u00e9vacuation de vos gravas.<\/strong>&nbsp;Ce service de d\u00e9molition et d\u00e9barrassage est propos\u00e9 \u00e0 toute personne \/ client souhaitant d\u00e9molir quelque chose chez lui et recherchant un travail professionnel. Nous op\u00e9rons toujours apr\u00e8s avoir r\u00e9alis\u00e9 une analyse en profondeur afin de nous assurer de la stabilit\u00e9 de votre immeuble et de pr\u00e9server vos murs porteurs.<\/p>\n\n\n\n<div class=\"wp-block-media-text is-stacked-on-mobile\"><figure class=\"wp-block-media-text__media\"><img loading=\"lazy\" decoding=\"async\" width=\"960\" height=\"720\" src=\"http:\/\/aatv-renovation.fr\/wp-content\/uploads\/2023\/10\/IMG_1885a131.jpg\" alt=\"\" class=\"wp-image-221 size-full\" srcset=\"http:\/\/aatv-renovation.fr\/wp-content\/uploads\/2023\/10\/IMG_1885a131.jpg 960w, http:\/\/aatv-renovation.fr\/wp-content\/uploads\/2023\/10\/IMG_1885a131-300x225.jpg 300w, http:\/\/aatv-renovation.fr\/wp-content\/uploads\/2023\/10\/IMG_1885a131-768x576.jpg 768w\" sizes=\"auto, (max-width: 960px) 100vw, 960px\" \/><\/figure><div class=\"wp-block-media-text__content\">\n<h4 class=\"wp-block-heading\">La d\u00e9molition, une \u00e9tape \u00e0 r\u00e9aliser avec pr\u00e9caution<\/h4>\n\n\n\n<p class=\"has-medium-font-size\">Toute cloison peut tomber afin de\u00a0<a href=\"http:\/\/aatv-renovation.fr\/index.php\/travaux-interieurs\/amenagements-sur-mesure\/\">r\u00e9am\u00e9nager l\u2019espace<\/a>\u00a0pour cr\u00e9er un logement moderne, id\u00e9al pour une personne seule ou un couple.<br>Afin d\u2019\u00e9largir une pi\u00e8ce et d\u2019ouvrir un espace pour accueillir plus de luminosit\u00e9, nous nous occupons de cette \u00e9tape importante et d\u00e9licate, \u00e0 r\u00e9aliser \u00e0 l\u2019aide de professionnels exp\u00e9riment\u00e9s, afin de maintenir votre habitation en parfait \u00e9tat.<br>Nous op\u00e9rons toujours en planifiant m\u00e9ticuleusement le mur\/cloison \u00e0 d\u00e9molir et proc\u00e9dons par \u00e9tape. Nos \u00e9quipes sont des professionnels agissant en concordance avec les derni\u00e8res normes de s\u00e9curit\u00e9 en vigueur, en utilisant casques, lunettes, masques, gants et chaussures de s\u00e9curit\u00e9.<\/p>\n\n\n\n<div class=\"wp-block-buttons is-layout-flex wp-block-buttons-is-layout-flex\">\n<div class=\"wp-block-button\"><a class=\"wp-block-button__link wp-element-button\" href=\"http:\/\/aatv-renovation.fr\/index.php\/l-entreprise\/nos-realisations\/\">d\u00e9couvrez nos am\u00e9nagements sur-mesure<\/a><\/div>\n<\/div>\n\n\n\n<figure class=\"wp-block-image alignright size-full\"><img loading=\"lazy\" decoding=\"async\" width=\"50\" height=\"50\" src=\"http:\/\/aatv-renovation.fr\/wp-content\/uploads\/2023\/10\/icon-1-50x50-1.png\" alt=\"\" class=\"wp-image-120\"\/><\/figure>\n<\/div><\/div>\n\n\n\n<div class=\"wp-block-media-text has-media-on-the-right is-stacked-on-mobile\"><div class=\"wp-block-media-text__content\">\n<h4 class=\"wp-block-heading\">Les b\u00e9n\u00e9fices \u00e0 abattre une cloison<\/h4>\n\n\n\n<p class=\"has-medium-font-size\">Il y a souvent de nombreux b\u00e9n\u00e9fices \u00e0 d\u00e9cloisonner un espace. Vous pouvez agrandir des pi\u00e8ces devenues trop petites ou cr\u00e9er une\u00a0<a href=\"http:\/\/aatv-renovation.fr\/index.php\/projets-de-renovation\/cuisine\/\">cuisine ouverte<\/a>, par exemple. Mais les avantages ne se limitent pas \u00e0 ces seuls exemples. Transformer\u00a0<strong>une petite chambre en alc\u00f4ve<\/strong>\u00a0ou faire entrer plus de lumi\u00e8re sont \u00e9galement des atouts ind\u00e9niables pour votre appartement. Nos \u00e9quipes qualifi\u00e9es et exp\u00e9riment\u00e9es sont \u00e0 votre \u00e9coute afin de r\u00e9pondre \u00e0 vos attentes, dans les plus brefs d\u00e9lais. Nous nous adaptons \u00e0 tout type de situation, aussi, nous vous conseillons de contacter notre service client afin de pouvoir vous conseiller efficacement. Demandez votre devis gratuit d\u00e8s maintenant.<\/p>\n\n\n\n<figure class=\"wp-block-image alignright size-full\"><img loading=\"lazy\" decoding=\"async\" width=\"50\" height=\"50\" src=\"http:\/\/aatv-renovation.fr\/wp-content\/uploads\/2023\/09\/icon-3-50x50-1.png\" alt=\"\" class=\"wp-image-114\"\/><\/figure>\n<\/div><figure class=\"wp-block-media-text__media\"><img loading=\"lazy\" decoding=\"async\" width=\"960\" height=\"952\" src=\"http:\/\/aatv-renovation.fr\/wp-content\/uploads\/2023\/10\/IMG_1884484d.jpg\" alt=\"\" class=\"wp-image-224 size-full\" srcset=\"http:\/\/aatv-renovation.fr\/wp-content\/uploads\/2023\/10\/IMG_1884484d.jpg 960w, http:\/\/aatv-renovation.fr\/wp-content\/uploads\/2023\/10\/IMG_1884484d-300x298.jpg 300w, http:\/\/aatv-renovation.fr\/wp-content\/uploads\/2023\/10\/IMG_1884484d-150x150.jpg 150w, http:\/\/aatv-renovation.fr\/wp-content\/uploads\/2023\/10\/IMG_1884484d-768x762.jpg 768w, http:\/\/aatv-renovation.fr\/wp-content\/uploads\/2023\/10\/IMG_1884484d-771x765.jpg 771w\" sizes=\"auto, (max-width: 960px) 100vw, 960px\" \/><\/figure><\/div>\n\n\n\n<hr class=\"wp-block-separator has-text-color has-custom-color-1-color has-alpha-channel-opacity has-custom-color-1-background-color has-background is-style-wide\"\/>\n\n\n\n<div class=\"wp-block-group has-background is-layout-constrained wp-block-group-is-layout-constrained\" style=\"background-color:#e8f5f9\">\n<figure class=\"wp-block-image aligncenter size-full\"><img loading=\"lazy\" decoding=\"async\" width=\"168\" height=\"80\" src=\"http:\/\/aatv-renovation.fr\/wp-content\/uploads\/2023\/09\/contact-icon.png\" alt=\"\" class=\"wp-image-115\"\/><\/figure>\n\n\n\n<p class=\"has-text-align-center\">Notre soci\u00e9t\u00e9 assure la d\u00e9molition et l\u2019\u00e9vacuation de vos cloisons.<\/p>\n\n\n\n<div class=\"wp-block-buttons is-content-justification-center is-layout-flex wp-container-core-buttons-is-layout-a89b3969 wp-block-buttons-is-layout-flex\">\n<div class=\"wp-block-button\"><a class=\"wp-block-button__link has-custom-color-3-color has-custom-color-1-background-color has-text-color has-background wp-element-button\" href=\"https:\/\/www.pagesjaunes.fr\/pros\/52085801\">CONTACTEZ-NOUS<\/a><\/div>\n<\/div>\n<\/div>\n\n\n\n<div style=\"height:53px\" aria-hidden=\"true\" class=\"wp-block-spacer\"><\/div>\n<\/div>\n","protected":false},"excerpt":{"rendered":"<p>Une entreprise de d\u00e9molition avec des artisans professionnels \u00e0 Lyon Notre \u00e9quipe est op\u00e9rationnelle,&nbsp;du lundi au vendredi&nbsp;afin de vous proposer ses services en mati\u00e8re de d\u00e9molition de vos murs\/cloisons. Nous nous occupons \u00e9galement de&nbsp;l\u2019\u00e9vacuation de vos gravas.&nbsp;Ce service de d\u00e9molition et d\u00e9barrassage est propos\u00e9 \u00e0 toute personne \/ client souhaitant d\u00e9molir quelque chose chez lui &hellip;<\/p>\n<p class=\"read-more\"> <a class=\"\" href=\"http:\/\/aatv-renovation.fr\/index.php\/travaux-interieurs\/demolition-debarrassage\/\"> <span class=\"screen-reader-text\">D\u00e9molition et D\u00e9barassage<\/span> Read More &raquo;<\/a><\/p>\n","protected":false},"author":1,"featured_media":0,"parent":78,"menu_order":1,"comment_status":"closed","ping_status":"closed","template":"","meta":{"_coblocks_attr":"","_coblocks_dimensions":"","_coblocks_responsive_height":"","_coblocks_accordion_ie_support":"","site-sidebar-layout":"default","site-content-layout":"","ast-site-content-layout":"","site-content-style":"default","site-sidebar-style":"default","ast-global-header-display":"","ast-banner-title-visibility":"","ast-main-header-display":"","ast-hfb-above-header-display":"","ast-hfb-below-header-display":"","ast-hfb-mobile-header-display":"","site-post-title":"","ast-breadcrumbs-content":"","ast-featured-img":"","footer-sml-layout":"","theme-transparent-header-meta":"","adv-header-id-meta":"","stick-header-meta":"","header-above-stick-meta":"","header-main-stick-meta":"","header-below-stick-meta":"","astra-migrate-meta-layouts":"","ast-page-background-enabled":"default","ast-page-background-meta":{"desktop":{"background-color":"var(--ast-global-color-4)","background-image":"","background-repeat":"repeat","background-position":"center center","background-size":"auto","background-attachment":"scroll","background-type":"","background-media":"","overlay-type":"","overlay-color":"","overlay-gradient":""},"tablet":{"background-color":"","background-image":"","background-repeat":"repeat","background-position":"center center","background-size":"auto","background-attachment":"scroll","background-type":"","background-media":"","overlay-type":"","overlay-color":"","overlay-gradient":""},"mobile":{"background-color":"","background-image":"","background-repeat":"repeat","background-position":"center center","background-size":"auto","background-attachment":"scroll","background-type":"","background-media":"","overlay-type":"","overlay-color":"","overlay-gradient":""}},"ast-content-background-meta":{"desktop":{"background-color":"var(--ast-global-color-5)","background-image":"","background-repeat":"repeat","background-position":"center center","background-size":"auto","background-attachment":"scroll","background-type":"","background-media":"","overlay-type":"","overlay-color":"","overlay-gradient":""},"tablet":{"background-color":"var(--ast-global-color-5)","background-image":"","background-repeat":"repeat","background-position":"center center","background-size":"auto","background-attachment":"scroll","background-type":"","background-media":"","overlay-type":"","overlay-color":"","overlay-gradient":""},"mobile":{"background-color":"var(--ast-global-color-5)","background-image":"","background-repeat":"repeat","background-position":"center center","background-size":"auto","background-attachment":"scroll","background-type":"","background-media":"","overlay-type":"","overlay-color":"","overlay-gradient":""}},"footnotes":""},"class_list":["post-86","page","type-page","status-publish","hentry"],"yoast_head":"<!-- This site is optimized with the Yoast SEO plugin v21.5 - https:\/\/yoast.com\/wordpress\/plugins\/seo\/ -->\n<title>D\u00e9molition et D\u00e9barassage - AATV R\u00e9novation<\/title>\n<meta name=\"description\" content=\"Une entreprise de d\u00e9molition avec des artisans professionnels \u00e0 Lyon\" \/>\n<meta name=\"robots\" content=\"index, follow, max-snippet:-1, max-image-preview:large, max-video-preview:-1\" \/>\n<link rel=\"canonical\" href=\"http:\/\/aatv-renovation.fr\/index.php\/travaux-interieurs\/demolition-debarrassage\/\" \/>\n<meta property=\"og:locale\" content=\"en_US\" \/>\n<meta property=\"og:type\" content=\"article\" \/>\n<meta property=\"og:title\" content=\"D\u00e9molition et D\u00e9barassage - AATV R\u00e9novation\" \/>\n<meta property=\"og:description\" content=\"Une entreprise de d\u00e9molition avec des artisans professionnels \u00e0 Lyon\" \/>\n<meta property=\"og:url\" content=\"http:\/\/aatv-renovation.fr\/index.php\/travaux-interieurs\/demolition-debarrassage\/\" \/>\n<meta property=\"og:site_name\" content=\"AATV R\u00e9novation\" \/>\n<meta property=\"article:modified_time\" content=\"2023-11-03T15:32:56+00:00\" \/>\n<meta property=\"og:image\" content=\"http:\/\/aatv-renovation.fr\/wp-content\/uploads\/2023\/10\/icon-group.png\" \/>\n<meta name=\"twitter:card\" content=\"summary_large_image\" \/>\n<meta name=\"twitter:label1\" content=\"Est. reading time\" \/>\n\t<meta name=\"twitter:data1\" content=\"3 minutes\" \/>\n<script type=\"application\/ld+json\" class=\"yoast-schema-graph\">{\"@context\":\"https:\/\/schema.org\",\"@graph\":[{\"@type\":\"WebPage\",\"@id\":\"http:\/\/aatv-renovation.fr\/index.php\/travaux-interieurs\/demolition-debarrassage\/\",\"url\":\"http:\/\/aatv-renovation.fr\/index.php\/travaux-interieurs\/demolition-debarrassage\/\",\"name\":\"D\u00e9molition et D\u00e9barassage - AATV R\u00e9novation\",\"isPartOf\":{\"@id\":\"http:\/\/aatv-renovation.fr\/#website\"},\"datePublished\":\"2023-10-24T14:40:59+00:00\",\"dateModified\":\"2023-11-03T15:32:56+00:00\",\"description\":\"Une entreprise de d\u00e9molition avec des artisans professionnels \u00e0 Lyon\",\"breadcrumb\":{\"@id\":\"http:\/\/aatv-renovation.fr\/index.php\/travaux-interieurs\/demolition-debarrassage\/#breadcrumb\"},\"inLanguage\":\"en-US\",\"potentialAction\":[{\"@type\":\"ReadAction\",\"target\":[\"http:\/\/aatv-renovation.fr\/index.php\/travaux-interieurs\/demolition-debarrassage\/\"]}]},{\"@type\":\"BreadcrumbList\",\"@id\":\"http:\/\/aatv-renovation.fr\/index.php\/travaux-interieurs\/demolition-debarrassage\/#breadcrumb\",\"itemListElement\":[{\"@type\":\"ListItem\",\"position\":1,\"name\":\"Accueil\",\"item\":\"http:\/\/aatv-renovation.fr\/\"},{\"@type\":\"ListItem\",\"position\":2,\"name\":\"Travaux int\u00e9rieurs\",\"item\":\"http:\/\/aatv-renovation.fr\/index.php\/travaux-interieurs\/\"},{\"@type\":\"ListItem\",\"position\":3,\"name\":\"D\u00e9molition et D\u00e9barassage\"}]},{\"@type\":\"WebSite\",\"@id\":\"http:\/\/aatv-renovation.fr\/#website\",\"url\":\"http:\/\/aatv-renovation.fr\/\",\"name\":\"AATV RENOVATION\",\"description\":\"Une entreprise de r\u00e9novation, \u00e0 Lyon\",\"publisher\":{\"@id\":\"http:\/\/aatv-renovation.fr\/#organization\"},\"potentialAction\":[{\"@type\":\"SearchAction\",\"target\":{\"@type\":\"EntryPoint\",\"urlTemplate\":\"http:\/\/aatv-renovation.fr\/?s={search_term_string}\"},\"query-input\":\"required name=search_term_string\"}],\"inLanguage\":\"en-US\"},{\"@type\":\"Organization\",\"@id\":\"http:\/\/aatv-renovation.fr\/#organization\",\"name\":\"AATV RENOVATION\",\"url\":\"http:\/\/aatv-renovation.fr\/\",\"logo\":{\"@type\":\"ImageObject\",\"inLanguage\":\"en-US\",\"@id\":\"http:\/\/aatv-renovation.fr\/#\/schema\/logo\/image\/\",\"url\":\"http:\/\/aatv-renovation.fr\/wp-content\/uploads\/2023\/06\/LOGO_AATV_Vectorised-grand-format.png\",\"contentUrl\":\"http:\/\/aatv-renovation.fr\/wp-content\/uploads\/2023\/06\/LOGO_AATV_Vectorised-grand-format.png\",\"width\":1024,\"height\":868,\"caption\":\"AATV RENOVATION\"},\"image\":{\"@id\":\"http:\/\/aatv-renovation.fr\/#\/schema\/logo\/image\/\"}}]}<\/script>\n<!-- \/ Yoast SEO plugin. -->","yoast_head_json":{"title":"D\u00e9molition et D\u00e9barassage - AATV R\u00e9novation","description":"Une entreprise de d\u00e9molition avec des artisans professionnels \u00e0 Lyon","robots":{"index":"index","follow":"follow","max-snippet":"max-snippet:-1","max-image-preview":"max-image-preview:large","max-video-preview":"max-video-preview:-1"},"canonical":"http:\/\/aatv-renovation.fr\/index.php\/travaux-interieurs\/demolition-debarrassage\/","og_locale":"en_US","og_type":"article","og_title":"D\u00e9molition et D\u00e9barassage - AATV R\u00e9novation","og_description":"Une entreprise de d\u00e9molition avec des artisans professionnels \u00e0 Lyon","og_url":"http:\/\/aatv-renovation.fr\/index.php\/travaux-interieurs\/demolition-debarrassage\/","og_site_name":"AATV R\u00e9novation","article_modified_time":"2023-11-03T15:32:56+00:00","og_image":[{"url":"http:\/\/aatv-renovation.fr\/wp-content\/uploads\/2023\/10\/icon-group.png"}],"twitter_card":"summary_large_image","twitter_misc":{"Est. reading time":"3 minutes"},"schema":{"@context":"https:\/\/schema.org","@graph":[{"@type":"WebPage","@id":"http:\/\/aatv-renovation.fr\/index.php\/travaux-interieurs\/demolition-debarrassage\/","url":"http:\/\/aatv-renovation.fr\/index.php\/travaux-interieurs\/demolition-debarrassage\/","name":"D\u00e9molition et D\u00e9barassage - AATV R\u00e9novation","isPartOf":{"@id":"http:\/\/aatv-renovation.fr\/#website"},"datePublished":"2023-10-24T14:40:59+00:00","dateModified":"2023-11-03T15:32:56+00:00","description":"Une entreprise de d\u00e9molition avec des artisans professionnels \u00e0 Lyon","breadcrumb":{"@id":"http:\/\/aatv-renovation.fr\/index.php\/travaux-interieurs\/demolition-debarrassage\/#breadcrumb"},"inLanguage":"en-US","potentialAction":[{"@type":"ReadAction","target":["http:\/\/aatv-renovation.fr\/index.php\/travaux-interieurs\/demolition-debarrassage\/"]}]},{"@type":"BreadcrumbList","@id":"http:\/\/aatv-renovation.fr\/index.php\/travaux-interieurs\/demolition-debarrassage\/#breadcrumb","itemListElement":[{"@type":"ListItem","position":1,"name":"Accueil","item":"http:\/\/aatv-renovation.fr\/"},{"@type":"ListItem","position":2,"name":"Travaux int\u00e9rieurs","item":"http:\/\/aatv-renovation.fr\/index.php\/travaux-interieurs\/"},{"@type":"ListItem","position":3,"name":"D\u00e9molition et D\u00e9barassage"}]},{"@type":"WebSite","@id":"http:\/\/aatv-renovation.fr\/#website","url":"http:\/\/aatv-renovation.fr\/","name":"AATV RENOVATION","description":"Une entreprise de r\u00e9novation, \u00e0 Lyon","publisher":{"@id":"http:\/\/aatv-renovation.fr\/#organization"},"potentialAction":[{"@type":"SearchAction","target":{"@type":"EntryPoint","urlTemplate":"http:\/\/aatv-renovation.fr\/?s={search_term_string}"},"query-input":"required name=search_term_string"}],"inLanguage":"en-US"},{"@type":"Organization","@id":"http:\/\/aatv-renovation.fr\/#organization","name":"AATV RENOVATION","url":"http:\/\/aatv-renovation.fr\/","logo":{"@type":"ImageObject","inLanguage":"en-US","@id":"http:\/\/aatv-renovation.fr\/#\/schema\/logo\/image\/","url":"http:\/\/aatv-renovation.fr\/wp-content\/uploads\/2023\/06\/LOGO_AATV_Vectorised-grand-format.png","contentUrl":"http:\/\/aatv-renovation.fr\/wp-content\/uploads\/2023\/06\/LOGO_AATV_Vectorised-grand-format.png","width":1024,"height":868,"caption":"AATV RENOVATION"},"image":{"@id":"http:\/\/aatv-renovation.fr\/#\/schema\/logo\/image\/"}}]}},"jetpack_sharing_enabled":true,"_links":{"self":[{"href":"http:\/\/aatv-renovation.fr\/index.php\/wp-json\/wp\/v2\/pages\/86","targetHints":{"allow":["GET"]}}],"collection":[{"href":"http:\/\/aatv-renovation.fr\/index.php\/wp-json\/wp\/v2\/pages"}],"about":[{"href":"http:\/\/aatv-renovation.fr\/index.php\/wp-json\/wp\/v2\/types\/page"}],"author":[{"embeddable":true,"href":"http:\/\/aatv-renovation.fr\/index.php\/wp-json\/wp\/v2\/users\/1"}],"replies":[{"embeddable":true,"href":"http:\/\/aatv-renovation.fr\/index.php\/wp-json\/wp\/v2\/comments?post=86"}],"version-history":[{"count":8,"href":"http:\/\/aatv-renovation.fr\/index.php\/wp-json\/wp\/v2\/pages\/86\/revisions"}],"predecessor-version":[{"id":363,"href":"http:\/\/aatv-renovation.fr\/index.php\/wp-json\/wp\/v2\/pages\/86\/revisions\/363"}],"up":[{"embeddable":true,"href":"http:\/\/aatv-renovation.fr\/index.php\/wp-json\/wp\/v2\/pages\/78"}],"wp:attachment":[{"href":"http:\/\/aatv-renovation.fr\/index.php\/wp-json\/wp\/v2\/media?parent=86"}],"curies":[{"name":"wp","href":"https:\/\/api.w.org\/{rel}","templated":true}]}}